{"id":8355,"date":"2016-09-09T13:26:16","date_gmt":"2016-09-09T13:26:16","guid":{"rendered":"http:\/\/www.muntdemots.org\/2016\/?page_id=8355"},"modified":"2016-09-09T13:26:16","modified_gmt":"2016-09-09T13:26:16","slug":"rosa-pinyol-catalunya","status":"publish","type":"page","link":"http:\/\/www.muntdemots.org\/2016\/participants\/rosa-pinyol-catalunya\/","title":{"rendered":"Rosa Pinyol (Catalunya)"},"content":{"rendered":"<p><img decoding=\"async\" loading=\"lazy\" class=\"alignright size-medium wp-image-8302\" src=\"http:\/\/www.muntdemots.org\/2016\/wp-content\/uploads\/2016\/09\/20-300x251.png\" alt=\"20\" width=\"300\" height=\"251\" srcset=\"http:\/\/www.muntdemots.org\/2016\/wp-content\/uploads\/2016\/09\/20-300x251.png 300w, http:\/\/www.muntdemots.org\/2016\/wp-content\/uploads\/2016\/09\/20-768x644.png 768w, http:\/\/www.muntdemots.org\/2016\/wp-content\/uploads\/2016\/09\/20.png 940w\" sizes=\"(max-width: 300px) 100vw, 300px\" \/>Si dic que s\u00f3c d\u2019aqu\u00ed, d\u2019una fam\u00edlia gran i d\u2019un altre mil\u00b7lenni, dic veritat. Si dic que he treballat en sectors tan dispars com el t\u00e8xtil i les arts gr\u00e0fiques, tamb\u00e9 \u00e9s cert. Per\u00f2 el que m\u00e9s m\u2019agrada dir \u00e9s que s\u00f3c a les beceroles d\u2019un art tan antic com l\u00fadic i que m\u2019he reinventat explicant contes. Si, senyors, tota una bogeria&#8230; que atrapa, i com!!! I quan ho proves, ja no ho pots deixar&#8230;<\/p>\n<p>M\u2019engresca fer viure els contes, per compartir i emocionar&#8230; Per saber-ne m\u00e9s, consulteu el bloc: m\u00e9s i m\u00e9s contes<\/p>\n<p>http:\/\/rosapinyol.wordpress.com<\/p>\n<p>&nbsp;<\/p>\n<p><strong><u>DIMARTS 18<\/u><\/strong><\/p>\n<p><strong>LA MASOVERA SE\u2019N VA AL MERCAT <\/strong><\/p>\n<p><strong>Rosa Pinyol (Catalunya) <\/strong><\/p>\n<p>Triat i remenat, hem descobert que dins la can\u00e7\u00f3 de la masovera s\u2019hi amaguen tot de contes i m\u00e9s can\u00e7ons. No t\u2019ho perdis, \u00e9s molt emocionant!!!<\/p>\n<p><strong>Infantil \/ Catal\u00e0<\/strong><br \/>\nH<strong>ora: 17.30h<\/strong><br \/>\n<strong>BIBLIOTECA JOSEP SOLER VIDAL (GAV\u00c0)<\/strong><br \/>\n<strong>Activitat gratu\u00efta <\/strong><\/p>\n","protected":false},"excerpt":{"rendered":"<p>Si dic que s\u00f3c d\u2019aqu\u00ed, d\u2019una fam\u00edlia gran i d\u2019un altre mil\u00b7lenni, dic veritat. Si dic que he treballat en sectors tan dispars com el t\u00e8xtil i les arts gr\u00e0fiques, tamb\u00e9 \u00e9s cert. Per\u00f2 el que m\u00e9s m\u2019agrada dir \u00e9s que s\u00f3c a les beceroles d\u2019un art tan antic com l\u00fadic i que m\u2019he reinventat [&hellip;]<\/p>\n","protected":false},"author":1,"featured_media":0,"parent":4,"menu_order":0,"comment_status":"closed","ping_status":"closed","template":"","meta":{"_mi_skip_tracking":false},"yoast_head":"<!-- This site is optimized with the Yoast SEO plugin v20.5 - https:\/\/yoast.com\/wordpress\/plugins\/seo\/ -->\n<title>Rosa Pinyol (Catalunya) - Munt de Mots<\/title>\n<meta name=\"robots\" content=\"index, follow, max-snippet:-1, max-image-preview:large, max-video-preview:-1\" \/>\n<link rel=\"canonical\" href=\"http:\/\/www.muntdemots.org\/2016\/participants\/rosa-pinyol-catalunya\/\" \/>\n<meta property=\"og:locale\" content=\"ca_ES\" \/>\n<meta property=\"og:type\" content=\"article\" \/>\n<meta property=\"og:title\" content=\"Rosa Pinyol (Catalunya) - Munt de Mots\" \/>\n<meta property=\"og:description\" content=\"Si dic que s\u00f3c d\u2019aqu\u00ed, d\u2019una fam\u00edlia gran i d\u2019un altre mil\u00b7lenni, dic veritat. Si dic que he treballat en sectors tan dispars com el t\u00e8xtil i les arts gr\u00e0fiques, tamb\u00e9 \u00e9s cert. Per\u00f2 el que m\u00e9s m\u2019agrada dir \u00e9s que s\u00f3c a les beceroles d\u2019un art tan antic com l\u00fadic i que m\u2019he reinventat [&hellip;]\" \/>\n<meta property=\"og:url\" content=\"http:\/\/www.muntdemots.org\/2016\/participants\/rosa-pinyol-catalunya\/\" \/>\n<meta property=\"og:site_name\" content=\"Munt de Mots\" \/>\n<meta property=\"article:publisher\" content=\"https:\/\/www.facebook.com\/FestivalMuntdeMots\" \/>\n<meta property=\"og:image\" content=\"http:\/\/www.muntdemots.org\/2016\/wp-content\/uploads\/2016\/09\/20-300x251.png\" \/>\n<meta name=\"twitter:card\" content=\"summary_large_image\" \/>\n<meta name=\"twitter:site\" content=\"@muntdemots\" \/>\n<meta name=\"twitter:label1\" content=\"Temps estimat de lectura\" \/>\n\t<meta name=\"twitter:data1\" content=\"1 minut\" \/>\n<script type=\"application\/ld+json\" class=\"yoast-schema-graph\">{\"@context\":\"https:\/\/schema.org\",\"@graph\":[{\"@type\":\"WebPage\",\"@id\":\"http:\/\/www.muntdemots.org\/2016\/participants\/rosa-pinyol-catalunya\/\",\"url\":\"http:\/\/www.muntdemots.org\/2016\/participants\/rosa-pinyol-catalunya\/\",\"name\":\"Rosa Pinyol (Catalunya) - Munt de Mots\",\"isPartOf\":{\"@id\":\"https:\/\/www.muntdemots.org\/2016\/#website\"},\"datePublished\":\"2016-09-09T13:26:16+00:00\",\"dateModified\":\"2016-09-09T13:26:16+00:00\",\"breadcrumb\":{\"@id\":\"http:\/\/www.muntdemots.org\/2016\/participants\/rosa-pinyol-catalunya\/#breadcrumb\"},\"inLanguage\":\"ca\",\"potentialAction\":[{\"@type\":\"ReadAction\",\"target\":[\"http:\/\/www.muntdemots.org\/2016\/participants\/rosa-pinyol-catalunya\/\"]}]},{\"@type\":\"BreadcrumbList\",\"@id\":\"http:\/\/www.muntdemots.org\/2016\/participants\/rosa-pinyol-catalunya\/#breadcrumb\",\"itemListElement\":[{\"@type\":\"ListItem\",\"position\":1,\"name\":\"Inici\",\"item\":\"https:\/\/www.muntdemots.org\/2016\/\"},{\"@type\":\"ListItem\",\"position\":2,\"name\":\"Participants\",\"item\":\"http:\/\/www.muntdemots.org\/2016\/participants\/\"},{\"@type\":\"ListItem\",\"position\":3,\"name\":\"Rosa Pinyol (Catalunya)\"}]},{\"@type\":\"WebSite\",\"@id\":\"https:\/\/www.muntdemots.org\/2016\/#website\",\"url\":\"https:\/\/www.muntdemots.org\/2016\/\",\"name\":\"Munt de Mots\",\"description\":\"\",\"potentialAction\":[{\"@type\":\"SearchAction\",\"target\":{\"@type\":\"EntryPoint\",\"urlTemplate\":\"https:\/\/www.muntdemots.org\/2016\/?s={search_term_string}\"},\"query-input\":\"required name=search_term_string\"}],\"inLanguage\":\"ca\"}]}<\/script>\n<!-- \/ Yoast SEO plugin. -->","yoast_head_json":{"title":"Rosa Pinyol (Catalunya) - Munt de Mots","robots":{"index":"index","follow":"follow","max-snippet":"max-snippet:-1","max-image-preview":"max-image-preview:large","max-video-preview":"max-video-preview:-1"},"canonical":"http:\/\/www.muntdemots.org\/2016\/participants\/rosa-pinyol-catalunya\/","og_locale":"ca_ES","og_type":"article","og_title":"Rosa Pinyol (Catalunya) - Munt de Mots","og_description":"Si dic que s\u00f3c d\u2019aqu\u00ed, d\u2019una fam\u00edlia gran i d\u2019un altre mil\u00b7lenni, dic veritat. Si dic que he treballat en sectors tan dispars com el t\u00e8xtil i les arts gr\u00e0fiques, tamb\u00e9 \u00e9s cert. Per\u00f2 el que m\u00e9s m\u2019agrada dir \u00e9s que s\u00f3c a les beceroles d\u2019un art tan antic com l\u00fadic i que m\u2019he reinventat [&hellip;]","og_url":"http:\/\/www.muntdemots.org\/2016\/participants\/rosa-pinyol-catalunya\/","og_site_name":"Munt de Mots","article_publisher":"https:\/\/www.facebook.com\/FestivalMuntdeMots","og_image":[{"url":"http:\/\/www.muntdemots.org\/2016\/wp-content\/uploads\/2016\/09\/20-300x251.png"}],"twitter_card":"summary_large_image","twitter_site":"@muntdemots","twitter_misc":{"Temps estimat de lectura":"1 minut"},"schema":{"@context":"https:\/\/schema.org","@graph":[{"@type":"WebPage","@id":"http:\/\/www.muntdemots.org\/2016\/participants\/rosa-pinyol-catalunya\/","url":"http:\/\/www.muntdemots.org\/2016\/participants\/rosa-pinyol-catalunya\/","name":"Rosa Pinyol (Catalunya) - Munt de Mots","isPartOf":{"@id":"https:\/\/www.muntdemots.org\/2016\/#website"},"datePublished":"2016-09-09T13:26:16+00:00","dateModified":"2016-09-09T13:26:16+00:00","breadcrumb":{"@id":"http:\/\/www.muntdemots.org\/2016\/participants\/rosa-pinyol-catalunya\/#breadcrumb"},"inLanguage":"ca","potentialAction":[{"@type":"ReadAction","target":["http:\/\/www.muntdemots.org\/2016\/participants\/rosa-pinyol-catalunya\/"]}]},{"@type":"BreadcrumbList","@id":"http:\/\/www.muntdemots.org\/2016\/participants\/rosa-pinyol-catalunya\/#breadcrumb","itemListElement":[{"@type":"ListItem","position":1,"name":"Inici","item":"https:\/\/www.muntdemots.org\/2016\/"},{"@type":"ListItem","position":2,"name":"Participants","item":"http:\/\/www.muntdemots.org\/2016\/participants\/"},{"@type":"ListItem","position":3,"name":"Rosa Pinyol (Catalunya)"}]},{"@type":"WebSite","@id":"https:\/\/www.muntdemots.org\/2016\/#website","url":"https:\/\/www.muntdemots.org\/2016\/","name":"Munt de Mots","description":"","potentialAction":[{"@type":"SearchAction","target":{"@type":"EntryPoint","urlTemplate":"https:\/\/www.muntdemots.org\/2016\/?s={search_term_string}"},"query-input":"required name=search_term_string"}],"inLanguage":"ca"}]}},"_links":{"self":[{"href":"http:\/\/www.muntdemots.org\/2016\/wp-json\/wp\/v2\/pages\/8355"}],"collection":[{"href":"http:\/\/www.muntdemots.org\/2016\/wp-json\/wp\/v2\/pages"}],"about":[{"href":"http:\/\/www.muntdemots.org\/2016\/wp-json\/wp\/v2\/types\/page"}],"author":[{"embeddable":true,"href":"http:\/\/www.muntdemots.org\/2016\/wp-json\/wp\/v2\/users\/1"}],"replies":[{"embeddable":true,"href":"http:\/\/www.muntdemots.org\/2016\/wp-json\/wp\/v2\/comments?post=8355"}],"version-history":[{"count":1,"href":"http:\/\/www.muntdemots.org\/2016\/wp-json\/wp\/v2\/pages\/8355\/revisions"}],"predecessor-version":[{"id":8356,"href":"http:\/\/www.muntdemots.org\/2016\/wp-json\/wp\/v2\/pages\/8355\/revisions\/8356"}],"up":[{"embeddable":true,"href":"http:\/\/www.muntdemots.org\/2016\/wp-json\/wp\/v2\/pages\/4"}],"wp:attachment":[{"href":"http:\/\/www.muntdemots.org\/2016\/wp-json\/wp\/v2\/media?parent=8355"}],"curies":[{"name":"wp","href":"https:\/\/api.w.org\/{rel}","templated":true}]}}