{"id":8343,"date":"2016-09-08T15:05:03","date_gmt":"2016-09-08T15:05:03","guid":{"rendered":"http:\/\/www.muntdemots.org\/2016\/?page_id=8343"},"modified":"2016-09-08T15:06:31","modified_gmt":"2016-09-08T15:06:31","slug":"linsabel-noguera-venecuela","status":"publish","type":"page","link":"http:\/\/www.muntdemots.org\/2016\/participants\/linsabel-noguera-venecuela\/","title":{"rendered":"Linsabel Noguera (Vene\u00e7uela)"},"content":{"rendered":"<p><img decoding=\"async\" loading=\"lazy\" class=\"alignright size-medium wp-image-8291\" src=\"http:\/\/www.muntdemots.org\/2016\/wp-content\/uploads\/2016\/09\/9-300x251.png\" alt=\"9\" width=\"300\" height=\"251\" srcset=\"http:\/\/www.muntdemots.org\/2016\/wp-content\/uploads\/2016\/09\/9-300x251.png 300w, http:\/\/www.muntdemots.org\/2016\/wp-content\/uploads\/2016\/09\/9-768x644.png 768w, http:\/\/www.muntdemots.org\/2016\/wp-content\/uploads\/2016\/09\/9.png 940w\" sizes=\"(max-width: 300px) 100vw, 300px\" \/>Llicenciada en Comunicaci\u00f3 Social (UCV), actriu, narradora oral, promotora de lectura, productora radial, escriptora, locutora, mare i directora del projecte de promoci\u00f3 de lectura i de narraci\u00f3 oral \u201cla rana encantada\u201d, ha guanyat diversos premis i ha publicat diversos llibres, un dels quals recull l\u2019experi\u00e8ncia de promoci\u00f3 de la lectura a La rana encantada. <a href=\"http:\/\/www.laranaencantada.com\">www.laranaencantada.com<\/a>, <a href=\"http:\/\/pomarrosasycerezos.blogspot.com\/\">Pomarrosas y cerezos<\/a>.<\/p>\n<p>&nbsp;<\/p>\n<p><strong>DIJOUS 20<\/strong><\/p>\n<p><strong>CUANDO EL CORAZ\u00d3N EST\u00c1 DE ESTRENO <\/strong><br \/>\n<strong>Linsabel Noguera (Vene\u00e7uela) <\/strong><\/p>\n<p>L\u2019amor truca als nostres cors per primera vegada a classe de matem\u00e0tiques o al parvulari&#8230;! La primera vegada que ens enamorem acostuma a ser la m\u00e9s dol\u00e7a. La Lin ens duu sospirs i somriures per dir: \u00abT\u2019estimo.\u00bb<\/p>\n<p><strong>Infantil \/ Castell\u00e0<\/strong><br \/>\n<strong>Hora: 18.00 h<\/strong><br \/>\n<strong>BIBLIOTECA LA SAGRERA- MARINA CLOTET <\/strong><br \/>\n<strong>Activitat gratu\u00efta <\/strong><\/p>\n<p>&nbsp;<\/p>\n<p><strong>\u00a0DIVENDRES 21<\/strong><\/p>\n<p><strong>CUANDO EL CORAZ\u00d3N EST\u00c1 DE ESTRENO <\/strong><br \/>\n<strong>Linsabel Noguera (Vene\u00e7uela) <\/strong><\/p>\n<p>L\u2019amor truca als nostres cors per primera vegada a classe de matem\u00e0tiques o al parvulari&#8230;! La primera vegada que ens enamorem acostuma a ser la m\u00e9s dol\u00e7a. La Lin ens duu sospirs i somriures per dir: \u00abT\u2019estimo.\u00bb<\/p>\n<p>&nbsp;<\/p>\n<p><strong>Infantil \/ Castell\u00e0<\/strong><br \/>\n<strong>Hora: 18.00 h<\/strong><br \/>\n<strong>CASAL INFANTIL DEL PATI LLIMONA <\/strong><br \/>\n<strong>Activitat gratu\u00efta <\/strong><\/p>\n<p><strong>\u00a0<\/strong><\/p>\n<p><strong>DIVENDRES 21<\/strong><\/p>\n<p><strong>Confer\u00e8ncia <\/strong><\/p>\n<p><strong>JUGANDO ENTRE LIBROS<\/strong><\/p>\n<p><strong>Linsabel Noguera (Vene\u00e7uela) <\/strong><\/p>\n<p>Promotora de lectura premiada al seu pa\u00eds i narradora oral reconeguda, la directora del projecte <em>La rana encantada <\/em>ens presentar\u00e0 les t\u00e8cniques que utilitza als barris de Vene\u00e7uela, contingudes en el seu darrer llibre, <em>Jugando entre libros,\u00a0leer para crear y convivir<\/em>.<\/p>\n<p>&nbsp;<\/p>\n<p><strong>Adults \/ Castell\u00e0<\/strong><\/p>\n<p><strong>Hora: 19.00 h<\/strong><br \/>\n<strong>CENTRE D\u2019INTER\u00c8S EN LA NARRACI\u00d3 ORAL BIBLIOTECA VILA DE GR\u00c0CIA<\/strong><br \/>\n<strong>Activitat gratu\u00efta <\/strong><\/p>\n","protected":false},"excerpt":{"rendered":"<p>Llicenciada en Comunicaci\u00f3 Social (UCV), actriu, narradora oral, promotora de lectura, productora radial, escriptora, locutora, mare i directora del projecte de promoci\u00f3 de lectura i de narraci\u00f3 oral \u201cla rana encantada\u201d, ha guanyat diversos premis i ha publicat diversos llibres, un dels quals recull l\u2019experi\u00e8ncia de promoci\u00f3 de la lectura a La rana encantada. www.laranaencantada.com, [&hellip;]<\/p>\n","protected":false},"author":1,"featured_media":0,"parent":4,"menu_order":0,"comment_status":"closed","ping_status":"closed","template":"","meta":{"_mi_skip_tracking":false},"yoast_head":"<!-- This site is optimized with the Yoast SEO plugin v20.5 - https:\/\/yoast.com\/wordpress\/plugins\/seo\/ -->\n<title>Linsabel Noguera (Vene\u00e7uela) - Munt de Mots<\/title>\n<meta name=\"robots\" content=\"index, follow, max-snippet:-1, max-image-preview:large, max-video-preview:-1\" \/>\n<link rel=\"canonical\" href=\"https:\/\/www.muntdemots.org\/2016\/participants\/linsabel-noguera-venecuela\/\" \/>\n<meta property=\"og:locale\" content=\"ca_ES\" \/>\n<meta property=\"og:type\" content=\"article\" \/>\n<meta property=\"og:title\" content=\"Linsabel Noguera (Vene\u00e7uela) - Munt de Mots\" \/>\n<meta property=\"og:description\" content=\"Llicenciada en Comunicaci\u00f3 Social (UCV), actriu, narradora oral, promotora de lectura, productora radial, escriptora, locutora, mare i directora del projecte de promoci\u00f3 de lectura i de narraci\u00f3 oral \u201cla rana encantada\u201d, ha guanyat diversos premis i ha publicat diversos llibres, un dels quals recull l\u2019experi\u00e8ncia de promoci\u00f3 de la lectura a La rana encantada. www.laranaencantada.com, [&hellip;]\" \/>\n<meta property=\"og:url\" content=\"https:\/\/www.muntdemots.org\/2016\/participants\/linsabel-noguera-venecuela\/\" \/>\n<meta property=\"og:site_name\" content=\"Munt de Mots\" \/>\n<meta property=\"article:publisher\" content=\"https:\/\/www.facebook.com\/FestivalMuntdeMots\" \/>\n<meta property=\"article:modified_time\" content=\"2016-09-08T15:06:31+00:00\" \/>\n<meta property=\"og:image\" content=\"http:\/\/www.muntdemots.org\/2016\/wp-content\/uploads\/2016\/09\/9-300x251.png\" \/>\n<meta name=\"twitter:card\" content=\"summary_large_image\" \/>\n<meta name=\"twitter:site\" content=\"@muntdemots\" \/>\n<meta name=\"twitter:label1\" content=\"Temps estimat de lectura\" \/>\n\t<meta name=\"twitter:data1\" content=\"1 minut\" \/>\n<script type=\"application\/ld+json\" class=\"yoast-schema-graph\">{\"@context\":\"https:\/\/schema.org\",\"@graph\":[{\"@type\":\"WebPage\",\"@id\":\"https:\/\/www.muntdemots.org\/2016\/participants\/linsabel-noguera-venecuela\/\",\"url\":\"https:\/\/www.muntdemots.org\/2016\/participants\/linsabel-noguera-venecuela\/\",\"name\":\"Linsabel Noguera (Vene\u00e7uela) - Munt de Mots\",\"isPartOf\":{\"@id\":\"https:\/\/www.muntdemots.org\/2016\/#website\"},\"datePublished\":\"2016-09-08T15:05:03+00:00\",\"dateModified\":\"2016-09-08T15:06:31+00:00\",\"breadcrumb\":{\"@id\":\"https:\/\/www.muntdemots.org\/2016\/participants\/linsabel-noguera-venecuela\/#breadcrumb\"},\"inLanguage\":\"ca\",\"potentialAction\":[{\"@type\":\"ReadAction\",\"target\":[\"https:\/\/www.muntdemots.org\/2016\/participants\/linsabel-noguera-venecuela\/\"]}]},{\"@type\":\"BreadcrumbList\",\"@id\":\"https:\/\/www.muntdemots.org\/2016\/participants\/linsabel-noguera-venecuela\/#breadcrumb\",\"itemListElement\":[{\"@type\":\"ListItem\",\"position\":1,\"name\":\"Inici\",\"item\":\"https:\/\/www.muntdemots.org\/2016\/\"},{\"@type\":\"ListItem\",\"position\":2,\"name\":\"Participants\",\"item\":\"http:\/\/www.muntdemots.org\/2016\/participants\/\"},{\"@type\":\"ListItem\",\"position\":3,\"name\":\"Linsabel Noguera (Vene\u00e7uela)\"}]},{\"@type\":\"WebSite\",\"@id\":\"https:\/\/www.muntdemots.org\/2016\/#website\",\"url\":\"https:\/\/www.muntdemots.org\/2016\/\",\"name\":\"Munt de Mots\",\"description\":\"\",\"potentialAction\":[{\"@type\":\"SearchAction\",\"target\":{\"@type\":\"EntryPoint\",\"urlTemplate\":\"https:\/\/www.muntdemots.org\/2016\/?s={search_term_string}\"},\"query-input\":\"required name=search_term_string\"}],\"inLanguage\":\"ca\"}]}<\/script>\n<!-- \/ Yoast SEO plugin. -->","yoast_head_json":{"title":"Linsabel Noguera (Vene\u00e7uela) - Munt de Mots","robots":{"index":"index","follow":"follow","max-snippet":"max-snippet:-1","max-image-preview":"max-image-preview:large","max-video-preview":"max-video-preview:-1"},"canonical":"https:\/\/www.muntdemots.org\/2016\/participants\/linsabel-noguera-venecuela\/","og_locale":"ca_ES","og_type":"article","og_title":"Linsabel Noguera (Vene\u00e7uela) - Munt de Mots","og_description":"Llicenciada en Comunicaci\u00f3 Social (UCV), actriu, narradora oral, promotora de lectura, productora radial, escriptora, locutora, mare i directora del projecte de promoci\u00f3 de lectura i de narraci\u00f3 oral \u201cla rana encantada\u201d, ha guanyat diversos premis i ha publicat diversos llibres, un dels quals recull l\u2019experi\u00e8ncia de promoci\u00f3 de la lectura a La rana encantada. www.laranaencantada.com, [&hellip;]","og_url":"https:\/\/www.muntdemots.org\/2016\/participants\/linsabel-noguera-venecuela\/","og_site_name":"Munt de Mots","article_publisher":"https:\/\/www.facebook.com\/FestivalMuntdeMots","article_modified_time":"2016-09-08T15:06:31+00:00","og_image":[{"url":"http:\/\/www.muntdemots.org\/2016\/wp-content\/uploads\/2016\/09\/9-300x251.png"}],"twitter_card":"summary_large_image","twitter_site":"@muntdemots","twitter_misc":{"Temps estimat de lectura":"1 minut"},"schema":{"@context":"https:\/\/schema.org","@graph":[{"@type":"WebPage","@id":"https:\/\/www.muntdemots.org\/2016\/participants\/linsabel-noguera-venecuela\/","url":"https:\/\/www.muntdemots.org\/2016\/participants\/linsabel-noguera-venecuela\/","name":"Linsabel Noguera (Vene\u00e7uela) - Munt de Mots","isPartOf":{"@id":"https:\/\/www.muntdemots.org\/2016\/#website"},"datePublished":"2016-09-08T15:05:03+00:00","dateModified":"2016-09-08T15:06:31+00:00","breadcrumb":{"@id":"https:\/\/www.muntdemots.org\/2016\/participants\/linsabel-noguera-venecuela\/#breadcrumb"},"inLanguage":"ca","potentialAction":[{"@type":"ReadAction","target":["https:\/\/www.muntdemots.org\/2016\/participants\/linsabel-noguera-venecuela\/"]}]},{"@type":"BreadcrumbList","@id":"https:\/\/www.muntdemots.org\/2016\/participants\/linsabel-noguera-venecuela\/#breadcrumb","itemListElement":[{"@type":"ListItem","position":1,"name":"Inici","item":"https:\/\/www.muntdemots.org\/2016\/"},{"@type":"ListItem","position":2,"name":"Participants","item":"http:\/\/www.muntdemots.org\/2016\/participants\/"},{"@type":"ListItem","position":3,"name":"Linsabel Noguera (Vene\u00e7uela)"}]},{"@type":"WebSite","@id":"https:\/\/www.muntdemots.org\/2016\/#website","url":"https:\/\/www.muntdemots.org\/2016\/","name":"Munt de Mots","description":"","potentialAction":[{"@type":"SearchAction","target":{"@type":"EntryPoint","urlTemplate":"https:\/\/www.muntdemots.org\/2016\/?s={search_term_string}"},"query-input":"required name=search_term_string"}],"inLanguage":"ca"}]}},"_links":{"self":[{"href":"http:\/\/www.muntdemots.org\/2016\/wp-json\/wp\/v2\/pages\/8343"}],"collection":[{"href":"http:\/\/www.muntdemots.org\/2016\/wp-json\/wp\/v2\/pages"}],"about":[{"href":"http:\/\/www.muntdemots.org\/2016\/wp-json\/wp\/v2\/types\/page"}],"author":[{"embeddable":true,"href":"http:\/\/www.muntdemots.org\/2016\/wp-json\/wp\/v2\/users\/1"}],"replies":[{"embeddable":true,"href":"http:\/\/www.muntdemots.org\/2016\/wp-json\/wp\/v2\/comments?post=8343"}],"version-history":[{"count":3,"href":"http:\/\/www.muntdemots.org\/2016\/wp-json\/wp\/v2\/pages\/8343\/revisions"}],"predecessor-version":[{"id":8346,"href":"http:\/\/www.muntdemots.org\/2016\/wp-json\/wp\/v2\/pages\/8343\/revisions\/8346"}],"up":[{"embeddable":true,"href":"http:\/\/www.muntdemots.org\/2016\/wp-json\/wp\/v2\/pages\/4"}],"wp:attachment":[{"href":"http:\/\/www.muntdemots.org\/2016\/wp-json\/wp\/v2\/media?parent=8343"}],"curies":[{"name":"wp","href":"https:\/\/api.w.org\/{rel}","templated":true}]}}