{"id":8341,"date":"2016-09-08T15:03:57","date_gmt":"2016-09-08T15:03:57","guid":{"rendered":"http:\/\/www.muntdemots.org\/2016\/?page_id=8341"},"modified":"2016-09-08T15:03:57","modified_gmt":"2016-09-08T15:03:57","slug":"julia-perez-folgueira-venecuela","status":"publish","type":"page","link":"http:\/\/www.muntdemots.org\/2016\/participants\/julia-perez-folgueira-venecuela\/","title":{"rendered":"Julia P\u00e9rez Folgueira (Vene\u00e7uela)"},"content":{"rendered":"<p><img decoding=\"async\" loading=\"lazy\" class=\"alignright size-medium wp-image-8298\" src=\"http:\/\/www.muntdemots.org\/2016\/wp-content\/uploads\/2016\/09\/16-300x251.png\" alt=\"16\" width=\"300\" height=\"251\" srcset=\"http:\/\/www.muntdemots.org\/2016\/wp-content\/uploads\/2016\/09\/16-300x251.png 300w, http:\/\/www.muntdemots.org\/2016\/wp-content\/uploads\/2016\/09\/16-768x644.png 768w, http:\/\/www.muntdemots.org\/2016\/wp-content\/uploads\/2016\/09\/16.png 940w\" sizes=\"(max-width: 300px) 100vw, 300px\" \/>Traductora i int\u00e8rpret, conta en castell\u00e0, catal\u00e0 i angl\u00e8s. Formada als tallers \u201cCuentaconmigo\u201d del CC Pati Llimona i \u201cAtrapa la Paraula\u201d del Consorci de Biblioteques de Barcelona, participa en la Mostra d\u2019Unipersonals de Narraci\u00f3 Oral \u201cSolo Contigo\u201d el 2014. Ha participat en diferents festivals de narraci\u00f3 oral, aix\u00ed com en maratons de contes infantils. Col\u00b7labora activament en els espais \u201cCuentod@s\u201d i \u201cTu contes\u201d. Forma part de l\u2019equip d\u2019organitzaci\u00f3 del Festival de Narraci\u00f3 Oral de Barcelona, Munt de Mots, des de 2013.<\/p>\n<p><strong><br \/>\n<\/strong><\/p>\n<p><strong><u>DIVENDRES 21<\/u><\/strong><\/p>\n<p><strong>HISTORIAS DE BRUJAS GUACHIPIRULIS <\/strong><br \/>\n<strong>Julia P\u00e9rez Folgueira (Vene\u00e7uela) <\/strong><\/p>\n<p>Alerta!, s\u2019ha de vigilar, perqu\u00e8 una bruixa sempre \u00e9s una bruixa. I, si no volem que ens converteixin en \u00e9ssers horripilants, m\u00e9s val escoltar aquests contes per aprendre a recon\u00e8ixer-les.<\/p>\n<p><strong>Infantil \/ Castell\u00e0<\/strong><br \/>\n<strong>Hora: 18.00 h<\/strong><br \/>\n<strong>BIBLIOTECA TRINITAT VELLA- J. BARBERO <\/strong><br \/>\n<strong>Activitat gratu\u00efta <\/strong><\/p>\n","protected":false},"excerpt":{"rendered":"<p>Traductora i int\u00e8rpret, conta en castell\u00e0, catal\u00e0 i angl\u00e8s. Formada als tallers \u201cCuentaconmigo\u201d del CC Pati Llimona i \u201cAtrapa la Paraula\u201d del Consorci de Biblioteques de Barcelona, participa en la Mostra d\u2019Unipersonals de Narraci\u00f3 Oral \u201cSolo Contigo\u201d el 2014. Ha participat en diferents festivals de narraci\u00f3 oral, aix\u00ed com en maratons de contes infantils. Col\u00b7labora [&hellip;]<\/p>\n","protected":false},"author":1,"featured_media":0,"parent":4,"menu_order":0,"comment_status":"closed","ping_status":"closed","template":"","meta":{"_mi_skip_tracking":false},"yoast_head":"<!-- This site is optimized with the Yoast SEO plugin v20.5 - https:\/\/yoast.com\/wordpress\/plugins\/seo\/ -->\n<title>Julia P\u00e9rez Folgueira (Vene\u00e7uela) - Munt de Mots<\/title>\n<meta name=\"robots\" content=\"index, follow, max-snippet:-1, max-image-preview:large, max-video-preview:-1\" \/>\n<link rel=\"canonical\" href=\"https:\/\/www.muntdemots.org\/2016\/participants\/julia-perez-folgueira-venecuela\/\" \/>\n<meta property=\"og:locale\" content=\"ca_ES\" \/>\n<meta property=\"og:type\" content=\"article\" \/>\n<meta property=\"og:title\" content=\"Julia P\u00e9rez Folgueira (Vene\u00e7uela) - Munt de Mots\" \/>\n<meta property=\"og:description\" content=\"Traductora i int\u00e8rpret, conta en castell\u00e0, catal\u00e0 i angl\u00e8s. Formada als tallers \u201cCuentaconmigo\u201d del CC Pati Llimona i \u201cAtrapa la Paraula\u201d del Consorci de Biblioteques de Barcelona, participa en la Mostra d\u2019Unipersonals de Narraci\u00f3 Oral \u201cSolo Contigo\u201d el 2014. Ha participat en diferents festivals de narraci\u00f3 oral, aix\u00ed com en maratons de contes infantils. Col\u00b7labora [&hellip;]\" \/>\n<meta property=\"og:url\" content=\"https:\/\/www.muntdemots.org\/2016\/participants\/julia-perez-folgueira-venecuela\/\" \/>\n<meta property=\"og:site_name\" content=\"Munt de Mots\" \/>\n<meta property=\"article:publisher\" content=\"https:\/\/www.facebook.com\/FestivalMuntdeMots\" \/>\n<meta property=\"og:image\" content=\"http:\/\/www.muntdemots.org\/2016\/wp-content\/uploads\/2016\/09\/16-300x251.png\" \/>\n<meta name=\"twitter:card\" content=\"summary_large_image\" \/>\n<meta name=\"twitter:site\" content=\"@muntdemots\" \/>\n<meta name=\"twitter:label1\" content=\"Temps estimat de lectura\" \/>\n\t<meta name=\"twitter:data1\" content=\"1 minut\" \/>\n<script type=\"application\/ld+json\" class=\"yoast-schema-graph\">{\"@context\":\"https:\/\/schema.org\",\"@graph\":[{\"@type\":\"WebPage\",\"@id\":\"https:\/\/www.muntdemots.org\/2016\/participants\/julia-perez-folgueira-venecuela\/\",\"url\":\"https:\/\/www.muntdemots.org\/2016\/participants\/julia-perez-folgueira-venecuela\/\",\"name\":\"Julia P\u00e9rez Folgueira (Vene\u00e7uela) - Munt de Mots\",\"isPartOf\":{\"@id\":\"https:\/\/www.muntdemots.org\/2016\/#website\"},\"datePublished\":\"2016-09-08T15:03:57+00:00\",\"dateModified\":\"2016-09-08T15:03:57+00:00\",\"breadcrumb\":{\"@id\":\"https:\/\/www.muntdemots.org\/2016\/participants\/julia-perez-folgueira-venecuela\/#breadcrumb\"},\"inLanguage\":\"ca\",\"potentialAction\":[{\"@type\":\"ReadAction\",\"target\":[\"https:\/\/www.muntdemots.org\/2016\/participants\/julia-perez-folgueira-venecuela\/\"]}]},{\"@type\":\"BreadcrumbList\",\"@id\":\"https:\/\/www.muntdemots.org\/2016\/participants\/julia-perez-folgueira-venecuela\/#breadcrumb\",\"itemListElement\":[{\"@type\":\"ListItem\",\"position\":1,\"name\":\"Inici\",\"item\":\"https:\/\/www.muntdemots.org\/2016\/\"},{\"@type\":\"ListItem\",\"position\":2,\"name\":\"Participants\",\"item\":\"http:\/\/www.muntdemots.org\/2016\/participants\/\"},{\"@type\":\"ListItem\",\"position\":3,\"name\":\"Julia P\u00e9rez Folgueira (Vene\u00e7uela)\"}]},{\"@type\":\"WebSite\",\"@id\":\"https:\/\/www.muntdemots.org\/2016\/#website\",\"url\":\"https:\/\/www.muntdemots.org\/2016\/\",\"name\":\"Munt de Mots\",\"description\":\"\",\"potentialAction\":[{\"@type\":\"SearchAction\",\"target\":{\"@type\":\"EntryPoint\",\"urlTemplate\":\"https:\/\/www.muntdemots.org\/2016\/?s={search_term_string}\"},\"query-input\":\"required name=search_term_string\"}],\"inLanguage\":\"ca\"}]}<\/script>\n<!-- \/ Yoast SEO plugin. -->","yoast_head_json":{"title":"Julia P\u00e9rez Folgueira (Vene\u00e7uela) - Munt de Mots","robots":{"index":"index","follow":"follow","max-snippet":"max-snippet:-1","max-image-preview":"max-image-preview:large","max-video-preview":"max-video-preview:-1"},"canonical":"https:\/\/www.muntdemots.org\/2016\/participants\/julia-perez-folgueira-venecuela\/","og_locale":"ca_ES","og_type":"article","og_title":"Julia P\u00e9rez Folgueira (Vene\u00e7uela) - Munt de Mots","og_description":"Traductora i int\u00e8rpret, conta en castell\u00e0, catal\u00e0 i angl\u00e8s. Formada als tallers \u201cCuentaconmigo\u201d del CC Pati Llimona i \u201cAtrapa la Paraula\u201d del Consorci de Biblioteques de Barcelona, participa en la Mostra d\u2019Unipersonals de Narraci\u00f3 Oral \u201cSolo Contigo\u201d el 2014. Ha participat en diferents festivals de narraci\u00f3 oral, aix\u00ed com en maratons de contes infantils. Col\u00b7labora [&hellip;]","og_url":"https:\/\/www.muntdemots.org\/2016\/participants\/julia-perez-folgueira-venecuela\/","og_site_name":"Munt de Mots","article_publisher":"https:\/\/www.facebook.com\/FestivalMuntdeMots","og_image":[{"url":"http:\/\/www.muntdemots.org\/2016\/wp-content\/uploads\/2016\/09\/16-300x251.png"}],"twitter_card":"summary_large_image","twitter_site":"@muntdemots","twitter_misc":{"Temps estimat de lectura":"1 minut"},"schema":{"@context":"https:\/\/schema.org","@graph":[{"@type":"WebPage","@id":"https:\/\/www.muntdemots.org\/2016\/participants\/julia-perez-folgueira-venecuela\/","url":"https:\/\/www.muntdemots.org\/2016\/participants\/julia-perez-folgueira-venecuela\/","name":"Julia P\u00e9rez Folgueira (Vene\u00e7uela) - Munt de Mots","isPartOf":{"@id":"https:\/\/www.muntdemots.org\/2016\/#website"},"datePublished":"2016-09-08T15:03:57+00:00","dateModified":"2016-09-08T15:03:57+00:00","breadcrumb":{"@id":"https:\/\/www.muntdemots.org\/2016\/participants\/julia-perez-folgueira-venecuela\/#breadcrumb"},"inLanguage":"ca","potentialAction":[{"@type":"ReadAction","target":["https:\/\/www.muntdemots.org\/2016\/participants\/julia-perez-folgueira-venecuela\/"]}]},{"@type":"BreadcrumbList","@id":"https:\/\/www.muntdemots.org\/2016\/participants\/julia-perez-folgueira-venecuela\/#breadcrumb","itemListElement":[{"@type":"ListItem","position":1,"name":"Inici","item":"https:\/\/www.muntdemots.org\/2016\/"},{"@type":"ListItem","position":2,"name":"Participants","item":"http:\/\/www.muntdemots.org\/2016\/participants\/"},{"@type":"ListItem","position":3,"name":"Julia P\u00e9rez Folgueira (Vene\u00e7uela)"}]},{"@type":"WebSite","@id":"https:\/\/www.muntdemots.org\/2016\/#website","url":"https:\/\/www.muntdemots.org\/2016\/","name":"Munt de Mots","description":"","potentialAction":[{"@type":"SearchAction","target":{"@type":"EntryPoint","urlTemplate":"https:\/\/www.muntdemots.org\/2016\/?s={search_term_string}"},"query-input":"required name=search_term_string"}],"inLanguage":"ca"}]}},"_links":{"self":[{"href":"http:\/\/www.muntdemots.org\/2016\/wp-json\/wp\/v2\/pages\/8341"}],"collection":[{"href":"http:\/\/www.muntdemots.org\/2016\/wp-json\/wp\/v2\/pages"}],"about":[{"href":"http:\/\/www.muntdemots.org\/2016\/wp-json\/wp\/v2\/types\/page"}],"author":[{"embeddable":true,"href":"http:\/\/www.muntdemots.org\/2016\/wp-json\/wp\/v2\/users\/1"}],"replies":[{"embeddable":true,"href":"http:\/\/www.muntdemots.org\/2016\/wp-json\/wp\/v2\/comments?post=8341"}],"version-history":[{"count":1,"href":"http:\/\/www.muntdemots.org\/2016\/wp-json\/wp\/v2\/pages\/8341\/revisions"}],"predecessor-version":[{"id":8342,"href":"http:\/\/www.muntdemots.org\/2016\/wp-json\/wp\/v2\/pages\/8341\/revisions\/8342"}],"up":[{"embeddable":true,"href":"http:\/\/www.muntdemots.org\/2016\/wp-json\/wp\/v2\/pages\/4"}],"wp:attachment":[{"href":"http:\/\/www.muntdemots.org\/2016\/wp-json\/wp\/v2\/media?parent=8341"}],"curies":[{"name":"wp","href":"https:\/\/api.w.org\/{rel}","templated":true}]}}