{"id":8337,"date":"2016-09-08T15:00:52","date_gmt":"2016-09-08T15:00:52","guid":{"rendered":"http:\/\/www.muntdemots.org\/2016\/?page_id=8337"},"modified":"2016-09-08T15:00:52","modified_gmt":"2016-09-08T15:00:52","slug":"ines-macpherson-catalunya","status":"publish","type":"page","link":"http:\/\/www.muntdemots.org\/2016\/participants\/ines-macpherson-catalunya\/","title":{"rendered":"In\u00e9s Macpherson (Catalunya)"},"content":{"rendered":"<p><img decoding=\"async\" loading=\"lazy\" class=\"alignright size-medium wp-image-8293\" src=\"http:\/\/www.muntdemots.org\/2016\/wp-content\/uploads\/2016\/09\/11-300x251.png\" alt=\"11\" width=\"300\" height=\"251\" srcset=\"http:\/\/www.muntdemots.org\/2016\/wp-content\/uploads\/2016\/09\/11-300x251.png 300w, http:\/\/www.muntdemots.org\/2016\/wp-content\/uploads\/2016\/09\/11-768x644.png 768w, http:\/\/www.muntdemots.org\/2016\/wp-content\/uploads\/2016\/09\/11.png 940w\" sizes=\"(max-width: 300px) 100vw, 300px\" \/>\u00c9s llicenciada en Filosofia i t\u00e9 un Postgrau en Gesti\u00f3 Cultural. Mentre estudiava va descobrir l\u2019extraordinari m\u00f3n de la narraci\u00f3 oral al qual es dedica de manera ass\u00eddua des de l\u2019any 2003. Programadora de sessions de contes per a adults, com a narradora sap posar vida als relats de Poe, Bradbury, Monz\u00f3&#8230; entre altres. Vinculada al m\u00f3n editorial fent correccions d\u2019estil i presentaci\u00f3 de llibres, publica la seva primera novel\u00b7la, \u201cEl secreto de Luc\u00eda Morke\u201d, l\u2019octubre de 2011. https:\/\/encuentosydesencuentos.wordpress.com\/about\/<\/p>\n<p><strong><u>\u00a0<\/u><\/strong><\/p>\n<p><strong><u>DIJOUS 20<\/u><\/strong><u><br \/>\n<\/u><strong>PUK, EL DUENDE DE LOS CUENTOS <\/strong><\/p>\n<p><strong>In\u00e9s Macpherson (Catalunya) <\/strong><\/p>\n<p>S\u00f3n els encarregats de custodiar el lloc on viuen els contes, de vigilar els objectes m\u00e0gics i de col\u00b7locar-los al lloc adequat&#8230; Per\u00f2 en Puk s\u2019equivoca i els contes no surten com ens esperem. Voleu ajudar-lo?<\/p>\n<p><strong>Infantil \/ Castell\u00e0<\/strong><br \/>\n<strong>BIBLIOTECA EL CLOT- JOSEP BENET <\/strong><br \/>\n<strong>Hora: 18:00 h<\/strong><br \/>\n<strong>Activitat gratu\u00efta <\/strong><\/p>\n","protected":false},"excerpt":{"rendered":"<p>\u00c9s llicenciada en Filosofia i t\u00e9 un Postgrau en Gesti\u00f3 Cultural. Mentre estudiava va descobrir l\u2019extraordinari m\u00f3n de la narraci\u00f3 oral al qual es dedica de manera ass\u00eddua des de l\u2019any 2003. Programadora de sessions de contes per a adults, com a narradora sap posar vida als relats de Poe, Bradbury, Monz\u00f3&#8230; entre altres. Vinculada [&hellip;]<\/p>\n","protected":false},"author":1,"featured_media":0,"parent":4,"menu_order":0,"comment_status":"closed","ping_status":"closed","template":"","meta":{"_mi_skip_tracking":false},"yoast_head":"<!-- This site is optimized with the Yoast SEO plugin v20.5 - https:\/\/yoast.com\/wordpress\/plugins\/seo\/ -->\n<title>In\u00e9s Macpherson (Catalunya) - Munt de Mots<\/title>\n<meta name=\"robots\" content=\"index, follow, max-snippet:-1, max-image-preview:large, max-video-preview:-1\" \/>\n<link rel=\"canonical\" href=\"http:\/\/www.muntdemots.org\/2016\/participants\/ines-macpherson-catalunya\/\" \/>\n<meta property=\"og:locale\" content=\"ca_ES\" \/>\n<meta property=\"og:type\" content=\"article\" \/>\n<meta property=\"og:title\" content=\"In\u00e9s Macpherson (Catalunya) - Munt de Mots\" \/>\n<meta property=\"og:description\" content=\"\u00c9s llicenciada en Filosofia i t\u00e9 un Postgrau en Gesti\u00f3 Cultural. Mentre estudiava va descobrir l\u2019extraordinari m\u00f3n de la narraci\u00f3 oral al qual es dedica de manera ass\u00eddua des de l\u2019any 2003. Programadora de sessions de contes per a adults, com a narradora sap posar vida als relats de Poe, Bradbury, Monz\u00f3&#8230; entre altres. Vinculada [&hellip;]\" \/>\n<meta property=\"og:url\" content=\"http:\/\/www.muntdemots.org\/2016\/participants\/ines-macpherson-catalunya\/\" \/>\n<meta property=\"og:site_name\" content=\"Munt de Mots\" \/>\n<meta property=\"article:publisher\" content=\"https:\/\/www.facebook.com\/FestivalMuntdeMots\" \/>\n<meta property=\"og:image\" content=\"http:\/\/www.muntdemots.org\/2016\/wp-content\/uploads\/2016\/09\/11-300x251.png\" \/>\n<meta name=\"twitter:card\" content=\"summary_large_image\" \/>\n<meta name=\"twitter:site\" content=\"@muntdemots\" \/>\n<meta name=\"twitter:label1\" content=\"Temps estimat de lectura\" \/>\n\t<meta name=\"twitter:data1\" content=\"1 minut\" \/>\n<script type=\"application\/ld+json\" class=\"yoast-schema-graph\">{\"@context\":\"https:\/\/schema.org\",\"@graph\":[{\"@type\":\"WebPage\",\"@id\":\"http:\/\/www.muntdemots.org\/2016\/participants\/ines-macpherson-catalunya\/\",\"url\":\"http:\/\/www.muntdemots.org\/2016\/participants\/ines-macpherson-catalunya\/\",\"name\":\"In\u00e9s Macpherson (Catalunya) - Munt de Mots\",\"isPartOf\":{\"@id\":\"https:\/\/www.muntdemots.org\/2016\/#website\"},\"datePublished\":\"2016-09-08T15:00:52+00:00\",\"dateModified\":\"2016-09-08T15:00:52+00:00\",\"breadcrumb\":{\"@id\":\"http:\/\/www.muntdemots.org\/2016\/participants\/ines-macpherson-catalunya\/#breadcrumb\"},\"inLanguage\":\"ca\",\"potentialAction\":[{\"@type\":\"ReadAction\",\"target\":[\"http:\/\/www.muntdemots.org\/2016\/participants\/ines-macpherson-catalunya\/\"]}]},{\"@type\":\"BreadcrumbList\",\"@id\":\"http:\/\/www.muntdemots.org\/2016\/participants\/ines-macpherson-catalunya\/#breadcrumb\",\"itemListElement\":[{\"@type\":\"ListItem\",\"position\":1,\"name\":\"Inici\",\"item\":\"https:\/\/www.muntdemots.org\/2016\/\"},{\"@type\":\"ListItem\",\"position\":2,\"name\":\"Participants\",\"item\":\"http:\/\/www.muntdemots.org\/2016\/participants\/\"},{\"@type\":\"ListItem\",\"position\":3,\"name\":\"In\u00e9s Macpherson (Catalunya)\"}]},{\"@type\":\"WebSite\",\"@id\":\"https:\/\/www.muntdemots.org\/2016\/#website\",\"url\":\"https:\/\/www.muntdemots.org\/2016\/\",\"name\":\"Munt de Mots\",\"description\":\"\",\"potentialAction\":[{\"@type\":\"SearchAction\",\"target\":{\"@type\":\"EntryPoint\",\"urlTemplate\":\"https:\/\/www.muntdemots.org\/2016\/?s={search_term_string}\"},\"query-input\":\"required name=search_term_string\"}],\"inLanguage\":\"ca\"}]}<\/script>\n<!-- \/ Yoast SEO plugin. -->","yoast_head_json":{"title":"In\u00e9s Macpherson (Catalunya) - Munt de Mots","robots":{"index":"index","follow":"follow","max-snippet":"max-snippet:-1","max-image-preview":"max-image-preview:large","max-video-preview":"max-video-preview:-1"},"canonical":"http:\/\/www.muntdemots.org\/2016\/participants\/ines-macpherson-catalunya\/","og_locale":"ca_ES","og_type":"article","og_title":"In\u00e9s Macpherson (Catalunya) - Munt de Mots","og_description":"\u00c9s llicenciada en Filosofia i t\u00e9 un Postgrau en Gesti\u00f3 Cultural. Mentre estudiava va descobrir l\u2019extraordinari m\u00f3n de la narraci\u00f3 oral al qual es dedica de manera ass\u00eddua des de l\u2019any 2003. Programadora de sessions de contes per a adults, com a narradora sap posar vida als relats de Poe, Bradbury, Monz\u00f3&#8230; entre altres. Vinculada [&hellip;]","og_url":"http:\/\/www.muntdemots.org\/2016\/participants\/ines-macpherson-catalunya\/","og_site_name":"Munt de Mots","article_publisher":"https:\/\/www.facebook.com\/FestivalMuntdeMots","og_image":[{"url":"http:\/\/www.muntdemots.org\/2016\/wp-content\/uploads\/2016\/09\/11-300x251.png"}],"twitter_card":"summary_large_image","twitter_site":"@muntdemots","twitter_misc":{"Temps estimat de lectura":"1 minut"},"schema":{"@context":"https:\/\/schema.org","@graph":[{"@type":"WebPage","@id":"http:\/\/www.muntdemots.org\/2016\/participants\/ines-macpherson-catalunya\/","url":"http:\/\/www.muntdemots.org\/2016\/participants\/ines-macpherson-catalunya\/","name":"In\u00e9s Macpherson (Catalunya) - Munt de Mots","isPartOf":{"@id":"https:\/\/www.muntdemots.org\/2016\/#website"},"datePublished":"2016-09-08T15:00:52+00:00","dateModified":"2016-09-08T15:00:52+00:00","breadcrumb":{"@id":"http:\/\/www.muntdemots.org\/2016\/participants\/ines-macpherson-catalunya\/#breadcrumb"},"inLanguage":"ca","potentialAction":[{"@type":"ReadAction","target":["http:\/\/www.muntdemots.org\/2016\/participants\/ines-macpherson-catalunya\/"]}]},{"@type":"BreadcrumbList","@id":"http:\/\/www.muntdemots.org\/2016\/participants\/ines-macpherson-catalunya\/#breadcrumb","itemListElement":[{"@type":"ListItem","position":1,"name":"Inici","item":"https:\/\/www.muntdemots.org\/2016\/"},{"@type":"ListItem","position":2,"name":"Participants","item":"http:\/\/www.muntdemots.org\/2016\/participants\/"},{"@type":"ListItem","position":3,"name":"In\u00e9s Macpherson (Catalunya)"}]},{"@type":"WebSite","@id":"https:\/\/www.muntdemots.org\/2016\/#website","url":"https:\/\/www.muntdemots.org\/2016\/","name":"Munt de Mots","description":"","potentialAction":[{"@type":"SearchAction","target":{"@type":"EntryPoint","urlTemplate":"https:\/\/www.muntdemots.org\/2016\/?s={search_term_string}"},"query-input":"required name=search_term_string"}],"inLanguage":"ca"}]}},"_links":{"self":[{"href":"http:\/\/www.muntdemots.org\/2016\/wp-json\/wp\/v2\/pages\/8337"}],"collection":[{"href":"http:\/\/www.muntdemots.org\/2016\/wp-json\/wp\/v2\/pages"}],"about":[{"href":"http:\/\/www.muntdemots.org\/2016\/wp-json\/wp\/v2\/types\/page"}],"author":[{"embeddable":true,"href":"http:\/\/www.muntdemots.org\/2016\/wp-json\/wp\/v2\/users\/1"}],"replies":[{"embeddable":true,"href":"http:\/\/www.muntdemots.org\/2016\/wp-json\/wp\/v2\/comments?post=8337"}],"version-history":[{"count":1,"href":"http:\/\/www.muntdemots.org\/2016\/wp-json\/wp\/v2\/pages\/8337\/revisions"}],"predecessor-version":[{"id":8338,"href":"http:\/\/www.muntdemots.org\/2016\/wp-json\/wp\/v2\/pages\/8337\/revisions\/8338"}],"up":[{"embeddable":true,"href":"http:\/\/www.muntdemots.org\/2016\/wp-json\/wp\/v2\/pages\/4"}],"wp:attachment":[{"href":"http:\/\/www.muntdemots.org\/2016\/wp-json\/wp\/v2\/media?parent=8337"}],"curies":[{"name":"wp","href":"https:\/\/api.w.org\/{rel}","templated":true}]}}