{"id":8330,"date":"2016-09-08T14:54:32","date_gmt":"2016-09-08T14:54:32","guid":{"rendered":"http:\/\/www.muntdemots.org\/2016\/?page_id=8330"},"modified":"2016-09-08T14:54:32","modified_gmt":"2016-09-08T14:54:32","slug":"irma-borges-venecuela","status":"publish","type":"page","link":"http:\/\/www.muntdemots.org\/2016\/participants\/irma-borges-venecuela\/","title":{"rendered":"Irma Borges (Vene\u00e7uela)"},"content":{"rendered":"<p><img decoding=\"async\" loading=\"lazy\" class=\"alignright size-medium wp-image-8305\" src=\"http:\/\/www.muntdemots.org\/2016\/wp-content\/uploads\/2016\/09\/BAKERY-300x251.png\" alt=\"bakery\" width=\"300\" height=\"251\" srcset=\"http:\/\/www.muntdemots.org\/2016\/wp-content\/uploads\/2016\/09\/BAKERY-300x251.png 300w, http:\/\/www.muntdemots.org\/2016\/wp-content\/uploads\/2016\/09\/BAKERY-768x644.png 768w, http:\/\/www.muntdemots.org\/2016\/wp-content\/uploads\/2016\/09\/BAKERY.png 940w\" sizes=\"(max-width: 300px) 100vw, 300px\" \/>\u00c9s actriu, titellaire, dramaturga i directora d\u2019escena amb m\u00e9s que quinze anys d\u2019experi\u00e8ncia. Fundadora de la companyia barcelonina TeatroDejavu amb la que crea espectacles per a adults i nens amb molt bona acollida de la cr\u00edtica i amb els quals ha participat en festivals internacionals. Ha treballat en la direcci\u00f3 esc\u00e8nica i dramat\u00fargica de diferents companyies d\u2019Espanya de teatre, titelles i circ. \u00c9s formadora art\u00edstica de \u201cPallapupes\u201d, pallassos d\u2019hospital i teatre social i amb la companyia \u201cChez la poup\u00e9e\u201d ofereix un espectacle de cabaret per a adults. http:\/\/irma-borges.blogspot.com.es\/p\/irma-borges.html<\/p>\n<p>&nbsp;<\/p>\n<p><strong><u>DIJOUS 20<\/u><\/strong><\/p>\n<p><strong>Confer\u00e8ncia <\/strong><br \/>\n<strong>ELS CONTES DE CADA DIA <\/strong><br \/>\n<strong>Irma Borges (Vene\u00e7uela) <\/strong><\/p>\n<p>Els contes s\u00f3n una eina creativa i divertida que millora la comunicaci\u00f3 i l\u2019aprenentatge. Un conte ens pot acompanyar per comprendre aix\u00f2 que ens passa en la nostra fam\u00edlia.<\/p>\n<p><strong>Adults \/ Castell\u00e0 i catal\u00e0<\/strong><br \/>\n<strong>Hora: 19.00 h<\/strong><br \/>\n<strong>CENTRE D\u2019INTER\u00c8S EN LA NARRACI\u00d3 ORAL <\/strong><br \/>\n<strong>BIBLIOTECA VILA DE GR\u00c0CIA<\/strong><br \/>\n<strong>Activitat gratu\u00efta <\/strong><\/p>\n","protected":false},"excerpt":{"rendered":"<p>\u00c9s actriu, titellaire, dramaturga i directora d\u2019escena amb m\u00e9s que quinze anys d\u2019experi\u00e8ncia. Fundadora de la companyia barcelonina TeatroDejavu amb la que crea espectacles per a adults i nens amb molt bona acollida de la cr\u00edtica i amb els quals ha participat en festivals internacionals. Ha treballat en la direcci\u00f3 esc\u00e8nica i dramat\u00fargica de diferents [&hellip;]<\/p>\n","protected":false},"author":1,"featured_media":0,"parent":4,"menu_order":0,"comment_status":"closed","ping_status":"closed","template":"","meta":{"_mi_skip_tracking":false},"yoast_head":"<!-- This site is optimized with the Yoast SEO plugin v20.5 - https:\/\/yoast.com\/wordpress\/plugins\/seo\/ -->\n<title>Irma Borges (Vene\u00e7uela) - Munt de Mots<\/title>\n<meta name=\"robots\" content=\"index, follow, max-snippet:-1, max-image-preview:large, max-video-preview:-1\" \/>\n<link rel=\"canonical\" href=\"http:\/\/www.muntdemots.org\/2016\/participants\/irma-borges-venecuela\/\" \/>\n<meta property=\"og:locale\" content=\"ca_ES\" \/>\n<meta property=\"og:type\" content=\"article\" \/>\n<meta property=\"og:title\" content=\"Irma Borges (Vene\u00e7uela) - Munt de Mots\" \/>\n<meta property=\"og:description\" content=\"\u00c9s actriu, titellaire, dramaturga i directora d\u2019escena amb m\u00e9s que quinze anys d\u2019experi\u00e8ncia. Fundadora de la companyia barcelonina TeatroDejavu amb la que crea espectacles per a adults i nens amb molt bona acollida de la cr\u00edtica i amb els quals ha participat en festivals internacionals. Ha treballat en la direcci\u00f3 esc\u00e8nica i dramat\u00fargica de diferents [&hellip;]\" \/>\n<meta property=\"og:url\" content=\"http:\/\/www.muntdemots.org\/2016\/participants\/irma-borges-venecuela\/\" \/>\n<meta property=\"og:site_name\" content=\"Munt de Mots\" \/>\n<meta property=\"article:publisher\" content=\"https:\/\/www.facebook.com\/FestivalMuntdeMots\" \/>\n<meta property=\"og:image\" content=\"http:\/\/www.muntdemots.org\/2016\/wp-content\/uploads\/2016\/09\/BAKERY-300x251.png\" \/>\n<meta name=\"twitter:card\" content=\"summary_large_image\" \/>\n<meta name=\"twitter:site\" content=\"@muntdemots\" \/>\n<meta name=\"twitter:label1\" content=\"Temps estimat de lectura\" \/>\n\t<meta name=\"twitter:data1\" content=\"1 minut\" \/>\n<script type=\"application\/ld+json\" class=\"yoast-schema-graph\">{\"@context\":\"https:\/\/schema.org\",\"@graph\":[{\"@type\":\"WebPage\",\"@id\":\"http:\/\/www.muntdemots.org\/2016\/participants\/irma-borges-venecuela\/\",\"url\":\"http:\/\/www.muntdemots.org\/2016\/participants\/irma-borges-venecuela\/\",\"name\":\"Irma Borges (Vene\u00e7uela) - Munt de Mots\",\"isPartOf\":{\"@id\":\"http:\/\/www.muntdemots.org\/2016\/#website\"},\"datePublished\":\"2016-09-08T14:54:32+00:00\",\"dateModified\":\"2016-09-08T14:54:32+00:00\",\"breadcrumb\":{\"@id\":\"http:\/\/www.muntdemots.org\/2016\/participants\/irma-borges-venecuela\/#breadcrumb\"},\"inLanguage\":\"ca\",\"potentialAction\":[{\"@type\":\"ReadAction\",\"target\":[\"http:\/\/www.muntdemots.org\/2016\/participants\/irma-borges-venecuela\/\"]}]},{\"@type\":\"BreadcrumbList\",\"@id\":\"http:\/\/www.muntdemots.org\/2016\/participants\/irma-borges-venecuela\/#breadcrumb\",\"itemListElement\":[{\"@type\":\"ListItem\",\"position\":1,\"name\":\"Inici\",\"item\":\"http:\/\/www.muntdemots.org\/2016\/\"},{\"@type\":\"ListItem\",\"position\":2,\"name\":\"Participants\",\"item\":\"http:\/\/www.muntdemots.org\/2016\/participants\/\"},{\"@type\":\"ListItem\",\"position\":3,\"name\":\"Irma Borges (Vene\u00e7uela)\"}]},{\"@type\":\"WebSite\",\"@id\":\"http:\/\/www.muntdemots.org\/2016\/#website\",\"url\":\"http:\/\/www.muntdemots.org\/2016\/\",\"name\":\"Munt de Mots\",\"description\":\"\",\"potentialAction\":[{\"@type\":\"SearchAction\",\"target\":{\"@type\":\"EntryPoint\",\"urlTemplate\":\"http:\/\/www.muntdemots.org\/2016\/?s={search_term_string}\"},\"query-input\":\"required name=search_term_string\"}],\"inLanguage\":\"ca\"}]}<\/script>\n<!-- \/ Yoast SEO plugin. -->","yoast_head_json":{"title":"Irma Borges (Vene\u00e7uela) - Munt de Mots","robots":{"index":"index","follow":"follow","max-snippet":"max-snippet:-1","max-image-preview":"max-image-preview:large","max-video-preview":"max-video-preview:-1"},"canonical":"http:\/\/www.muntdemots.org\/2016\/participants\/irma-borges-venecuela\/","og_locale":"ca_ES","og_type":"article","og_title":"Irma Borges (Vene\u00e7uela) - Munt de Mots","og_description":"\u00c9s actriu, titellaire, dramaturga i directora d\u2019escena amb m\u00e9s que quinze anys d\u2019experi\u00e8ncia. Fundadora de la companyia barcelonina TeatroDejavu amb la que crea espectacles per a adults i nens amb molt bona acollida de la cr\u00edtica i amb els quals ha participat en festivals internacionals. Ha treballat en la direcci\u00f3 esc\u00e8nica i dramat\u00fargica de diferents [&hellip;]","og_url":"http:\/\/www.muntdemots.org\/2016\/participants\/irma-borges-venecuela\/","og_site_name":"Munt de Mots","article_publisher":"https:\/\/www.facebook.com\/FestivalMuntdeMots","og_image":[{"url":"http:\/\/www.muntdemots.org\/2016\/wp-content\/uploads\/2016\/09\/BAKERY-300x251.png"}],"twitter_card":"summary_large_image","twitter_site":"@muntdemots","twitter_misc":{"Temps estimat de lectura":"1 minut"},"schema":{"@context":"https:\/\/schema.org","@graph":[{"@type":"WebPage","@id":"http:\/\/www.muntdemots.org\/2016\/participants\/irma-borges-venecuela\/","url":"http:\/\/www.muntdemots.org\/2016\/participants\/irma-borges-venecuela\/","name":"Irma Borges (Vene\u00e7uela) - Munt de Mots","isPartOf":{"@id":"http:\/\/www.muntdemots.org\/2016\/#website"},"datePublished":"2016-09-08T14:54:32+00:00","dateModified":"2016-09-08T14:54:32+00:00","breadcrumb":{"@id":"http:\/\/www.muntdemots.org\/2016\/participants\/irma-borges-venecuela\/#breadcrumb"},"inLanguage":"ca","potentialAction":[{"@type":"ReadAction","target":["http:\/\/www.muntdemots.org\/2016\/participants\/irma-borges-venecuela\/"]}]},{"@type":"BreadcrumbList","@id":"http:\/\/www.muntdemots.org\/2016\/participants\/irma-borges-venecuela\/#breadcrumb","itemListElement":[{"@type":"ListItem","position":1,"name":"Inici","item":"http:\/\/www.muntdemots.org\/2016\/"},{"@type":"ListItem","position":2,"name":"Participants","item":"http:\/\/www.muntdemots.org\/2016\/participants\/"},{"@type":"ListItem","position":3,"name":"Irma Borges (Vene\u00e7uela)"}]},{"@type":"WebSite","@id":"http:\/\/www.muntdemots.org\/2016\/#website","url":"http:\/\/www.muntdemots.org\/2016\/","name":"Munt de Mots","description":"","potentialAction":[{"@type":"SearchAction","target":{"@type":"EntryPoint","urlTemplate":"http:\/\/www.muntdemots.org\/2016\/?s={search_term_string}"},"query-input":"required name=search_term_string"}],"inLanguage":"ca"}]}},"_links":{"self":[{"href":"http:\/\/www.muntdemots.org\/2016\/wp-json\/wp\/v2\/pages\/8330"}],"collection":[{"href":"http:\/\/www.muntdemots.org\/2016\/wp-json\/wp\/v2\/pages"}],"about":[{"href":"http:\/\/www.muntdemots.org\/2016\/wp-json\/wp\/v2\/types\/page"}],"author":[{"embeddable":true,"href":"http:\/\/www.muntdemots.org\/2016\/wp-json\/wp\/v2\/users\/1"}],"replies":[{"embeddable":true,"href":"http:\/\/www.muntdemots.org\/2016\/wp-json\/wp\/v2\/comments?post=8330"}],"version-history":[{"count":1,"href":"http:\/\/www.muntdemots.org\/2016\/wp-json\/wp\/v2\/pages\/8330\/revisions"}],"predecessor-version":[{"id":8331,"href":"http:\/\/www.muntdemots.org\/2016\/wp-json\/wp\/v2\/pages\/8330\/revisions\/8331"}],"up":[{"embeddable":true,"href":"http:\/\/www.muntdemots.org\/2016\/wp-json\/wp\/v2\/pages\/4"}],"wp:attachment":[{"href":"http:\/\/www.muntdemots.org\/2016\/wp-json\/wp\/v2\/media?parent=8330"}],"curies":[{"name":"wp","href":"https:\/\/api.w.org\/{rel}","templated":true}]}}