{"id":8326,"date":"2016-09-08T14:50:54","date_gmt":"2016-09-08T14:50:54","guid":{"rendered":"http:\/\/www.muntdemots.org\/2016\/?page_id=8326"},"modified":"2016-09-08T14:53:34","modified_gmt":"2016-09-08T14:53:34","slug":"coralia-rodriguez-cuba-valencia","status":"publish","type":"page","link":"http:\/\/www.muntdemots.org\/2016\/participants\/coralia-rodriguez-cuba-valencia\/","title":{"rendered":"Coralia Rodr\u00edguez (Cuba-Val\u00e8ncia)"},"content":{"rendered":"<p><img decoding=\"async\" loading=\"lazy\" class=\"alignright size-medium wp-image-8288\" src=\"http:\/\/www.muntdemots.org\/2016\/wp-content\/uploads\/2016\/09\/4-300x251.png\" alt=\"4\" width=\"300\" height=\"251\" srcset=\"http:\/\/www.muntdemots.org\/2016\/wp-content\/uploads\/2016\/09\/4-300x251.png 300w, http:\/\/www.muntdemots.org\/2016\/wp-content\/uploads\/2016\/09\/4-768x644.png 768w, http:\/\/www.muntdemots.org\/2016\/wp-content\/uploads\/2016\/09\/4.png 940w\" sizes=\"(max-width: 300px) 100vw, 300px\" \/>Actriu i narradora oral amb m\u00e9s de trenta anys d\u2019experi\u00e8ncia. La seva activitat laboral \u00e9s biling\u00fce (castell\u00e0-franc\u00e8s) i l\u2019ha presentada en m\u00e9s de 20 pa\u00efsos. Inspirada en la tradici\u00f3 familiar i formada pel mestre Francisco Garz\u00f3n en els tallers del Gran Teatro de l\u2019Havana i amb una s\u00f2lida formaci\u00f3 teatral, Coralia ofereix espectacles de contes per a nens i adults xarbotats de m\u00fasica cubana i afrocubana. www.coralia-rodriguez.com<\/p>\n<p>&nbsp;<\/p>\n<p><strong><u>DIMARTS 18<\/u><\/strong><\/p>\n<p><strong>VIAJE AL PA\u00cdS DEL SOL <\/strong><br \/>\n<strong>Coralia Rodr\u00edguez (Cuba- Val\u00e8ncia) <\/strong><\/p>\n<p>Vols saber per qu\u00e8 les tortugues tenen la closca esquarterada? O com aconsegueix una \u00e0via cubana fer dormir un petit negre golafre? Coralia et du a Cuba per explicar-t\u2019ho.<\/p>\n<p><strong>Infantil +4 \/ Castell\u00e0<\/strong><br \/>\n<strong>Hora: 18.00 h<\/strong><br \/>\n<strong>BIBLIOTECA SANT MART\u00cd DE PROVEN\u00c7ALS <\/strong><br \/>\n<strong>Activitat gratu\u00efta <\/strong><\/p>\n<p>&nbsp;<\/p>\n<p><strong><u>DIMECRES 19<\/u><\/strong><\/p>\n<p><strong>SI TE CONTARA DE CUBA&#8230; <\/strong><br \/>\n<strong>Coralia Rodr\u00edguez (Cuba-Val\u00e8ncia) <\/strong><\/p>\n<p>Contes plens de saviesa, de veritats universals, com un divertiment per a l\u2019\u00e0nima. Hist\u00f2ries ancestrals per con\u00e8ixer la tradici\u00f3 oral d\u2019un poble que no es resumeix en la salsa i unes mulates maqu\u00edssimes&#8230;<\/p>\n<p><strong>Adults \/ Castell\u00e0<\/strong><br \/>\n<strong>Hora: 20.00 h<\/strong><br \/>\n<strong>CASA AM\u00c8RICA CATALUNYA <\/strong><br \/>\n<strong>Activitat gratu\u00efta <\/strong><\/p>\n<p><strong>\u00a0<\/strong><\/p>\n<p><strong><u>DIJOUS 20<\/u><\/strong><u><br \/>\n<\/u><strong>CUENTOS DE MI ANDAR <\/strong><br \/>\n<strong>Coralia Rodr\u00edguez (Cuba-Val\u00e8ncia) <\/strong><\/p>\n<p>Hist\u00f2ries recollides en els diversos pa\u00efsos i cultures que he visitat arran del meu voltar com a rondallaire, viatgera, curiosa, amant de la paraula que s\u00f3c. La tradici\u00f3 oral d\u2019aquest m\u00f3n multicolor i multisabor.<\/p>\n<p><strong>Adults \/ Castell\u00e0<\/strong><br \/>\n<strong>Hora: 19.30 h<\/strong><br \/>\n<strong>CENTRE C\u00cdVIC VIL\u00b7LA FLORIDA <\/strong><br \/>\n<strong>Activitat gratu\u00efta <\/strong><\/p>\n<p><strong>\u00a0<\/strong><\/p>\n<p><strong><u>DIVENDRES 21<\/u><\/strong><u><br \/>\n<\/u><strong>VIAJE AL PA\u00cdS DEL SOL <\/strong><br \/>\n<strong>Coralia Rodr\u00edguez (Cuba-Val\u00e8ncia) <\/strong><\/p>\n<p>Vols saber per qu\u00e8 les tortugues tenen la closca esquarterada? O com aconsegueix una \u00e0via cubana fer dormir un petit negre golafre? Coralia et du a Cuba per explicar-t\u2019ho.<\/p>\n<p><strong>Infantil \/ +4<\/strong><br \/>\n<strong>Hora: 18.00 h<\/strong><br \/>\n<strong>CENTRE C\u00cdVIC EL SORTIDOR <\/strong><br \/>\n<strong>Activitat gratu\u00efta <\/strong><\/p>\n<p>&nbsp;<\/p>\n<p><strong><u>DISSABTE 22<\/u><\/strong><u><br \/>\n<\/u><strong>SI TE CONTARA DE CUBA&#8230; <\/strong><br \/>\n<strong>Coralia Rodr\u00edguez (Cuba-Val\u00e8ncia) <\/strong><\/p>\n<p>Contes plens de saviesa, de veritats universals, com un divertiment per a l\u2019\u00e0nima. Hist\u00f2ries ancestrals per con\u00e8ixer la tradici\u00f3 oral d\u2019un poble que no es resumeix en la salsa i unes mulates maqu\u00edssimes&#8230;<\/p>\n<p><strong>Adults \/ Castell\u00e0<\/strong><br \/>\n<strong>Hora: 21.00 h<\/strong><br \/>\n<strong>ROCA UMBERT (GRANOLLERS) <\/strong><br \/>\n<strong>Activitat gratu\u00efta <\/strong><\/p>\n","protected":false},"excerpt":{"rendered":"<p>Actriu i narradora oral amb m\u00e9s de trenta anys d\u2019experi\u00e8ncia. La seva activitat laboral \u00e9s biling\u00fce (castell\u00e0-franc\u00e8s) i l\u2019ha presentada en m\u00e9s de 20 pa\u00efsos. Inspirada en la tradici\u00f3 familiar i formada pel mestre Francisco Garz\u00f3n en els tallers del Gran Teatro de l\u2019Havana i amb una s\u00f2lida formaci\u00f3 teatral, Coralia ofereix espectacles de contes [&hellip;]<\/p>\n","protected":false},"author":1,"featured_media":0,"parent":4,"menu_order":0,"comment_status":"closed","ping_status":"closed","template":"","meta":{"_mi_skip_tracking":false},"yoast_head":"<!-- This site is optimized with the Yoast SEO plugin v20.5 - https:\/\/yoast.com\/wordpress\/plugins\/seo\/ -->\n<title>Coralia Rodr\u00edguez (Cuba-Val\u00e8ncia) - Munt de Mots<\/title>\n<meta name=\"robots\" content=\"index, follow, max-snippet:-1, max-image-preview:large, max-video-preview:-1\" \/>\n<link rel=\"canonical\" href=\"http:\/\/www.muntdemots.org\/2016\/participants\/coralia-rodriguez-cuba-valencia\/\" \/>\n<meta property=\"og:locale\" content=\"ca_ES\" \/>\n<meta property=\"og:type\" content=\"article\" \/>\n<meta property=\"og:title\" content=\"Coralia Rodr\u00edguez (Cuba-Val\u00e8ncia) - Munt de Mots\" \/>\n<meta property=\"og:description\" content=\"Actriu i narradora oral amb m\u00e9s de trenta anys d\u2019experi\u00e8ncia. La seva activitat laboral \u00e9s biling\u00fce (castell\u00e0-franc\u00e8s) i l\u2019ha presentada en m\u00e9s de 20 pa\u00efsos. Inspirada en la tradici\u00f3 familiar i formada pel mestre Francisco Garz\u00f3n en els tallers del Gran Teatro de l\u2019Havana i amb una s\u00f2lida formaci\u00f3 teatral, Coralia ofereix espectacles de contes [&hellip;]\" \/>\n<meta property=\"og:url\" content=\"http:\/\/www.muntdemots.org\/2016\/participants\/coralia-rodriguez-cuba-valencia\/\" \/>\n<meta property=\"og:site_name\" content=\"Munt de Mots\" \/>\n<meta property=\"article:publisher\" content=\"https:\/\/www.facebook.com\/FestivalMuntdeMots\" \/>\n<meta property=\"article:modified_time\" content=\"2016-09-08T14:53:34+00:00\" \/>\n<meta property=\"og:image\" content=\"http:\/\/www.muntdemots.org\/2016\/wp-content\/uploads\/2016\/09\/4-300x251.png\" \/>\n<meta name=\"twitter:card\" content=\"summary_large_image\" \/>\n<meta name=\"twitter:site\" content=\"@muntdemots\" \/>\n<meta name=\"twitter:label1\" content=\"Temps estimat de lectura\" \/>\n\t<meta name=\"twitter:data1\" content=\"2 minuts\" \/>\n<script type=\"application\/ld+json\" class=\"yoast-schema-graph\">{\"@context\":\"https:\/\/schema.org\",\"@graph\":[{\"@type\":\"WebPage\",\"@id\":\"http:\/\/www.muntdemots.org\/2016\/participants\/coralia-rodriguez-cuba-valencia\/\",\"url\":\"http:\/\/www.muntdemots.org\/2016\/participants\/coralia-rodriguez-cuba-valencia\/\",\"name\":\"Coralia Rodr\u00edguez (Cuba-Val\u00e8ncia) - Munt de Mots\",\"isPartOf\":{\"@id\":\"https:\/\/www.muntdemots.org\/2016\/#website\"},\"datePublished\":\"2016-09-08T14:50:54+00:00\",\"dateModified\":\"2016-09-08T14:53:34+00:00\",\"breadcrumb\":{\"@id\":\"http:\/\/www.muntdemots.org\/2016\/participants\/coralia-rodriguez-cuba-valencia\/#breadcrumb\"},\"inLanguage\":\"ca\",\"potentialAction\":[{\"@type\":\"ReadAction\",\"target\":[\"http:\/\/www.muntdemots.org\/2016\/participants\/coralia-rodriguez-cuba-valencia\/\"]}]},{\"@type\":\"BreadcrumbList\",\"@id\":\"http:\/\/www.muntdemots.org\/2016\/participants\/coralia-rodriguez-cuba-valencia\/#breadcrumb\",\"itemListElement\":[{\"@type\":\"ListItem\",\"position\":1,\"name\":\"Inici\",\"item\":\"https:\/\/www.muntdemots.org\/2016\/\"},{\"@type\":\"ListItem\",\"position\":2,\"name\":\"Participants\",\"item\":\"http:\/\/www.muntdemots.org\/2016\/participants\/\"},{\"@type\":\"ListItem\",\"position\":3,\"name\":\"Coralia Rodr\u00edguez (Cuba-Val\u00e8ncia)\"}]},{\"@type\":\"WebSite\",\"@id\":\"https:\/\/www.muntdemots.org\/2016\/#website\",\"url\":\"https:\/\/www.muntdemots.org\/2016\/\",\"name\":\"Munt de Mots\",\"description\":\"\",\"potentialAction\":[{\"@type\":\"SearchAction\",\"target\":{\"@type\":\"EntryPoint\",\"urlTemplate\":\"https:\/\/www.muntdemots.org\/2016\/?s={search_term_string}\"},\"query-input\":\"required name=search_term_string\"}],\"inLanguage\":\"ca\"}]}<\/script>\n<!-- \/ Yoast SEO plugin. -->","yoast_head_json":{"title":"Coralia Rodr\u00edguez (Cuba-Val\u00e8ncia) - Munt de Mots","robots":{"index":"index","follow":"follow","max-snippet":"max-snippet:-1","max-image-preview":"max-image-preview:large","max-video-preview":"max-video-preview:-1"},"canonical":"http:\/\/www.muntdemots.org\/2016\/participants\/coralia-rodriguez-cuba-valencia\/","og_locale":"ca_ES","og_type":"article","og_title":"Coralia Rodr\u00edguez (Cuba-Val\u00e8ncia) - Munt de Mots","og_description":"Actriu i narradora oral amb m\u00e9s de trenta anys d\u2019experi\u00e8ncia. La seva activitat laboral \u00e9s biling\u00fce (castell\u00e0-franc\u00e8s) i l\u2019ha presentada en m\u00e9s de 20 pa\u00efsos. Inspirada en la tradici\u00f3 familiar i formada pel mestre Francisco Garz\u00f3n en els tallers del Gran Teatro de l\u2019Havana i amb una s\u00f2lida formaci\u00f3 teatral, Coralia ofereix espectacles de contes [&hellip;]","og_url":"http:\/\/www.muntdemots.org\/2016\/participants\/coralia-rodriguez-cuba-valencia\/","og_site_name":"Munt de Mots","article_publisher":"https:\/\/www.facebook.com\/FestivalMuntdeMots","article_modified_time":"2016-09-08T14:53:34+00:00","og_image":[{"url":"http:\/\/www.muntdemots.org\/2016\/wp-content\/uploads\/2016\/09\/4-300x251.png"}],"twitter_card":"summary_large_image","twitter_site":"@muntdemots","twitter_misc":{"Temps estimat de lectura":"2 minuts"},"schema":{"@context":"https:\/\/schema.org","@graph":[{"@type":"WebPage","@id":"http:\/\/www.muntdemots.org\/2016\/participants\/coralia-rodriguez-cuba-valencia\/","url":"http:\/\/www.muntdemots.org\/2016\/participants\/coralia-rodriguez-cuba-valencia\/","name":"Coralia Rodr\u00edguez (Cuba-Val\u00e8ncia) - Munt de Mots","isPartOf":{"@id":"https:\/\/www.muntdemots.org\/2016\/#website"},"datePublished":"2016-09-08T14:50:54+00:00","dateModified":"2016-09-08T14:53:34+00:00","breadcrumb":{"@id":"http:\/\/www.muntdemots.org\/2016\/participants\/coralia-rodriguez-cuba-valencia\/#breadcrumb"},"inLanguage":"ca","potentialAction":[{"@type":"ReadAction","target":["http:\/\/www.muntdemots.org\/2016\/participants\/coralia-rodriguez-cuba-valencia\/"]}]},{"@type":"BreadcrumbList","@id":"http:\/\/www.muntdemots.org\/2016\/participants\/coralia-rodriguez-cuba-valencia\/#breadcrumb","itemListElement":[{"@type":"ListItem","position":1,"name":"Inici","item":"https:\/\/www.muntdemots.org\/2016\/"},{"@type":"ListItem","position":2,"name":"Participants","item":"http:\/\/www.muntdemots.org\/2016\/participants\/"},{"@type":"ListItem","position":3,"name":"Coralia Rodr\u00edguez (Cuba-Val\u00e8ncia)"}]},{"@type":"WebSite","@id":"https:\/\/www.muntdemots.org\/2016\/#website","url":"https:\/\/www.muntdemots.org\/2016\/","name":"Munt de Mots","description":"","potentialAction":[{"@type":"SearchAction","target":{"@type":"EntryPoint","urlTemplate":"https:\/\/www.muntdemots.org\/2016\/?s={search_term_string}"},"query-input":"required name=search_term_string"}],"inLanguage":"ca"}]}},"_links":{"self":[{"href":"http:\/\/www.muntdemots.org\/2016\/wp-json\/wp\/v2\/pages\/8326"}],"collection":[{"href":"http:\/\/www.muntdemots.org\/2016\/wp-json\/wp\/v2\/pages"}],"about":[{"href":"http:\/\/www.muntdemots.org\/2016\/wp-json\/wp\/v2\/types\/page"}],"author":[{"embeddable":true,"href":"http:\/\/www.muntdemots.org\/2016\/wp-json\/wp\/v2\/users\/1"}],"replies":[{"embeddable":true,"href":"http:\/\/www.muntdemots.org\/2016\/wp-json\/wp\/v2\/comments?post=8326"}],"version-history":[{"count":2,"href":"http:\/\/www.muntdemots.org\/2016\/wp-json\/wp\/v2\/pages\/8326\/revisions"}],"predecessor-version":[{"id":8329,"href":"http:\/\/www.muntdemots.org\/2016\/wp-json\/wp\/v2\/pages\/8326\/revisions\/8329"}],"up":[{"embeddable":true,"href":"http:\/\/www.muntdemots.org\/2016\/wp-json\/wp\/v2\/pages\/4"}],"wp:attachment":[{"href":"http:\/\/www.muntdemots.org\/2016\/wp-json\/wp\/v2\/media?parent=8326"}],"curies":[{"name":"wp","href":"https:\/\/api.w.org\/{rel}","templated":true}]}}