{"id":8100,"date":"2015-09-28T10:59:24","date_gmt":"2015-09-28T10:59:24","guid":{"rendered":"http:\/\/www.muntdemots.org\/2015\/?page_id=8100"},"modified":"2016-10-15T23:51:33","modified_gmt":"2016-10-15T23:51:33","slug":"verkami","status":"publish","type":"page","link":"http:\/\/www.muntdemots.org\/2016\/verkami\/","title":{"rendered":"Els micro-mecenes del Munt de Mots 2016! Moltes gr\u00e0cies!!!"},"content":{"rendered":"<p>El Munt de Mots 2016 no hagu\u00e9s estat possible sense la col\u00b7laboraci\u00f3 de moltes persones i entitats que, de manera desinteressada, han col\u00b7laborat en la campanya de micro-mecenatge per finan\u00e7ar el projecte. A totes elles, un Munt de Gr\u00e0cies!!!<\/p>\n<p>\u00d3scar Igual<br \/>\nAlicia<br \/>\nAlicia Molina<br \/>\nAna Moreno Mariscal<br \/>\nAngel<\/p>\n<p>\u00c0ngels Aisa<br \/>\nAnna<br \/>\nAnna Borras<br \/>\nAnna Iwaszuk<br \/>\nAnunjimm<br \/>\nAnxo Baranga<br \/>\nArnau Vilardebo<br \/>\nAssumpta<br \/>\nAurora Duarte Reyes<br \/>\nBego Alabazan<br \/>\nBenjam\u00ed Vilar Farriol<br \/>\nBorja Riquelme<br \/>\nBufamots<br \/>\nCarine<br \/>\nCarinevk<br \/>\nCarme Ball\u00e9s<br \/>\nCarmen Vila<br \/>\nCarmen Molina<br \/>\nCelia<br \/>\nClarisa<br \/>\nCris<br \/>\nCristina Serrat<br \/>\nDolors Morcillo Gomez<br \/>\nEleeeen<br \/>\nElena<br \/>\nEnaitz<br \/>\nEnriqueta Vidal Millas<br \/>\nErica<br \/>\nEsther Roig<br \/>\nEva<br \/>\nFerran Cerdans Serra<br \/>\nFlavia Piazza<br \/>\nGemma Medina<br \/>\nInes<br \/>\nIris Gonzalez<br \/>\nIsabel<br \/>\nIsrael Herg\u00f3n<br \/>\nJmayol<br \/>\nJoaquim Fargas Casamitjana<br \/>\nJose Manuel Garz\u00f3n<br \/>\nJosep Llu\u00eds Gallardo Sedano<br \/>\nJsalariera<br \/>\nJudith<br \/>\nkalinkandrea<br \/>\nKarel Mena<br \/>\nKarla<br \/>\nLa Julipe<br \/>\nLaura Mu\u00f1oz<br \/>\nLi<br \/>\nLlanos<br \/>\nLlu\u00eds Curbera<br \/>\nLluc Castells Icart<br \/>\nM\u00aa Antonia Castellana Tatje<br \/>\nMaese Leiva<br \/>\nManel Calbet<br \/>\nMar Ortega Jim\u00e9nez<br \/>\nMaria Garcia<br \/>\nMaria Cabredachs<br \/>\nMarisa<br \/>\nMartes de cuento<br \/>\nMerce Boschg<br \/>\nMercerubi10<br \/>\nMilo J. Krmpoti\u00c4\u2021<br \/>\nMireia<br \/>\nMonika klose<br \/>\nMontse Comas<br \/>\nNevis<br \/>\nNona<br \/>\nNona Umbert<br \/>\nNuria Olvera<br \/>\nOriol Toro<br \/>\nPaitu<br \/>\nPati de contes<br \/>\nPau Farell<br \/>\nPCV<br \/>\nPebre Negre<br \/>\nPilar Viure<br \/>\nRaqueldmm<br \/>\nRosa<br \/>\nRoser Pubill<br \/>\nSara Genovart<br \/>\nSato<br \/>\nSisu<br \/>\nTeresa Arrufat Creus<br \/>\nTeresa Cubi<br \/>\nTeresa Icart Mas<br \/>\nTeresa Masat<br \/>\nUricoll<br \/>\nVicky<br \/>\nWilliam Arunategui<\/p>\n","protected":false},"excerpt":{"rendered":"<p>El Munt de Mots 2016 no hagu\u00e9s estat possible sense la col\u00b7laboraci\u00f3 de moltes persones i entitats que, de manera desinteressada, han col\u00b7laborat en la campanya de micro-mecenatge per finan\u00e7ar el projecte. A totes elles, un Munt de Gr\u00e0cies!!! \u00d3scar Igual Alicia Alicia Molina Ana Moreno Mariscal Angel \u00c0ngels Aisa Anna Anna Borras Anna Iwaszuk [&hellip;]<\/p>\n","protected":false},"author":1,"featured_media":0,"parent":0,"menu_order":0,"comment_status":"closed","ping_status":"closed","template":"","meta":{"_mi_skip_tracking":false},"yoast_head":"<!-- This site is optimized with the Yoast SEO plugin v20.5 - https:\/\/yoast.com\/wordpress\/plugins\/seo\/ -->\n<title>Els micro-mecenes del Munt de Mots 2016! Moltes gr\u00e0cies!!! - Munt de Mots<\/title>\n<meta name=\"robots\" content=\"index, follow, max-snippet:-1, max-image-preview:large, max-video-preview:-1\" \/>\n<link rel=\"canonical\" href=\"http:\/\/www.muntdemots.org\/2016\/verkami\/\" \/>\n<meta property=\"og:locale\" content=\"ca_ES\" \/>\n<meta property=\"og:type\" content=\"article\" \/>\n<meta property=\"og:title\" content=\"Els micro-mecenes del Munt de Mots 2016! Moltes gr\u00e0cies!!! - Munt de Mots\" \/>\n<meta property=\"og:description\" content=\"El Munt de Mots 2016 no hagu\u00e9s estat possible sense la col\u00b7laboraci\u00f3 de moltes persones i entitats que, de manera desinteressada, han col\u00b7laborat en la campanya de micro-mecenatge per finan\u00e7ar el projecte. A totes elles, un Munt de Gr\u00e0cies!!! \u00d3scar Igual Alicia Alicia Molina Ana Moreno Mariscal Angel \u00c0ngels Aisa Anna Anna Borras Anna Iwaszuk [&hellip;]\" \/>\n<meta property=\"og:url\" content=\"http:\/\/www.muntdemots.org\/2016\/verkami\/\" \/>\n<meta property=\"og:site_name\" content=\"Munt de Mots\" \/>\n<meta property=\"article:publisher\" content=\"https:\/\/www.facebook.com\/FestivalMuntdeMots\" \/>\n<meta property=\"article:modified_time\" content=\"2016-10-15T23:51:33+00:00\" \/>\n<meta name=\"twitter:card\" content=\"summary_large_image\" \/>\n<meta name=\"twitter:site\" content=\"@muntdemots\" \/>\n<meta name=\"twitter:label1\" content=\"Temps estimat de lectura\" \/>\n\t<meta name=\"twitter:data1\" content=\"1 minut\" \/>\n<script type=\"application\/ld+json\" class=\"yoast-schema-graph\">{\"@context\":\"https:\/\/schema.org\",\"@graph\":[{\"@type\":\"WebPage\",\"@id\":\"http:\/\/www.muntdemots.org\/2016\/verkami\/\",\"url\":\"http:\/\/www.muntdemots.org\/2016\/verkami\/\",\"name\":\"Els micro-mecenes del Munt de Mots 2016! Moltes gr\u00e0cies!!! - Munt de Mots\",\"isPartOf\":{\"@id\":\"https:\/\/www.muntdemots.org\/2016\/#website\"},\"datePublished\":\"2015-09-28T10:59:24+00:00\",\"dateModified\":\"2016-10-15T23:51:33+00:00\",\"breadcrumb\":{\"@id\":\"http:\/\/www.muntdemots.org\/2016\/verkami\/#breadcrumb\"},\"inLanguage\":\"ca\",\"potentialAction\":[{\"@type\":\"ReadAction\",\"target\":[\"http:\/\/www.muntdemots.org\/2016\/verkami\/\"]}]},{\"@type\":\"BreadcrumbList\",\"@id\":\"http:\/\/www.muntdemots.org\/2016\/verkami\/#breadcrumb\",\"itemListElement\":[{\"@type\":\"ListItem\",\"position\":1,\"name\":\"Inici\",\"item\":\"https:\/\/www.muntdemots.org\/2016\/\"},{\"@type\":\"ListItem\",\"position\":2,\"name\":\"Els micro-mecenes del Munt de Mots 2016! Moltes gr\u00e0cies!!!\"}]},{\"@type\":\"WebSite\",\"@id\":\"https:\/\/www.muntdemots.org\/2016\/#website\",\"url\":\"https:\/\/www.muntdemots.org\/2016\/\",\"name\":\"Munt de Mots\",\"description\":\"\",\"potentialAction\":[{\"@type\":\"SearchAction\",\"target\":{\"@type\":\"EntryPoint\",\"urlTemplate\":\"https:\/\/www.muntdemots.org\/2016\/?s={search_term_string}\"},\"query-input\":\"required name=search_term_string\"}],\"inLanguage\":\"ca\"}]}<\/script>\n<!-- \/ Yoast SEO plugin. -->","yoast_head_json":{"title":"Els micro-mecenes del Munt de Mots 2016! Moltes gr\u00e0cies!!! - Munt de Mots","robots":{"index":"index","follow":"follow","max-snippet":"max-snippet:-1","max-image-preview":"max-image-preview:large","max-video-preview":"max-video-preview:-1"},"canonical":"http:\/\/www.muntdemots.org\/2016\/verkami\/","og_locale":"ca_ES","og_type":"article","og_title":"Els micro-mecenes del Munt de Mots 2016! Moltes gr\u00e0cies!!! - Munt de Mots","og_description":"El Munt de Mots 2016 no hagu\u00e9s estat possible sense la col\u00b7laboraci\u00f3 de moltes persones i entitats que, de manera desinteressada, han col\u00b7laborat en la campanya de micro-mecenatge per finan\u00e7ar el projecte. A totes elles, un Munt de Gr\u00e0cies!!! \u00d3scar Igual Alicia Alicia Molina Ana Moreno Mariscal Angel \u00c0ngels Aisa Anna Anna Borras Anna Iwaszuk [&hellip;]","og_url":"http:\/\/www.muntdemots.org\/2016\/verkami\/","og_site_name":"Munt de Mots","article_publisher":"https:\/\/www.facebook.com\/FestivalMuntdeMots","article_modified_time":"2016-10-15T23:51:33+00:00","twitter_card":"summary_large_image","twitter_site":"@muntdemots","twitter_misc":{"Temps estimat de lectura":"1 minut"},"schema":{"@context":"https:\/\/schema.org","@graph":[{"@type":"WebPage","@id":"http:\/\/www.muntdemots.org\/2016\/verkami\/","url":"http:\/\/www.muntdemots.org\/2016\/verkami\/","name":"Els micro-mecenes del Munt de Mots 2016! Moltes gr\u00e0cies!!! - Munt de Mots","isPartOf":{"@id":"https:\/\/www.muntdemots.org\/2016\/#website"},"datePublished":"2015-09-28T10:59:24+00:00","dateModified":"2016-10-15T23:51:33+00:00","breadcrumb":{"@id":"http:\/\/www.muntdemots.org\/2016\/verkami\/#breadcrumb"},"inLanguage":"ca","potentialAction":[{"@type":"ReadAction","target":["http:\/\/www.muntdemots.org\/2016\/verkami\/"]}]},{"@type":"BreadcrumbList","@id":"http:\/\/www.muntdemots.org\/2016\/verkami\/#breadcrumb","itemListElement":[{"@type":"ListItem","position":1,"name":"Inici","item":"https:\/\/www.muntdemots.org\/2016\/"},{"@type":"ListItem","position":2,"name":"Els micro-mecenes del Munt de Mots 2016! Moltes gr\u00e0cies!!!"}]},{"@type":"WebSite","@id":"https:\/\/www.muntdemots.org\/2016\/#website","url":"https:\/\/www.muntdemots.org\/2016\/","name":"Munt de Mots","description":"","potentialAction":[{"@type":"SearchAction","target":{"@type":"EntryPoint","urlTemplate":"https:\/\/www.muntdemots.org\/2016\/?s={search_term_string}"},"query-input":"required name=search_term_string"}],"inLanguage":"ca"}]}},"_links":{"self":[{"href":"http:\/\/www.muntdemots.org\/2016\/wp-json\/wp\/v2\/pages\/8100"}],"collection":[{"href":"http:\/\/www.muntdemots.org\/2016\/wp-json\/wp\/v2\/pages"}],"about":[{"href":"http:\/\/www.muntdemots.org\/2016\/wp-json\/wp\/v2\/types\/page"}],"author":[{"embeddable":true,"href":"http:\/\/www.muntdemots.org\/2016\/wp-json\/wp\/v2\/users\/1"}],"replies":[{"embeddable":true,"href":"http:\/\/www.muntdemots.org\/2016\/wp-json\/wp\/v2\/comments?post=8100"}],"version-history":[{"count":6,"href":"http:\/\/www.muntdemots.org\/2016\/wp-json\/wp\/v2\/pages\/8100\/revisions"}],"predecessor-version":[{"id":8544,"href":"http:\/\/www.muntdemots.org\/2016\/wp-json\/wp\/v2\/pages\/8100\/revisions\/8544"}],"wp:attachment":[{"href":"http:\/\/www.muntdemots.org\/2016\/wp-json\/wp\/v2\/media?parent=8100"}],"curies":[{"name":"wp","href":"https:\/\/api.w.org\/{rel}","templated":true}]}}