{"id":8043,"date":"2015-09-21T21:28:49","date_gmt":"2015-09-21T21:28:49","guid":{"rendered":"http:\/\/www.muntdemots.org\/2015\/?page_id=8043"},"modified":"2015-09-21T21:31:18","modified_gmt":"2015-09-21T21:31:18","slug":"tu-contes-jam-de-contes","status":"publish","type":"page","link":"http:\/\/www.muntdemots.org\/2015\/participants\/tu-contes-jam-de-contes\/","title":{"rendered":"TU CONTES"},"content":{"rendered":"<p>Conduit pel grup Las Lindas (Catalunya)<\/p>\n<p>Espai de trobada obert a tothom, tant per a qui vingui a contar contes com per a qui vingui nom\u00e9s a escoltar-los.<br \/>\nEns trobar\u00e0s el segon divendres de cada mes a les 19.00h al CC Torre Llobeta. Nom\u00e9s hi faltes tu!<\/p>\n<p>Adults \/ Catal\u00e0 i castell\u00e0<br \/>\nDIVENDRES 23<br \/>\nHora: 19.00h<br \/>\n<a href=\"http:\/\/www.muntdemots.org\/2015\/locations\/torre-llobeta\/\">CENTRE CIVIC TORRE LLOBETA<\/a><\/p>\n<p>Activitat gratu\u00efta<\/p>\n","protected":false},"excerpt":{"rendered":"<p>Conduit pel grup Las Lindas (Catalunya) Espai de trobada obert a tothom, tant per a qui vingui a contar contes com per a qui vingui nom\u00e9s a escoltar-los. Ens trobar\u00e0s el segon divendres de cada mes a les 19.00h al CC Torre Llobeta. Nom\u00e9s hi faltes tu! Adults \/ Catal\u00e0 i castell\u00e0 DIVENDRES 23 Hora: [&hellip;]<\/p>\n","protected":false},"author":28,"featured_media":0,"parent":4,"menu_order":0,"comment_status":"closed","ping_status":"closed","template":"","meta":{"_mi_skip_tracking":false},"yoast_head":"<!-- This site is optimized with the Yoast SEO plugin v20.5 - https:\/\/yoast.com\/wordpress\/plugins\/seo\/ -->\n<title>TU CONTES - Munt de Mots<\/title>\n<meta name=\"robots\" content=\"index, follow, max-snippet:-1, max-image-preview:large, max-video-preview:-1\" \/>\n<link rel=\"canonical\" href=\"http:\/\/www.muntdemots.org\/2015\/participants\/tu-contes-jam-de-contes\/\" \/>\n<meta property=\"og:locale\" content=\"ca_ES\" \/>\n<meta property=\"og:type\" content=\"article\" \/>\n<meta property=\"og:title\" content=\"TU CONTES - Munt de Mots\" \/>\n<meta property=\"og:description\" content=\"Conduit pel grup Las Lindas (Catalunya) Espai de trobada obert a tothom, tant per a qui vingui a contar contes com per a qui vingui nom\u00e9s a escoltar-los. Ens trobar\u00e0s el segon divendres de cada mes a les 19.00h al CC Torre Llobeta. Nom\u00e9s hi faltes tu! Adults \/ Catal\u00e0 i castell\u00e0 DIVENDRES 23 Hora: [&hellip;]\" \/>\n<meta property=\"og:url\" content=\"http:\/\/www.muntdemots.org\/2015\/participants\/tu-contes-jam-de-contes\/\" \/>\n<meta property=\"og:site_name\" content=\"Munt de Mots\" \/>\n<meta property=\"article:publisher\" content=\"https:\/\/www.facebook.com\/FestivalMuntdeMots\" \/>\n<meta property=\"article:modified_time\" content=\"2015-09-21T21:31:18+00:00\" \/>\n<meta name=\"twitter:card\" content=\"summary_large_image\" \/>\n<meta name=\"twitter:site\" content=\"@muntdemots\" \/>\n<script type=\"application\/ld+json\" class=\"yoast-schema-graph\">{\"@context\":\"https:\/\/schema.org\",\"@graph\":[{\"@type\":\"WebPage\",\"@id\":\"http:\/\/www.muntdemots.org\/2015\/participants\/tu-contes-jam-de-contes\/\",\"url\":\"http:\/\/www.muntdemots.org\/2015\/participants\/tu-contes-jam-de-contes\/\",\"name\":\"TU CONTES - Munt de Mots\",\"isPartOf\":{\"@id\":\"http:\/\/www.muntdemots.org\/2015\/#website\"},\"datePublished\":\"2015-09-21T21:28:49+00:00\",\"dateModified\":\"2015-09-21T21:31:18+00:00\",\"breadcrumb\":{\"@id\":\"http:\/\/www.muntdemots.org\/2015\/participants\/tu-contes-jam-de-contes\/#breadcrumb\"},\"inLanguage\":\"ca\",\"potentialAction\":[{\"@type\":\"ReadAction\",\"target\":[\"http:\/\/www.muntdemots.org\/2015\/participants\/tu-contes-jam-de-contes\/\"]}]},{\"@type\":\"BreadcrumbList\",\"@id\":\"http:\/\/www.muntdemots.org\/2015\/participants\/tu-contes-jam-de-contes\/#breadcrumb\",\"itemListElement\":[{\"@type\":\"ListItem\",\"position\":1,\"name\":\"Inici\",\"item\":\"http:\/\/www.muntdemots.org\/2015\/\"},{\"@type\":\"ListItem\",\"position\":2,\"name\":\"Participants\",\"item\":\"https:\/\/www.muntdemots.org\/2015\/participants\/\"},{\"@type\":\"ListItem\",\"position\":3,\"name\":\"TU CONTES\"}]},{\"@type\":\"WebSite\",\"@id\":\"http:\/\/www.muntdemots.org\/2015\/#website\",\"url\":\"http:\/\/www.muntdemots.org\/2015\/\",\"name\":\"Munt de Mots\",\"description\":\"\",\"potentialAction\":[{\"@type\":\"SearchAction\",\"target\":{\"@type\":\"EntryPoint\",\"urlTemplate\":\"http:\/\/www.muntdemots.org\/2015\/?s={search_term_string}\"},\"query-input\":\"required name=search_term_string\"}],\"inLanguage\":\"ca\"}]}<\/script>\n<!-- \/ Yoast SEO plugin. -->","yoast_head_json":{"title":"TU CONTES - Munt de Mots","robots":{"index":"index","follow":"follow","max-snippet":"max-snippet:-1","max-image-preview":"max-image-preview:large","max-video-preview":"max-video-preview:-1"},"canonical":"http:\/\/www.muntdemots.org\/2015\/participants\/tu-contes-jam-de-contes\/","og_locale":"ca_ES","og_type":"article","og_title":"TU CONTES - Munt de Mots","og_description":"Conduit pel grup Las Lindas (Catalunya) Espai de trobada obert a tothom, tant per a qui vingui a contar contes com per a qui vingui nom\u00e9s a escoltar-los. Ens trobar\u00e0s el segon divendres de cada mes a les 19.00h al CC Torre Llobeta. Nom\u00e9s hi faltes tu! Adults \/ Catal\u00e0 i castell\u00e0 DIVENDRES 23 Hora: [&hellip;]","og_url":"http:\/\/www.muntdemots.org\/2015\/participants\/tu-contes-jam-de-contes\/","og_site_name":"Munt de Mots","article_publisher":"https:\/\/www.facebook.com\/FestivalMuntdeMots","article_modified_time":"2015-09-21T21:31:18+00:00","twitter_card":"summary_large_image","twitter_site":"@muntdemots","schema":{"@context":"https:\/\/schema.org","@graph":[{"@type":"WebPage","@id":"http:\/\/www.muntdemots.org\/2015\/participants\/tu-contes-jam-de-contes\/","url":"http:\/\/www.muntdemots.org\/2015\/participants\/tu-contes-jam-de-contes\/","name":"TU CONTES - Munt de Mots","isPartOf":{"@id":"http:\/\/www.muntdemots.org\/2015\/#website"},"datePublished":"2015-09-21T21:28:49+00:00","dateModified":"2015-09-21T21:31:18+00:00","breadcrumb":{"@id":"http:\/\/www.muntdemots.org\/2015\/participants\/tu-contes-jam-de-contes\/#breadcrumb"},"inLanguage":"ca","potentialAction":[{"@type":"ReadAction","target":["http:\/\/www.muntdemots.org\/2015\/participants\/tu-contes-jam-de-contes\/"]}]},{"@type":"BreadcrumbList","@id":"http:\/\/www.muntdemots.org\/2015\/participants\/tu-contes-jam-de-contes\/#breadcrumb","itemListElement":[{"@type":"ListItem","position":1,"name":"Inici","item":"http:\/\/www.muntdemots.org\/2015\/"},{"@type":"ListItem","position":2,"name":"Participants","item":"https:\/\/www.muntdemots.org\/2015\/participants\/"},{"@type":"ListItem","position":3,"name":"TU CONTES"}]},{"@type":"WebSite","@id":"http:\/\/www.muntdemots.org\/2015\/#website","url":"http:\/\/www.muntdemots.org\/2015\/","name":"Munt de Mots","description":"","potentialAction":[{"@type":"SearchAction","target":{"@type":"EntryPoint","urlTemplate":"http:\/\/www.muntdemots.org\/2015\/?s={search_term_string}"},"query-input":"required name=search_term_string"}],"inLanguage":"ca"}]}},"_links":{"self":[{"href":"http:\/\/www.muntdemots.org\/2015\/wp-json\/wp\/v2\/pages\/8043"}],"collection":[{"href":"http:\/\/www.muntdemots.org\/2015\/wp-json\/wp\/v2\/pages"}],"about":[{"href":"http:\/\/www.muntdemots.org\/2015\/wp-json\/wp\/v2\/types\/page"}],"author":[{"embeddable":true,"href":"http:\/\/www.muntdemots.org\/2015\/wp-json\/wp\/v2\/users\/28"}],"replies":[{"embeddable":true,"href":"http:\/\/www.muntdemots.org\/2015\/wp-json\/wp\/v2\/comments?post=8043"}],"version-history":[{"count":2,"href":"http:\/\/www.muntdemots.org\/2015\/wp-json\/wp\/v2\/pages\/8043\/revisions"}],"predecessor-version":[{"id":8045,"href":"http:\/\/www.muntdemots.org\/2015\/wp-json\/wp\/v2\/pages\/8043\/revisions\/8045"}],"up":[{"embeddable":true,"href":"http:\/\/www.muntdemots.org\/2015\/wp-json\/wp\/v2\/pages\/4"}],"wp:attachment":[{"href":"http:\/\/www.muntdemots.org\/2015\/wp-json\/wp\/v2\/media?parent=8043"}],"curies":[{"name":"wp","href":"https:\/\/api.w.org\/{rel}","templated":true}]}}