{"id":7897,"date":"2015-09-15T11:22:59","date_gmt":"2015-09-15T11:22:59","guid":{"rendered":"http:\/\/www.muntdemots.org\/2015\/?page_id=7897"},"modified":"2015-09-21T09:31:39","modified_gmt":"2015-09-21T09:31:39","slug":"itziar-rekalde-pais-basc","status":"publish","type":"page","link":"http:\/\/www.muntdemots.org\/2015\/participants\/itziar-rekalde-pais-basc\/","title":{"rendered":"Itziar Rekalde (Pa\u00eds Basc)"},"content":{"rendered":"<p><a href=\"http:\/\/www.muntdemots.org\/2015\/wp-content\/uploads\/2015\/09\/itziar-rekalde-11.jpg\"><img decoding=\"async\" loading=\"lazy\" class=\"alignright wp-image-7899\" src=\"http:\/\/www.muntdemots.org\/2015\/wp-content\/uploads\/2015\/09\/itziar-rekalde-11-226x300.jpg\" alt=\"itziar-rekalde-11\" width=\"187\" height=\"248\" srcset=\"http:\/\/www.muntdemots.org\/2015\/wp-content\/uploads\/2015\/09\/itziar-rekalde-11-226x300.jpg 226w, http:\/\/www.muntdemots.org\/2015\/wp-content\/uploads\/2015\/09\/itziar-rekalde-11-770x1024.jpg 770w, http:\/\/www.muntdemots.org\/2015\/wp-content\/uploads\/2015\/09\/itziar-rekalde-11.jpg 1200w\" sizes=\"(max-width: 187px) 100vw, 187px\" \/><\/a>Va comen\u00e7ar a transitar pels camins de la narraci\u00f3 i els contes el segle passat, per la d\u00e8cada dels noranta, alimentant-se d\u2019hist\u00f2ries teixides i macerades en els temps passats que altres han recollit i transm\u00e8s. Tamb\u00e9 s\u2019ha nodrit d\u2019hist\u00f2ries del temps present, on ara vivim, imaginem i somiem. Aquest p\u00f2sit \u00e9s el que li ha perm\u00e8s crear i recrear les seves pr\u00f2pies hist\u00f2ries, que corren pel seu sistema circulatori i, quan li omplen el cor, vessen en paraules. Escolta a qui li vol explicar i explica a qui la vol escoltar, recorrent un m\u00f3n en el qual tot \u00e9s possible encara que no sigui cert.<\/p>\n<p>&nbsp;<\/p>\n<p>&nbsp;<\/p>\n<hr \/>\n<p><strong>SI TE LO CUENTO TE VAS A ENTERAR <\/strong><\/p>\n<p>Format per hist\u00f2ries que intenten donar un sentit a tot el que ens envolta i fer-nos estar amatents a tot all\u00f2 que nom\u00e9s podrem descobrir si ens endinsem en el fascinant m\u00f3n de la imaginaci\u00f3.<\/p>\n<p>Infantil \/ Castell\u00e0<br \/>\nDIJOUS 22<br \/>\nHora: 18.00 h<br \/>\n<a href=\"http:\/\/www.muntdemots.org\/2015\/locations\/biblioteca-francesca-bonnemaison\/\">BIBLIOTECA FRANCESCA BONNEMAISON<\/a><br \/>\nActivitat gratu\u00efta<\/p>\n<p>&nbsp;<\/p>\n<hr \/>\n<p><strong>QU\u00c9 NO HAR\u00cdA YO PARA QUE ME QUISIERAS <\/strong><\/p>\n<p>Com si es tract\u00e9s de cavallers amb les seves armadures, els protagonistes d\u2019aquestes hist\u00f2ries estan disposats a fer qualsevol cosa per aconseguir que els estimin. Segur que aix\u00f2 li passa a tothom! O no?<\/p>\n<p>Adults \/ Castell\u00e0<br \/>\nDIVENDRES 23<br \/>\nHora: 19.30 h<br \/>\n<a href=\"http:\/\/www.muntdemots.org\/2015\/locations\/centre-civic-urgell\/\"> CENTRE C\u00cdVIC URGELL<\/a><br \/>\nActivitat gratu\u00efta<\/p>\n<p>&nbsp;<\/p>\n","protected":false},"excerpt":{"rendered":"<p>Va comen\u00e7ar a transitar pels camins de la narraci\u00f3 i els contes el segle passat, per la d\u00e8cada dels noranta, alimentant-se d\u2019hist\u00f2ries teixides i macerades en els temps passats que altres han recollit i transm\u00e8s. Tamb\u00e9 s\u2019ha nodrit d\u2019hist\u00f2ries del temps present, on ara vivim, imaginem i somiem. Aquest p\u00f2sit \u00e9s el que li ha [&hellip;]<\/p>\n","protected":false},"author":28,"featured_media":0,"parent":4,"menu_order":0,"comment_status":"closed","ping_status":"closed","template":"","meta":{"_mi_skip_tracking":false},"yoast_head":"<!-- This site is optimized with the Yoast SEO plugin v20.5 - https:\/\/yoast.com\/wordpress\/plugins\/seo\/ -->\n<title>Itziar Rekalde (Pa\u00eds Basc) - Munt de Mots<\/title>\n<meta name=\"robots\" content=\"index, follow, max-snippet:-1, max-image-preview:large, max-video-preview:-1\" \/>\n<link rel=\"canonical\" href=\"http:\/\/www.muntdemots.org\/2015\/participants\/itziar-rekalde-pais-basc\/\" \/>\n<meta property=\"og:locale\" content=\"ca_ES\" \/>\n<meta property=\"og:type\" content=\"article\" \/>\n<meta property=\"og:title\" content=\"Itziar Rekalde (Pa\u00eds Basc) - Munt de Mots\" \/>\n<meta property=\"og:description\" content=\"Va comen\u00e7ar a transitar pels camins de la narraci\u00f3 i els contes el segle passat, per la d\u00e8cada dels noranta, alimentant-se d\u2019hist\u00f2ries teixides i macerades en els temps passats que altres han recollit i transm\u00e8s. Tamb\u00e9 s\u2019ha nodrit d\u2019hist\u00f2ries del temps present, on ara vivim, imaginem i somiem. Aquest p\u00f2sit \u00e9s el que li ha [&hellip;]\" \/>\n<meta property=\"og:url\" content=\"http:\/\/www.muntdemots.org\/2015\/participants\/itziar-rekalde-pais-basc\/\" \/>\n<meta property=\"og:site_name\" content=\"Munt de Mots\" \/>\n<meta property=\"article:publisher\" content=\"https:\/\/www.facebook.com\/FestivalMuntdeMots\" \/>\n<meta property=\"article:modified_time\" content=\"2015-09-21T09:31:39+00:00\" \/>\n<meta property=\"og:image\" content=\"http:\/\/www.muntdemots.org\/2015\/wp-content\/uploads\/2015\/09\/itziar-rekalde-11-226x300.jpg\" \/>\n<meta name=\"twitter:card\" content=\"summary_large_image\" \/>\n<meta name=\"twitter:site\" content=\"@muntdemots\" \/>\n<meta name=\"twitter:label1\" content=\"Temps estimat de lectura\" \/>\n\t<meta name=\"twitter:data1\" content=\"1 minut\" \/>\n<script type=\"application\/ld+json\" class=\"yoast-schema-graph\">{\"@context\":\"https:\/\/schema.org\",\"@graph\":[{\"@type\":\"WebPage\",\"@id\":\"http:\/\/www.muntdemots.org\/2015\/participants\/itziar-rekalde-pais-basc\/\",\"url\":\"http:\/\/www.muntdemots.org\/2015\/participants\/itziar-rekalde-pais-basc\/\",\"name\":\"Itziar Rekalde (Pa\u00eds Basc) - Munt de Mots\",\"isPartOf\":{\"@id\":\"http:\/\/www.muntdemots.org\/2015\/#website\"},\"datePublished\":\"2015-09-15T11:22:59+00:00\",\"dateModified\":\"2015-09-21T09:31:39+00:00\",\"breadcrumb\":{\"@id\":\"http:\/\/www.muntdemots.org\/2015\/participants\/itziar-rekalde-pais-basc\/#breadcrumb\"},\"inLanguage\":\"ca\",\"potentialAction\":[{\"@type\":\"ReadAction\",\"target\":[\"http:\/\/www.muntdemots.org\/2015\/participants\/itziar-rekalde-pais-basc\/\"]}]},{\"@type\":\"BreadcrumbList\",\"@id\":\"http:\/\/www.muntdemots.org\/2015\/participants\/itziar-rekalde-pais-basc\/#breadcrumb\",\"itemListElement\":[{\"@type\":\"ListItem\",\"position\":1,\"name\":\"Inici\",\"item\":\"http:\/\/www.muntdemots.org\/2015\/\"},{\"@type\":\"ListItem\",\"position\":2,\"name\":\"Participants\",\"item\":\"http:\/\/www.muntdemots.org\/2015\/participants\/\"},{\"@type\":\"ListItem\",\"position\":3,\"name\":\"Itziar Rekalde (Pa\u00eds Basc)\"}]},{\"@type\":\"WebSite\",\"@id\":\"http:\/\/www.muntdemots.org\/2015\/#website\",\"url\":\"http:\/\/www.muntdemots.org\/2015\/\",\"name\":\"Munt de Mots\",\"description\":\"\",\"potentialAction\":[{\"@type\":\"SearchAction\",\"target\":{\"@type\":\"EntryPoint\",\"urlTemplate\":\"http:\/\/www.muntdemots.org\/2015\/?s={search_term_string}\"},\"query-input\":\"required name=search_term_string\"}],\"inLanguage\":\"ca\"}]}<\/script>\n<!-- \/ Yoast SEO plugin. -->","yoast_head_json":{"title":"Itziar Rekalde (Pa\u00eds Basc) - Munt de Mots","robots":{"index":"index","follow":"follow","max-snippet":"max-snippet:-1","max-image-preview":"max-image-preview:large","max-video-preview":"max-video-preview:-1"},"canonical":"http:\/\/www.muntdemots.org\/2015\/participants\/itziar-rekalde-pais-basc\/","og_locale":"ca_ES","og_type":"article","og_title":"Itziar Rekalde (Pa\u00eds Basc) - Munt de Mots","og_description":"Va comen\u00e7ar a transitar pels camins de la narraci\u00f3 i els contes el segle passat, per la d\u00e8cada dels noranta, alimentant-se d\u2019hist\u00f2ries teixides i macerades en els temps passats que altres han recollit i transm\u00e8s. Tamb\u00e9 s\u2019ha nodrit d\u2019hist\u00f2ries del temps present, on ara vivim, imaginem i somiem. Aquest p\u00f2sit \u00e9s el que li ha [&hellip;]","og_url":"http:\/\/www.muntdemots.org\/2015\/participants\/itziar-rekalde-pais-basc\/","og_site_name":"Munt de Mots","article_publisher":"https:\/\/www.facebook.com\/FestivalMuntdeMots","article_modified_time":"2015-09-21T09:31:39+00:00","og_image":[{"url":"http:\/\/www.muntdemots.org\/2015\/wp-content\/uploads\/2015\/09\/itziar-rekalde-11-226x300.jpg"}],"twitter_card":"summary_large_image","twitter_site":"@muntdemots","twitter_misc":{"Temps estimat de lectura":"1 minut"},"schema":{"@context":"https:\/\/schema.org","@graph":[{"@type":"WebPage","@id":"http:\/\/www.muntdemots.org\/2015\/participants\/itziar-rekalde-pais-basc\/","url":"http:\/\/www.muntdemots.org\/2015\/participants\/itziar-rekalde-pais-basc\/","name":"Itziar Rekalde (Pa\u00eds Basc) - Munt de Mots","isPartOf":{"@id":"http:\/\/www.muntdemots.org\/2015\/#website"},"datePublished":"2015-09-15T11:22:59+00:00","dateModified":"2015-09-21T09:31:39+00:00","breadcrumb":{"@id":"http:\/\/www.muntdemots.org\/2015\/participants\/itziar-rekalde-pais-basc\/#breadcrumb"},"inLanguage":"ca","potentialAction":[{"@type":"ReadAction","target":["http:\/\/www.muntdemots.org\/2015\/participants\/itziar-rekalde-pais-basc\/"]}]},{"@type":"BreadcrumbList","@id":"http:\/\/www.muntdemots.org\/2015\/participants\/itziar-rekalde-pais-basc\/#breadcrumb","itemListElement":[{"@type":"ListItem","position":1,"name":"Inici","item":"http:\/\/www.muntdemots.org\/2015\/"},{"@type":"ListItem","position":2,"name":"Participants","item":"http:\/\/www.muntdemots.org\/2015\/participants\/"},{"@type":"ListItem","position":3,"name":"Itziar Rekalde (Pa\u00eds Basc)"}]},{"@type":"WebSite","@id":"http:\/\/www.muntdemots.org\/2015\/#website","url":"http:\/\/www.muntdemots.org\/2015\/","name":"Munt de Mots","description":"","potentialAction":[{"@type":"SearchAction","target":{"@type":"EntryPoint","urlTemplate":"http:\/\/www.muntdemots.org\/2015\/?s={search_term_string}"},"query-input":"required name=search_term_string"}],"inLanguage":"ca"}]}},"_links":{"self":[{"href":"http:\/\/www.muntdemots.org\/2015\/wp-json\/wp\/v2\/pages\/7897"}],"collection":[{"href":"http:\/\/www.muntdemots.org\/2015\/wp-json\/wp\/v2\/pages"}],"about":[{"href":"http:\/\/www.muntdemots.org\/2015\/wp-json\/wp\/v2\/types\/page"}],"author":[{"embeddable":true,"href":"http:\/\/www.muntdemots.org\/2015\/wp-json\/wp\/v2\/users\/28"}],"replies":[{"embeddable":true,"href":"http:\/\/www.muntdemots.org\/2015\/wp-json\/wp\/v2\/comments?post=7897"}],"version-history":[{"count":4,"href":"http:\/\/www.muntdemots.org\/2015\/wp-json\/wp\/v2\/pages\/7897\/revisions"}],"predecessor-version":[{"id":8005,"href":"http:\/\/www.muntdemots.org\/2015\/wp-json\/wp\/v2\/pages\/7897\/revisions\/8005"}],"up":[{"embeddable":true,"href":"http:\/\/www.muntdemots.org\/2015\/wp-json\/wp\/v2\/pages\/4"}],"wp:attachment":[{"href":"http:\/\/www.muntdemots.org\/2015\/wp-json\/wp\/v2\/media?parent=7897"}],"curies":[{"name":"wp","href":"https:\/\/api.w.org\/{rel}","templated":true}]}}