{"id":4,"date":"2012-07-01T16:35:03","date_gmt":"2012-07-01T16:35:03","guid":{"rendered":"http:\/\/www.muntdemots.org\/modelo3\/?page_id=4"},"modified":"2015-09-21T21:36:34","modified_gmt":"2015-09-21T21:36:34","slug":"participants","status":"publish","type":"page","link":"http:\/\/www.muntdemots.org\/2015\/participants\/","title":{"rendered":"Participants"},"content":{"rendered":"<p><a href=\"http:\/\/www.muntdemots.org\/2015\/participants\/3lios-trio\/\">3L\u00cdOS TR\u00cdO<\/a><\/p>\n<p><a href=\"http:\/\/www.muntdemots.org\/2015\/participants\/pepe-perez\/\">Albert Estengre<\/a><\/p>\n<p><a href=\"http:\/\/www.muntdemots.org\/2015\/participants\/alexander-hernandez-venecuela\/\">Alexander Hern\u00e1ndez<\/a><\/p>\n<p><a href=\"http:\/\/www.muntdemots.org\/2015\/participants\/ana-cristina-herreros-madrid\/\">Al\u00ed el Aziz<\/a><\/p>\n<p><a href=\"http:\/\/www.muntdemots.org\/2015\/participants\/ana-cristina-herreros-madrid\/\">Ana Cristina Herreros<\/a><\/p>\n<p><a href=\"http:\/\/www.muntdemots.org\/2015\/participants\/anolis-annelore-franca\/\">Anolis Annelore<\/a><\/p>\n<p><a href=\"http:\/\/www.muntdemots.org\/2015\/participants\/boni-ofogo-camerun\/\">Arnau Vilardeb\u00f2<\/a><\/p>\n<p><a href=\"http:\/\/www.muntdemots.org\/2015\/participants\/boni-ofogo-camerun\/\">Boni Ofogo<\/a><\/p>\n<p><a href=\"http:\/\/www.muntdemots.org\/2015\/participants\/ferran-martin-catalunya\/\">Ferran Martin<\/a><\/p>\n<p><a href=\"http:\/\/www.muntdemots.org\/2015\/participants\/itziar-rekalde-pais-basc\/\">Itziar Rekalde<\/a><\/p>\n<p><a href=\"http:\/\/www.muntdemots.org\/2015\/participants\/la-paraula-trobada-marato-de-contes-infantils-diversos-narradorses\/\">LA PARAULA TROBADA<\/a><\/p>\n<p><a href=\"http:\/\/www.muntdemots.org\/2015\/participants\/matias-tarraga-murcia\/\">Mat\u00edas T\u00e1rraga<\/a><\/p>\n<p><a href=\"http:\/\/www.muntdemots.org\/2015\/participants\/narrin-narran-2\/\">Narr\u00edn Narran<\/a><\/p>\n<p><a href=\"http:\/\/www.muntdemots.org\/2015\/participants\/pablo-albo-alacant\/\">Pablo Albo<\/a><\/p>\n<p><a href=\"http:\/\/www.muntdemots.org\/2015\/participants\/paula-carballeira-galicia\/\">Paula Carballeira<\/a><\/p>\n<p><a href=\"http:\/\/www.muntdemots.org\/2015\/participants\/troupe-almazen-catalunya\/\">Troupe Almazen<\/a><\/p>\n<p><a href=\"http:\/\/www.muntdemots.org\/2015\/participants\/tu-contes-jam-de-contes\/\">TU CONTES<\/a><\/p>\n<p><a href=\"http:\/\/www.muntdemots.org\/2015\/participants\/vivim-del-cuentu-catalunya\/\">Vivim del Cuento<\/a><\/p>\n<p>&nbsp;<\/p>\n<p>&nbsp;<\/p>\n","protected":false},"excerpt":{"rendered":"<p>3L\u00cdOS TR\u00cdO Albert Estengre Alexander Hern\u00e1ndez Al\u00ed el Aziz Ana Cristina Herreros Anolis Annelore Arnau Vilardeb\u00f2 Boni Ofogo Ferran Martin Itziar Rekalde LA PARAULA TROBADA Mat\u00edas T\u00e1rraga Narr\u00edn Narran Pablo Albo Paula Carballeira Troupe Almazen TU CONTES Vivim del Cuento &nbsp; &nbsp;<\/p>\n","protected":false},"author":1,"featured_media":0,"parent":0,"menu_order":0,"comment_status":"open","ping_status":"closed","template":"","meta":{"_mi_skip_tracking":false},"yoast_head":"<!-- This site is optimized with the Yoast SEO plugin v20.5 - https:\/\/yoast.com\/wordpress\/plugins\/seo\/ -->\n<title>Participants - Munt de Mots<\/title>\n<meta name=\"robots\" content=\"index, follow, max-snippet:-1, max-image-preview:large, max-video-preview:-1\" \/>\n<link rel=\"canonical\" href=\"http:\/\/www.muntdemots.org\/2015\/participants\/\" \/>\n<meta property=\"og:locale\" content=\"ca_ES\" \/>\n<meta property=\"og:type\" content=\"article\" \/>\n<meta property=\"og:title\" content=\"Participants - Munt de Mots\" \/>\n<meta property=\"og:description\" content=\"3L\u00cdOS TR\u00cdO Albert Estengre Alexander Hern\u00e1ndez Al\u00ed el Aziz Ana Cristina Herreros Anolis Annelore Arnau Vilardeb\u00f2 Boni Ofogo Ferran Martin Itziar Rekalde LA PARAULA TROBADA Mat\u00edas T\u00e1rraga Narr\u00edn Narran Pablo Albo Paula Carballeira Troupe Almazen TU CONTES Vivim del Cuento &nbsp; &nbsp;\" \/>\n<meta property=\"og:url\" content=\"http:\/\/www.muntdemots.org\/2015\/participants\/\" \/>\n<meta property=\"og:site_name\" content=\"Munt de Mots\" \/>\n<meta property=\"article:publisher\" content=\"https:\/\/www.facebook.com\/FestivalMuntdeMots\" \/>\n<meta property=\"article:modified_time\" content=\"2015-09-21T21:36:34+00:00\" \/>\n<meta name=\"twitter:card\" content=\"summary_large_image\" \/>\n<meta name=\"twitter:site\" content=\"@muntdemots\" \/>\n<script type=\"application\/ld+json\" class=\"yoast-schema-graph\">{\"@context\":\"https:\/\/schema.org\",\"@graph\":[{\"@type\":\"WebPage\",\"@id\":\"http:\/\/www.muntdemots.org\/2015\/participants\/\",\"url\":\"http:\/\/www.muntdemots.org\/2015\/participants\/\",\"name\":\"Participants - Munt de Mots\",\"isPartOf\":{\"@id\":\"https:\/\/www.muntdemots.org\/2015\/#website\"},\"datePublished\":\"2012-07-01T16:35:03+00:00\",\"dateModified\":\"2015-09-21T21:36:34+00:00\",\"breadcrumb\":{\"@id\":\"http:\/\/www.muntdemots.org\/2015\/participants\/#breadcrumb\"},\"inLanguage\":\"ca\",\"potentialAction\":[{\"@type\":\"ReadAction\",\"target\":[\"http:\/\/www.muntdemots.org\/2015\/participants\/\"]}]},{\"@type\":\"BreadcrumbList\",\"@id\":\"http:\/\/www.muntdemots.org\/2015\/participants\/#breadcrumb\",\"itemListElement\":[{\"@type\":\"ListItem\",\"position\":1,\"name\":\"Inici\",\"item\":\"https:\/\/www.muntdemots.org\/2015\/\"},{\"@type\":\"ListItem\",\"position\":2,\"name\":\"Participants\"}]},{\"@type\":\"WebSite\",\"@id\":\"https:\/\/www.muntdemots.org\/2015\/#website\",\"url\":\"https:\/\/www.muntdemots.org\/2015\/\",\"name\":\"Munt de Mots\",\"description\":\"\",\"potentialAction\":[{\"@type\":\"SearchAction\",\"target\":{\"@type\":\"EntryPoint\",\"urlTemplate\":\"https:\/\/www.muntdemots.org\/2015\/?s={search_term_string}\"},\"query-input\":\"required name=search_term_string\"}],\"inLanguage\":\"ca\"}]}<\/script>\n<!-- \/ Yoast SEO plugin. -->","yoast_head_json":{"title":"Participants - Munt de Mots","robots":{"index":"index","follow":"follow","max-snippet":"max-snippet:-1","max-image-preview":"max-image-preview:large","max-video-preview":"max-video-preview:-1"},"canonical":"http:\/\/www.muntdemots.org\/2015\/participants\/","og_locale":"ca_ES","og_type":"article","og_title":"Participants - Munt de Mots","og_description":"3L\u00cdOS TR\u00cdO Albert Estengre Alexander Hern\u00e1ndez Al\u00ed el Aziz Ana Cristina Herreros Anolis Annelore Arnau Vilardeb\u00f2 Boni Ofogo Ferran Martin Itziar Rekalde LA PARAULA TROBADA Mat\u00edas T\u00e1rraga Narr\u00edn Narran Pablo Albo Paula Carballeira Troupe Almazen TU CONTES Vivim del Cuento &nbsp; &nbsp;","og_url":"http:\/\/www.muntdemots.org\/2015\/participants\/","og_site_name":"Munt de Mots","article_publisher":"https:\/\/www.facebook.com\/FestivalMuntdeMots","article_modified_time":"2015-09-21T21:36:34+00:00","twitter_card":"summary_large_image","twitter_site":"@muntdemots","schema":{"@context":"https:\/\/schema.org","@graph":[{"@type":"WebPage","@id":"http:\/\/www.muntdemots.org\/2015\/participants\/","url":"http:\/\/www.muntdemots.org\/2015\/participants\/","name":"Participants - Munt de Mots","isPartOf":{"@id":"https:\/\/www.muntdemots.org\/2015\/#website"},"datePublished":"2012-07-01T16:35:03+00:00","dateModified":"2015-09-21T21:36:34+00:00","breadcrumb":{"@id":"http:\/\/www.muntdemots.org\/2015\/participants\/#breadcrumb"},"inLanguage":"ca","potentialAction":[{"@type":"ReadAction","target":["http:\/\/www.muntdemots.org\/2015\/participants\/"]}]},{"@type":"BreadcrumbList","@id":"http:\/\/www.muntdemots.org\/2015\/participants\/#breadcrumb","itemListElement":[{"@type":"ListItem","position":1,"name":"Inici","item":"https:\/\/www.muntdemots.org\/2015\/"},{"@type":"ListItem","position":2,"name":"Participants"}]},{"@type":"WebSite","@id":"https:\/\/www.muntdemots.org\/2015\/#website","url":"https:\/\/www.muntdemots.org\/2015\/","name":"Munt de Mots","description":"","potentialAction":[{"@type":"SearchAction","target":{"@type":"EntryPoint","urlTemplate":"https:\/\/www.muntdemots.org\/2015\/?s={search_term_string}"},"query-input":"required name=search_term_string"}],"inLanguage":"ca"}]}},"_links":{"self":[{"href":"http:\/\/www.muntdemots.org\/2015\/wp-json\/wp\/v2\/pages\/4"}],"collection":[{"href":"http:\/\/www.muntdemots.org\/2015\/wp-json\/wp\/v2\/pages"}],"about":[{"href":"http:\/\/www.muntdemots.org\/2015\/wp-json\/wp\/v2\/types\/page"}],"author":[{"embeddable":true,"href":"http:\/\/www.muntdemots.org\/2015\/wp-json\/wp\/v2\/users\/1"}],"replies":[{"embeddable":true,"href":"http:\/\/www.muntdemots.org\/2015\/wp-json\/wp\/v2\/comments?post=4"}],"version-history":[{"count":172,"href":"http:\/\/www.muntdemots.org\/2015\/wp-json\/wp\/v2\/pages\/4\/revisions"}],"predecessor-version":[{"id":8049,"href":"http:\/\/www.muntdemots.org\/2015\/wp-json\/wp\/v2\/pages\/4\/revisions\/8049"}],"wp:attachment":[{"href":"http:\/\/www.muntdemots.org\/2015\/wp-json\/wp\/v2\/media?parent=4"}],"curies":[{"name":"wp","href":"https:\/\/api.w.org\/{rel}","templated":true}]}}