{"id":7307,"date":"2014-09-25T09:05:28","date_gmt":"2014-09-25T09:05:28","guid":{"rendered":"http:\/\/www.muntdemots.org\/2014\/?page_id=7307"},"modified":"2014-10-06T07:58:57","modified_gmt":"2014-10-06T07:58:57","slug":"paco-asencio","status":"publish","type":"page","link":"http:\/\/www.muntdemots.org\/2014\/participants\/paco-asencio\/","title":{"rendered":"Paco Asensio"},"content":{"rendered":"<p><a href=\"http:\/\/www.muntdemots.org\/2014\/wp-content\/uploads\/2014\/09\/576_1351097672paco_asensio_01.jpg\"><img decoding=\"async\" loading=\"lazy\" class=\"size-medium wp-image-7308 alignright\" src=\"http:\/\/www.muntdemots.org\/2014\/wp-content\/uploads\/2014\/09\/576_1351097672paco_asensio_01-300x185.jpg\" alt=\"576_1351097672paco_asensio_01\" width=\"300\" height=\"185\" srcset=\"http:\/\/www.muntdemots.org\/2014\/wp-content\/uploads\/2014\/09\/576_1351097672paco_asensio_01-300x185.jpg 300w, http:\/\/www.muntdemots.org\/2014\/wp-content\/uploads\/2014\/09\/576_1351097672paco_asensio_01.jpg 576w\" sizes=\"(max-width: 300px) 100vw, 300px\" \/><\/a><\/p>\n<p>De Granollers amb DO del Vall\u00e8s Oriental. Narrador de contes des de 2003. Tallerista formador en la iniciaci\u00f3 de la narraci\u00f3 oral i el foment de la lectura. Fundador del grup &#8220;La Vaina&#8221; de Granollers. Integrant del grup de teatre &#8220;Quatre per quatre&#8221;. Col\u00b7laborador de R\u00e0dio Granollers. I activista cultural d&#8217;aquesta Vall.<\/p>\n<p>Espectacles: <a href=\"\/2014\/events\/el-guardia-del-far\/\">El guardi\u00e0 del far<\/a> i <a href=\"\/2014\/events\/piedras-en-el-corazon\/\">Piedras en el corazon<\/a>.<\/p>\n","protected":false},"excerpt":{"rendered":"<p>De Granollers amb DO del Vall\u00e8s Oriental. Narrador de contes des de 2003. Tallerista formador en la iniciaci\u00f3 de la narraci\u00f3 oral i el foment de la lectura. Fundador del grup &#8220;La Vaina&#8221; de Granollers. Integrant del grup de teatre &#8220;Quatre per quatre&#8221;. Col\u00b7laborador de R\u00e0dio Granollers. I activista cultural d&#8217;aquesta Vall. Espectacles: El guardi\u00e0 [&hellip;]<\/p>\n","protected":false},"author":1,"featured_media":0,"parent":4,"menu_order":0,"comment_status":"open","ping_status":"open","template":"","meta":{"_mi_skip_tracking":false},"yoast_head":"<!-- This site is optimized with the Yoast SEO plugin v20.5 - https:\/\/yoast.com\/wordpress\/plugins\/seo\/ -->\n<title>Paco Asensio - Munt de Mots<\/title>\n<meta name=\"robots\" content=\"index, follow, max-snippet:-1, max-image-preview:large, max-video-preview:-1\" \/>\n<link rel=\"canonical\" href=\"https:\/\/www.muntdemots.org\/2014\/participants\/paco-asencio\/\" \/>\n<meta property=\"og:locale\" content=\"ca_ES\" \/>\n<meta property=\"og:type\" content=\"article\" \/>\n<meta property=\"og:title\" content=\"Paco Asensio - Munt de Mots\" \/>\n<meta property=\"og:description\" content=\"De Granollers amb DO del Vall\u00e8s Oriental. Narrador de contes des de 2003. Tallerista formador en la iniciaci\u00f3 de la narraci\u00f3 oral i el foment de la lectura. Fundador del grup &#8220;La Vaina&#8221; de Granollers. Integrant del grup de teatre &#8220;Quatre per quatre&#8221;. Col\u00b7laborador de R\u00e0dio Granollers. I activista cultural d&#8217;aquesta Vall. Espectacles: El guardi\u00e0 [&hellip;]\" \/>\n<meta property=\"og:url\" content=\"https:\/\/www.muntdemots.org\/2014\/participants\/paco-asencio\/\" \/>\n<meta property=\"og:site_name\" content=\"Munt de Mots\" \/>\n<meta property=\"article:publisher\" content=\"https:\/\/www.facebook.com\/FestivalMuntdeMots\" \/>\n<meta property=\"article:modified_time\" content=\"2014-10-06T07:58:57+00:00\" \/>\n<meta property=\"og:image\" content=\"http:\/\/www.muntdemots.org\/2014\/wp-content\/uploads\/2014\/09\/576_1351097672paco_asensio_01-300x185.jpg\" \/>\n<meta name=\"twitter:card\" content=\"summary_large_image\" \/>\n<meta name=\"twitter:site\" content=\"@muntdemots\" \/>\n<script type=\"application\/ld+json\" class=\"yoast-schema-graph\">{\"@context\":\"https:\/\/schema.org\",\"@graph\":[{\"@type\":\"WebPage\",\"@id\":\"https:\/\/www.muntdemots.org\/2014\/participants\/paco-asencio\/\",\"url\":\"https:\/\/www.muntdemots.org\/2014\/participants\/paco-asencio\/\",\"name\":\"Paco Asensio - Munt de Mots\",\"isPartOf\":{\"@id\":\"http:\/\/www.muntdemots.org\/2014\/#website\"},\"datePublished\":\"2014-09-25T09:05:28+00:00\",\"dateModified\":\"2014-10-06T07:58:57+00:00\",\"breadcrumb\":{\"@id\":\"https:\/\/www.muntdemots.org\/2014\/participants\/paco-asencio\/#breadcrumb\"},\"inLanguage\":\"ca\",\"potentialAction\":[{\"@type\":\"ReadAction\",\"target\":[\"https:\/\/www.muntdemots.org\/2014\/participants\/paco-asencio\/\"]}]},{\"@type\":\"BreadcrumbList\",\"@id\":\"https:\/\/www.muntdemots.org\/2014\/participants\/paco-asencio\/#breadcrumb\",\"itemListElement\":[{\"@type\":\"ListItem\",\"position\":1,\"name\":\"Inici\",\"item\":\"http:\/\/www.muntdemots.org\/2014\/\"},{\"@type\":\"ListItem\",\"position\":2,\"name\":\"Participants\",\"item\":\"https:\/\/www.muntdemots.org\/2014\/participants\/\"},{\"@type\":\"ListItem\",\"position\":3,\"name\":\"Paco Asensio\"}]},{\"@type\":\"WebSite\",\"@id\":\"http:\/\/www.muntdemots.org\/2014\/#website\",\"url\":\"http:\/\/www.muntdemots.org\/2014\/\",\"name\":\"Munt de Mots\",\"description\":\"\",\"potentialAction\":[{\"@type\":\"SearchAction\",\"target\":{\"@type\":\"EntryPoint\",\"urlTemplate\":\"http:\/\/www.muntdemots.org\/2014\/?s={search_term_string}\"},\"query-input\":\"required name=search_term_string\"}],\"inLanguage\":\"ca\"}]}<\/script>\n<!-- \/ Yoast SEO plugin. -->","yoast_head_json":{"title":"Paco Asensio - Munt de Mots","robots":{"index":"index","follow":"follow","max-snippet":"max-snippet:-1","max-image-preview":"max-image-preview:large","max-video-preview":"max-video-preview:-1"},"canonical":"https:\/\/www.muntdemots.org\/2014\/participants\/paco-asencio\/","og_locale":"ca_ES","og_type":"article","og_title":"Paco Asensio - Munt de Mots","og_description":"De Granollers amb DO del Vall\u00e8s Oriental. Narrador de contes des de 2003. Tallerista formador en la iniciaci\u00f3 de la narraci\u00f3 oral i el foment de la lectura. Fundador del grup &#8220;La Vaina&#8221; de Granollers. Integrant del grup de teatre &#8220;Quatre per quatre&#8221;. Col\u00b7laborador de R\u00e0dio Granollers. I activista cultural d&#8217;aquesta Vall. Espectacles: El guardi\u00e0 [&hellip;]","og_url":"https:\/\/www.muntdemots.org\/2014\/participants\/paco-asencio\/","og_site_name":"Munt de Mots","article_publisher":"https:\/\/www.facebook.com\/FestivalMuntdeMots","article_modified_time":"2014-10-06T07:58:57+00:00","og_image":[{"url":"http:\/\/www.muntdemots.org\/2014\/wp-content\/uploads\/2014\/09\/576_1351097672paco_asensio_01-300x185.jpg"}],"twitter_card":"summary_large_image","twitter_site":"@muntdemots","schema":{"@context":"https:\/\/schema.org","@graph":[{"@type":"WebPage","@id":"https:\/\/www.muntdemots.org\/2014\/participants\/paco-asencio\/","url":"https:\/\/www.muntdemots.org\/2014\/participants\/paco-asencio\/","name":"Paco Asensio - Munt de Mots","isPartOf":{"@id":"http:\/\/www.muntdemots.org\/2014\/#website"},"datePublished":"2014-09-25T09:05:28+00:00","dateModified":"2014-10-06T07:58:57+00:00","breadcrumb":{"@id":"https:\/\/www.muntdemots.org\/2014\/participants\/paco-asencio\/#breadcrumb"},"inLanguage":"ca","potentialAction":[{"@type":"ReadAction","target":["https:\/\/www.muntdemots.org\/2014\/participants\/paco-asencio\/"]}]},{"@type":"BreadcrumbList","@id":"https:\/\/www.muntdemots.org\/2014\/participants\/paco-asencio\/#breadcrumb","itemListElement":[{"@type":"ListItem","position":1,"name":"Inici","item":"http:\/\/www.muntdemots.org\/2014\/"},{"@type":"ListItem","position":2,"name":"Participants","item":"https:\/\/www.muntdemots.org\/2014\/participants\/"},{"@type":"ListItem","position":3,"name":"Paco Asensio"}]},{"@type":"WebSite","@id":"http:\/\/www.muntdemots.org\/2014\/#website","url":"http:\/\/www.muntdemots.org\/2014\/","name":"Munt de Mots","description":"","potentialAction":[{"@type":"SearchAction","target":{"@type":"EntryPoint","urlTemplate":"http:\/\/www.muntdemots.org\/2014\/?s={search_term_string}"},"query-input":"required name=search_term_string"}],"inLanguage":"ca"}]}},"_links":{"self":[{"href":"http:\/\/www.muntdemots.org\/2014\/wp-json\/wp\/v2\/pages\/7307"}],"collection":[{"href":"http:\/\/www.muntdemots.org\/2014\/wp-json\/wp\/v2\/pages"}],"about":[{"href":"http:\/\/www.muntdemots.org\/2014\/wp-json\/wp\/v2\/types\/page"}],"author":[{"embeddable":true,"href":"http:\/\/www.muntdemots.org\/2014\/wp-json\/wp\/v2\/users\/1"}],"replies":[{"embeddable":true,"href":"http:\/\/www.muntdemots.org\/2014\/wp-json\/wp\/v2\/comments?post=7307"}],"version-history":[{"count":2,"href":"http:\/\/www.muntdemots.org\/2014\/wp-json\/wp\/v2\/pages\/7307\/revisions"}],"predecessor-version":[{"id":7496,"href":"http:\/\/www.muntdemots.org\/2014\/wp-json\/wp\/v2\/pages\/7307\/revisions\/7496"}],"up":[{"embeddable":true,"href":"http:\/\/www.muntdemots.org\/2014\/wp-json\/wp\/v2\/pages\/4"}],"wp:attachment":[{"href":"http:\/\/www.muntdemots.org\/2014\/wp-json\/wp\/v2\/media?parent=7307"}],"curies":[{"name":"wp","href":"https:\/\/api.w.org\/{rel}","templated":true}]}}