{"id":7302,"date":"2014-09-25T08:25:40","date_gmt":"2014-09-25T08:25:40","guid":{"rendered":"http:\/\/www.muntdemots.org\/2014\/?page_id=7302"},"modified":"2014-09-25T08:25:40","modified_gmt":"2014-09-25T08:25:40","slug":"narrin-narran-2","status":"publish","type":"page","link":"http:\/\/www.muntdemots.org\/2014\/participants\/narrin-narran-2\/","title":{"rendered":"Narr\u00edn Narran"},"content":{"rendered":"<p><a href=\"http:\/\/www.muntdemots.org\/2014\/wp-content\/uploads\/2014\/09\/BELLEZAS....jpg\"><img decoding=\"async\" loading=\"lazy\" class=\"size-medium wp-image-7303 alignright\" src=\"http:\/\/www.muntdemots.org\/2014\/wp-content\/uploads\/2014\/09\/BELLEZAS...-300x225.jpg\" alt=\"BELLEZAS...\" width=\"300\" height=\"225\" srcset=\"http:\/\/www.muntdemots.org\/2014\/wp-content\/uploads\/2014\/09\/BELLEZAS...-300x225.jpg 300w, http:\/\/www.muntdemots.org\/2014\/wp-content\/uploads\/2014\/09\/BELLEZAS...-1024x768.jpg 1024w, http:\/\/www.muntdemots.org\/2014\/wp-content\/uploads\/2014\/09\/BELLEZAS....jpg 2048w\" sizes=\"(max-width: 300px) 100vw, 300px\" \/><\/a>\u00c9s un grup de dones que des del 2008 es reuneixen un dijous al mes al Casal Antoni Mir\u00f3 per explicar \u2013i explicar-se a elles mateixes- contes de tota mena al p\u00fablic que, cada vegada m\u00e9s nombr\u00f3s i entusiasta, s\u2019hi apropa per participar-hi. De tant en tant, fan sessions a biblioteques. S\u00f3n amigues i gaudeixen molt d\u2019anar plegades a escoltar altres narradors. Encara que molts diferents en quan a formaci\u00f3, experi\u00e8ncia i maneres de contar, tenen en com\u00fa l\u2019amor per les bones hist\u00f2ries i una gran capacitat per fruir de la m\u00e0gia de la narraci\u00f3 oral.<\/p>\n<p>Espectacles: <a href=\"\/2014\/events\/narrin-narran\/\">Narr\u00edn Narran<\/a>.<\/p>\n","protected":false},"excerpt":{"rendered":"<p>\u00c9s un grup de dones que des del 2008 es reuneixen un dijous al mes al Casal Antoni Mir\u00f3 per explicar \u2013i explicar-se a elles mateixes- contes de tota mena al p\u00fablic que, cada vegada m\u00e9s nombr\u00f3s i entusiasta, s\u2019hi apropa per participar-hi. De tant en tant, fan sessions a biblioteques. S\u00f3n amigues i gaudeixen [&hellip;]<\/p>\n","protected":false},"author":1,"featured_media":0,"parent":4,"menu_order":0,"comment_status":"open","ping_status":"open","template":"","meta":{"_mi_skip_tracking":false},"yoast_head":"<!-- This site is optimized with the Yoast SEO plugin v20.5 - https:\/\/yoast.com\/wordpress\/plugins\/seo\/ -->\n<title>Narr\u00edn Narran - Munt de Mots<\/title>\n<meta name=\"robots\" content=\"index, follow, max-snippet:-1, max-image-preview:large, max-video-preview:-1\" \/>\n<link rel=\"canonical\" href=\"http:\/\/www.muntdemots.org\/2014\/participants\/narrin-narran-2\/\" \/>\n<meta property=\"og:locale\" content=\"ca_ES\" \/>\n<meta property=\"og:type\" content=\"article\" \/>\n<meta property=\"og:title\" content=\"Narr\u00edn Narran - Munt de Mots\" \/>\n<meta property=\"og:description\" content=\"\u00c9s un grup de dones que des del 2008 es reuneixen un dijous al mes al Casal Antoni Mir\u00f3 per explicar \u2013i explicar-se a elles mateixes- contes de tota mena al p\u00fablic que, cada vegada m\u00e9s nombr\u00f3s i entusiasta, s\u2019hi apropa per participar-hi. De tant en tant, fan sessions a biblioteques. S\u00f3n amigues i gaudeixen [&hellip;]\" \/>\n<meta property=\"og:url\" content=\"http:\/\/www.muntdemots.org\/2014\/participants\/narrin-narran-2\/\" \/>\n<meta property=\"og:site_name\" content=\"Munt de Mots\" \/>\n<meta property=\"article:publisher\" content=\"https:\/\/www.facebook.com\/FestivalMuntdeMots\" \/>\n<meta property=\"og:image\" content=\"http:\/\/www.muntdemots.org\/2014\/wp-content\/uploads\/2014\/09\/BELLEZAS...-300x225.jpg\" \/>\n<meta name=\"twitter:card\" content=\"summary_large_image\" \/>\n<meta name=\"twitter:site\" content=\"@muntdemots\" \/>\n<meta name=\"twitter:label1\" content=\"Temps estimat de lectura\" \/>\n\t<meta name=\"twitter:data1\" content=\"1 minut\" \/>\n<script type=\"application\/ld+json\" class=\"yoast-schema-graph\">{\"@context\":\"https:\/\/schema.org\",\"@graph\":[{\"@type\":\"WebPage\",\"@id\":\"http:\/\/www.muntdemots.org\/2014\/participants\/narrin-narran-2\/\",\"url\":\"http:\/\/www.muntdemots.org\/2014\/participants\/narrin-narran-2\/\",\"name\":\"Narr\u00edn Narran - Munt de Mots\",\"isPartOf\":{\"@id\":\"https:\/\/www.muntdemots.org\/2014\/#website\"},\"datePublished\":\"2014-09-25T08:25:40+00:00\",\"dateModified\":\"2014-09-25T08:25:40+00:00\",\"breadcrumb\":{\"@id\":\"http:\/\/www.muntdemots.org\/2014\/participants\/narrin-narran-2\/#breadcrumb\"},\"inLanguage\":\"ca\",\"potentialAction\":[{\"@type\":\"ReadAction\",\"target\":[\"http:\/\/www.muntdemots.org\/2014\/participants\/narrin-narran-2\/\"]}]},{\"@type\":\"BreadcrumbList\",\"@id\":\"http:\/\/www.muntdemots.org\/2014\/participants\/narrin-narran-2\/#breadcrumb\",\"itemListElement\":[{\"@type\":\"ListItem\",\"position\":1,\"name\":\"Inici\",\"item\":\"https:\/\/www.muntdemots.org\/2014\/\"},{\"@type\":\"ListItem\",\"position\":2,\"name\":\"Participants\",\"item\":\"http:\/\/www.muntdemots.org\/2014\/participants\/\"},{\"@type\":\"ListItem\",\"position\":3,\"name\":\"Narr\u00edn Narran\"}]},{\"@type\":\"WebSite\",\"@id\":\"https:\/\/www.muntdemots.org\/2014\/#website\",\"url\":\"https:\/\/www.muntdemots.org\/2014\/\",\"name\":\"Munt de Mots\",\"description\":\"\",\"potentialAction\":[{\"@type\":\"SearchAction\",\"target\":{\"@type\":\"EntryPoint\",\"urlTemplate\":\"https:\/\/www.muntdemots.org\/2014\/?s={search_term_string}\"},\"query-input\":\"required name=search_term_string\"}],\"inLanguage\":\"ca\"}]}<\/script>\n<!-- \/ Yoast SEO plugin. -->","yoast_head_json":{"title":"Narr\u00edn Narran - Munt de Mots","robots":{"index":"index","follow":"follow","max-snippet":"max-snippet:-1","max-image-preview":"max-image-preview:large","max-video-preview":"max-video-preview:-1"},"canonical":"http:\/\/www.muntdemots.org\/2014\/participants\/narrin-narran-2\/","og_locale":"ca_ES","og_type":"article","og_title":"Narr\u00edn Narran - Munt de Mots","og_description":"\u00c9s un grup de dones que des del 2008 es reuneixen un dijous al mes al Casal Antoni Mir\u00f3 per explicar \u2013i explicar-se a elles mateixes- contes de tota mena al p\u00fablic que, cada vegada m\u00e9s nombr\u00f3s i entusiasta, s\u2019hi apropa per participar-hi. De tant en tant, fan sessions a biblioteques. S\u00f3n amigues i gaudeixen [&hellip;]","og_url":"http:\/\/www.muntdemots.org\/2014\/participants\/narrin-narran-2\/","og_site_name":"Munt de Mots","article_publisher":"https:\/\/www.facebook.com\/FestivalMuntdeMots","og_image":[{"url":"http:\/\/www.muntdemots.org\/2014\/wp-content\/uploads\/2014\/09\/BELLEZAS...-300x225.jpg"}],"twitter_card":"summary_large_image","twitter_site":"@muntdemots","twitter_misc":{"Temps estimat de lectura":"1 minut"},"schema":{"@context":"https:\/\/schema.org","@graph":[{"@type":"WebPage","@id":"http:\/\/www.muntdemots.org\/2014\/participants\/narrin-narran-2\/","url":"http:\/\/www.muntdemots.org\/2014\/participants\/narrin-narran-2\/","name":"Narr\u00edn Narran - Munt de Mots","isPartOf":{"@id":"https:\/\/www.muntdemots.org\/2014\/#website"},"datePublished":"2014-09-25T08:25:40+00:00","dateModified":"2014-09-25T08:25:40+00:00","breadcrumb":{"@id":"http:\/\/www.muntdemots.org\/2014\/participants\/narrin-narran-2\/#breadcrumb"},"inLanguage":"ca","potentialAction":[{"@type":"ReadAction","target":["http:\/\/www.muntdemots.org\/2014\/participants\/narrin-narran-2\/"]}]},{"@type":"BreadcrumbList","@id":"http:\/\/www.muntdemots.org\/2014\/participants\/narrin-narran-2\/#breadcrumb","itemListElement":[{"@type":"ListItem","position":1,"name":"Inici","item":"https:\/\/www.muntdemots.org\/2014\/"},{"@type":"ListItem","position":2,"name":"Participants","item":"http:\/\/www.muntdemots.org\/2014\/participants\/"},{"@type":"ListItem","position":3,"name":"Narr\u00edn Narran"}]},{"@type":"WebSite","@id":"https:\/\/www.muntdemots.org\/2014\/#website","url":"https:\/\/www.muntdemots.org\/2014\/","name":"Munt de Mots","description":"","potentialAction":[{"@type":"SearchAction","target":{"@type":"EntryPoint","urlTemplate":"https:\/\/www.muntdemots.org\/2014\/?s={search_term_string}"},"query-input":"required name=search_term_string"}],"inLanguage":"ca"}]}},"_links":{"self":[{"href":"http:\/\/www.muntdemots.org\/2014\/wp-json\/wp\/v2\/pages\/7302"}],"collection":[{"href":"http:\/\/www.muntdemots.org\/2014\/wp-json\/wp\/v2\/pages"}],"about":[{"href":"http:\/\/www.muntdemots.org\/2014\/wp-json\/wp\/v2\/types\/page"}],"author":[{"embeddable":true,"href":"http:\/\/www.muntdemots.org\/2014\/wp-json\/wp\/v2\/users\/1"}],"replies":[{"embeddable":true,"href":"http:\/\/www.muntdemots.org\/2014\/wp-json\/wp\/v2\/comments?post=7302"}],"version-history":[{"count":1,"href":"http:\/\/www.muntdemots.org\/2014\/wp-json\/wp\/v2\/pages\/7302\/revisions"}],"predecessor-version":[{"id":7305,"href":"http:\/\/www.muntdemots.org\/2014\/wp-json\/wp\/v2\/pages\/7302\/revisions\/7305"}],"up":[{"embeddable":true,"href":"http:\/\/www.muntdemots.org\/2014\/wp-json\/wp\/v2\/pages\/4"}],"wp:attachment":[{"href":"http:\/\/www.muntdemots.org\/2014\/wp-json\/wp\/v2\/media?parent=7302"}],"curies":[{"name":"wp","href":"https:\/\/api.w.org\/{rel}","templated":true}]}}