{"id":7277,"date":"2014-09-25T07:37:39","date_gmt":"2014-09-25T07:37:39","guid":{"rendered":"http:\/\/www.muntdemots.org\/2014\/?page_id=7277"},"modified":"2014-09-25T07:37:39","modified_gmt":"2014-09-25T07:37:39","slug":"jose-manuel-garzon","status":"publish","type":"page","link":"http:\/\/www.muntdemots.org\/2014\/participants\/jose-manuel-garzon\/","title":{"rendered":"Jos\u00e9 Manuel Garz\u00f3n"},"content":{"rendered":"<p><a href=\"http:\/\/www.muntdemots.org\/2014\/wp-content\/uploads\/2014\/09\/boletin-229-b.jpg\"><img decoding=\"async\" loading=\"lazy\" class=\"wp-image-7278 alignright\" src=\"http:\/\/www.muntdemots.org\/2014\/wp-content\/uploads\/2014\/09\/boletin-229-b.jpg\" alt=\"boletin-229-b\" width=\"255\" height=\"154\" srcset=\"http:\/\/www.muntdemots.org\/2014\/wp-content\/uploads\/2014\/09\/boletin-229-b.jpg 762w, http:\/\/www.muntdemots.org\/2014\/wp-content\/uploads\/2014\/09\/boletin-229-b-300x181.jpg 300w\" sizes=\"(max-width: 255px) 100vw, 255px\" \/><\/a><\/p>\n<p>El meu recorregut dins de les arts esc\u00e8niques ve marcat, fonamentalment, pel teatre. Quan el 1989 em vaig acostar per primer cop a la narraci\u00f3, vaig descobrir una forma fascinant de comunicaci\u00f3 que ja no he abandonat i que he intentat enriquir des de diferents aprenentatges tot posant al servei de la narraci\u00f3 el meu bagatge en el m\u00f3n teatral. Sento la narraci\u00f3 com una de les arts en qu\u00e8 es fa m\u00e9s palesa la irresistible pres\u00e8ncia de la vida.<\/p>\n<p>Espectacles: <a href=\"\/2014\/events\/el-hombrecito-verde\/\">El hombrecito verde<\/a>, <a href=\"\/2014\/events\/la-irresistible-presencia-de-la-vida-en-la-narracio\/\">La irresistible presencia de la vida en la narraci\u00f3<\/a>, <a href=\"\/2014\/events\/el-vendedor-de-suenos\/\">El vendedor de sue\u00f1os<\/a> i\u00a0<a href=\"\/2014\/events\/quien-corresponda\/\">A quien corresponda<\/a><\/p>\n","protected":false},"excerpt":{"rendered":"<p>El meu recorregut dins de les arts esc\u00e8niques ve marcat, fonamentalment, pel teatre. Quan el 1989 em vaig acostar per primer cop a la narraci\u00f3, vaig descobrir una forma fascinant de comunicaci\u00f3 que ja no he abandonat i que he intentat enriquir des de diferents aprenentatges tot posant al servei de la narraci\u00f3 el meu [&hellip;]<\/p>\n","protected":false},"author":1,"featured_media":0,"parent":4,"menu_order":0,"comment_status":"open","ping_status":"open","template":"","meta":{"_mi_skip_tracking":false},"yoast_head":"<!-- This site is optimized with the Yoast SEO plugin v20.5 - https:\/\/yoast.com\/wordpress\/plugins\/seo\/ -->\n<title>Jos\u00e9 Manuel Garz\u00f3n - Munt de Mots<\/title>\n<meta name=\"robots\" content=\"index, follow, max-snippet:-1, max-image-preview:large, max-video-preview:-1\" \/>\n<link rel=\"canonical\" href=\"http:\/\/www.muntdemots.org\/2014\/participants\/jose-manuel-garzon\/\" \/>\n<meta property=\"og:locale\" content=\"ca_ES\" \/>\n<meta property=\"og:type\" content=\"article\" \/>\n<meta property=\"og:title\" content=\"Jos\u00e9 Manuel Garz\u00f3n - Munt de Mots\" \/>\n<meta property=\"og:description\" content=\"El meu recorregut dins de les arts esc\u00e8niques ve marcat, fonamentalment, pel teatre. Quan el 1989 em vaig acostar per primer cop a la narraci\u00f3, vaig descobrir una forma fascinant de comunicaci\u00f3 que ja no he abandonat i que he intentat enriquir des de diferents aprenentatges tot posant al servei de la narraci\u00f3 el meu [&hellip;]\" \/>\n<meta property=\"og:url\" content=\"http:\/\/www.muntdemots.org\/2014\/participants\/jose-manuel-garzon\/\" \/>\n<meta property=\"og:site_name\" content=\"Munt de Mots\" \/>\n<meta property=\"article:publisher\" content=\"https:\/\/www.facebook.com\/FestivalMuntdeMots\" \/>\n<meta property=\"og:image\" content=\"http:\/\/www.muntdemots.org\/2014\/wp-content\/uploads\/2014\/09\/boletin-229-b.jpg\" \/>\n<meta name=\"twitter:card\" content=\"summary_large_image\" \/>\n<meta name=\"twitter:site\" content=\"@muntdemots\" \/>\n<meta name=\"twitter:label1\" content=\"Temps estimat de lectura\" \/>\n\t<meta name=\"twitter:data1\" content=\"1 minut\" \/>\n<script type=\"application\/ld+json\" class=\"yoast-schema-graph\">{\"@context\":\"https:\/\/schema.org\",\"@graph\":[{\"@type\":\"WebPage\",\"@id\":\"http:\/\/www.muntdemots.org\/2014\/participants\/jose-manuel-garzon\/\",\"url\":\"http:\/\/www.muntdemots.org\/2014\/participants\/jose-manuel-garzon\/\",\"name\":\"Jos\u00e9 Manuel Garz\u00f3n - Munt de Mots\",\"isPartOf\":{\"@id\":\"https:\/\/www.muntdemots.org\/2014\/#website\"},\"datePublished\":\"2014-09-25T07:37:39+00:00\",\"dateModified\":\"2014-09-25T07:37:39+00:00\",\"breadcrumb\":{\"@id\":\"http:\/\/www.muntdemots.org\/2014\/participants\/jose-manuel-garzon\/#breadcrumb\"},\"inLanguage\":\"ca\",\"potentialAction\":[{\"@type\":\"ReadAction\",\"target\":[\"http:\/\/www.muntdemots.org\/2014\/participants\/jose-manuel-garzon\/\"]}]},{\"@type\":\"BreadcrumbList\",\"@id\":\"http:\/\/www.muntdemots.org\/2014\/participants\/jose-manuel-garzon\/#breadcrumb\",\"itemListElement\":[{\"@type\":\"ListItem\",\"position\":1,\"name\":\"Inici\",\"item\":\"https:\/\/www.muntdemots.org\/2014\/\"},{\"@type\":\"ListItem\",\"position\":2,\"name\":\"Participants\",\"item\":\"http:\/\/www.muntdemots.org\/2014\/participants\/\"},{\"@type\":\"ListItem\",\"position\":3,\"name\":\"Jos\u00e9 Manuel Garz\u00f3n\"}]},{\"@type\":\"WebSite\",\"@id\":\"https:\/\/www.muntdemots.org\/2014\/#website\",\"url\":\"https:\/\/www.muntdemots.org\/2014\/\",\"name\":\"Munt de Mots\",\"description\":\"\",\"potentialAction\":[{\"@type\":\"SearchAction\",\"target\":{\"@type\":\"EntryPoint\",\"urlTemplate\":\"https:\/\/www.muntdemots.org\/2014\/?s={search_term_string}\"},\"query-input\":\"required name=search_term_string\"}],\"inLanguage\":\"ca\"}]}<\/script>\n<!-- \/ Yoast SEO plugin. -->","yoast_head_json":{"title":"Jos\u00e9 Manuel Garz\u00f3n - Munt de Mots","robots":{"index":"index","follow":"follow","max-snippet":"max-snippet:-1","max-image-preview":"max-image-preview:large","max-video-preview":"max-video-preview:-1"},"canonical":"http:\/\/www.muntdemots.org\/2014\/participants\/jose-manuel-garzon\/","og_locale":"ca_ES","og_type":"article","og_title":"Jos\u00e9 Manuel Garz\u00f3n - Munt de Mots","og_description":"El meu recorregut dins de les arts esc\u00e8niques ve marcat, fonamentalment, pel teatre. Quan el 1989 em vaig acostar per primer cop a la narraci\u00f3, vaig descobrir una forma fascinant de comunicaci\u00f3 que ja no he abandonat i que he intentat enriquir des de diferents aprenentatges tot posant al servei de la narraci\u00f3 el meu [&hellip;]","og_url":"http:\/\/www.muntdemots.org\/2014\/participants\/jose-manuel-garzon\/","og_site_name":"Munt de Mots","article_publisher":"https:\/\/www.facebook.com\/FestivalMuntdeMots","og_image":[{"url":"http:\/\/www.muntdemots.org\/2014\/wp-content\/uploads\/2014\/09\/boletin-229-b.jpg"}],"twitter_card":"summary_large_image","twitter_site":"@muntdemots","twitter_misc":{"Temps estimat de lectura":"1 minut"},"schema":{"@context":"https:\/\/schema.org","@graph":[{"@type":"WebPage","@id":"http:\/\/www.muntdemots.org\/2014\/participants\/jose-manuel-garzon\/","url":"http:\/\/www.muntdemots.org\/2014\/participants\/jose-manuel-garzon\/","name":"Jos\u00e9 Manuel Garz\u00f3n - Munt de Mots","isPartOf":{"@id":"https:\/\/www.muntdemots.org\/2014\/#website"},"datePublished":"2014-09-25T07:37:39+00:00","dateModified":"2014-09-25T07:37:39+00:00","breadcrumb":{"@id":"http:\/\/www.muntdemots.org\/2014\/participants\/jose-manuel-garzon\/#breadcrumb"},"inLanguage":"ca","potentialAction":[{"@type":"ReadAction","target":["http:\/\/www.muntdemots.org\/2014\/participants\/jose-manuel-garzon\/"]}]},{"@type":"BreadcrumbList","@id":"http:\/\/www.muntdemots.org\/2014\/participants\/jose-manuel-garzon\/#breadcrumb","itemListElement":[{"@type":"ListItem","position":1,"name":"Inici","item":"https:\/\/www.muntdemots.org\/2014\/"},{"@type":"ListItem","position":2,"name":"Participants","item":"http:\/\/www.muntdemots.org\/2014\/participants\/"},{"@type":"ListItem","position":3,"name":"Jos\u00e9 Manuel Garz\u00f3n"}]},{"@type":"WebSite","@id":"https:\/\/www.muntdemots.org\/2014\/#website","url":"https:\/\/www.muntdemots.org\/2014\/","name":"Munt de Mots","description":"","potentialAction":[{"@type":"SearchAction","target":{"@type":"EntryPoint","urlTemplate":"https:\/\/www.muntdemots.org\/2014\/?s={search_term_string}"},"query-input":"required name=search_term_string"}],"inLanguage":"ca"}]}},"_links":{"self":[{"href":"http:\/\/www.muntdemots.org\/2014\/wp-json\/wp\/v2\/pages\/7277"}],"collection":[{"href":"http:\/\/www.muntdemots.org\/2014\/wp-json\/wp\/v2\/pages"}],"about":[{"href":"http:\/\/www.muntdemots.org\/2014\/wp-json\/wp\/v2\/types\/page"}],"author":[{"embeddable":true,"href":"http:\/\/www.muntdemots.org\/2014\/wp-json\/wp\/v2\/users\/1"}],"replies":[{"embeddable":true,"href":"http:\/\/www.muntdemots.org\/2014\/wp-json\/wp\/v2\/comments?post=7277"}],"version-history":[{"count":1,"href":"http:\/\/www.muntdemots.org\/2014\/wp-json\/wp\/v2\/pages\/7277\/revisions"}],"predecessor-version":[{"id":7283,"href":"http:\/\/www.muntdemots.org\/2014\/wp-json\/wp\/v2\/pages\/7277\/revisions\/7283"}],"up":[{"embeddable":true,"href":"http:\/\/www.muntdemots.org\/2014\/wp-json\/wp\/v2\/pages\/4"}],"wp:attachment":[{"href":"http:\/\/www.muntdemots.org\/2014\/wp-json\/wp\/v2\/media?parent=7277"}],"curies":[{"name":"wp","href":"https:\/\/api.w.org\/{rel}","templated":true}]}}