{"id":7192,"date":"2014-09-18T17:41:32","date_gmt":"2014-09-18T17:41:32","guid":{"rendered":"http:\/\/www.muntdemots.org\/2014\/?page_id=7192"},"modified":"2014-09-23T11:09:37","modified_gmt":"2014-09-23T11:09:37","slug":"alicia-ines","status":"publish","type":"page","link":"http:\/\/www.muntdemots.org\/2014\/participants\/alicia-ines\/","title":{"rendered":"Alicia i In\u00e9s"},"content":{"rendered":"<p><a href=\"http:\/\/www.muntdemots.org\/2014\/wp-content\/uploads\/2014\/09\/in\u00e9s-i-jo-molt-retocat.jpg\"><img decoding=\"async\" loading=\"lazy\" class=\"wp-image-7194 alignright\" src=\"http:\/\/www.muntdemots.org\/2014\/wp-content\/uploads\/2014\/09\/in\u00e9s-i-jo-molt-retocat.jpg\" alt=\"Alicia i In\u00e9s\" width=\"288\" height=\"247\" srcset=\"http:\/\/www.muntdemots.org\/2014\/wp-content\/uploads\/2014\/09\/in\u00e9s-i-jo-molt-retocat.jpg 617w, http:\/\/www.muntdemots.org\/2014\/wp-content\/uploads\/2014\/09\/in\u00e9s-i-jo-molt-retocat-300x257.jpg 300w\" sizes=\"(max-width: 288px) 100vw, 288px\" \/><\/a><strong><b>In\u00e9s Macpherson <\/b><\/strong><strong><b>(Catalunya)<\/b><\/strong><\/p>\n<p>Llicenciada en Filosofia, fa deu anys que va entrar en el m\u00f3n de la narraci\u00f3 oral amb sessions destinades tant a grans com a petits. Apassionada de la lectura i l&#8217;escriptura, explica contes d&#8217;autor i de creaci\u00f3 pr\u00f2pia. Alguns dels seus relats s&#8217;han publicat a revistes i, el 2013, un d&#8217;ells va apar\u00e8ixer a l&#8217;antologia\u00a0<em><i>20 relatos de fin del\u00a0mundo<\/i><\/em>. El 2011 va veure la llum la seva primera novel\u00b7la juvenil\u00a0<em><i>El secreto de Luc\u00eda Morke<\/i><\/em>. Porta la programaci\u00f3 de sessions de contes al bar Astrolabi de Gr\u00e0cia, juntament amb l&#8217;Alicia Molina.<\/p>\n<p><a href=\"http:\/\/encuentosydesencuentos.wordpress.com\/\">http:\/\/encuentosydesencuentos.wordpress.com\/<\/a><\/p>\n<p>&nbsp;<\/p>\n<p><strong><b>Alicia Molina (Catalunya)<\/b><\/strong><\/p>\n<p>Alterna l\u2019activitat de narradora, que inicia el 1997, amb la d\u2019impartir classes de llengua catalana i literatura a alumnes de batxillerat, per\u00f2 per a ella tot forma part de l\u2019art de narrar, aix\u00ed que porta escampant hist\u00f2ries un munt d\u2019anys. I ho fa a grans i a petits, en tots els espais impensables, fins i tot en cementiris. Amb la veu i el cos com a elements b\u00e0sics, explica contes de tradici\u00f3 oral, d\u2019autor o escrits per ella mateixa, segons l\u2019ocasi\u00f3.<\/p>\n<p><a href=\"http:\/\/aliciacontes.blogspot.com.es\/\">http:\/\/aliciacontes.blogspot.com.es\/<\/a><\/p>\n<p>Espectacles: <a href=\"\/2014\/events\/dones-de-bandera\/%20\">Dones de bandera<\/a>, <a href=\"\/2014\/events\/narracio-oral-\u2026ncia-educativa\">Narraci\u00f3 oral i adolesc\u00e8ncia: Una experi\u00e8ncia educativa<\/a> i <a href=\"\/2014\/events\/contes-contats-cantats\/\">Contes contats i cantats<\/a><\/p>\n","protected":false},"excerpt":{"rendered":"<p>In\u00e9s Macpherson (Catalunya) Llicenciada en Filosofia, fa deu anys que va entrar en el m\u00f3n de la narraci\u00f3 oral amb sessions destinades tant a grans com a petits. Apassionada de la lectura i l&#8217;escriptura, explica contes d&#8217;autor i de creaci\u00f3 pr\u00f2pia. Alguns dels seus relats s&#8217;han publicat a revistes i, el 2013, un d&#8217;ells va [&hellip;]<\/p>\n","protected":false},"author":1,"featured_media":0,"parent":4,"menu_order":0,"comment_status":"open","ping_status":"open","template":"","meta":{"_mi_skip_tracking":false},"yoast_head":"<!-- This site is optimized with the Yoast SEO plugin v20.5 - https:\/\/yoast.com\/wordpress\/plugins\/seo\/ -->\n<title>Alicia i In\u00e9s - Munt de Mots<\/title>\n<meta name=\"robots\" content=\"index, follow, max-snippet:-1, max-image-preview:large, max-video-preview:-1\" \/>\n<link rel=\"canonical\" href=\"http:\/\/www.muntdemots.org\/2014\/participants\/alicia-ines\/\" \/>\n<meta property=\"og:locale\" content=\"ca_ES\" \/>\n<meta property=\"og:type\" content=\"article\" \/>\n<meta property=\"og:title\" content=\"Alicia i In\u00e9s - Munt de Mots\" \/>\n<meta property=\"og:description\" content=\"In\u00e9s Macpherson (Catalunya) Llicenciada en Filosofia, fa deu anys que va entrar en el m\u00f3n de la narraci\u00f3 oral amb sessions destinades tant a grans com a petits. Apassionada de la lectura i l&#8217;escriptura, explica contes d&#8217;autor i de creaci\u00f3 pr\u00f2pia. Alguns dels seus relats s&#8217;han publicat a revistes i, el 2013, un d&#8217;ells va [&hellip;]\" \/>\n<meta property=\"og:url\" content=\"http:\/\/www.muntdemots.org\/2014\/participants\/alicia-ines\/\" \/>\n<meta property=\"og:site_name\" content=\"Munt de Mots\" \/>\n<meta property=\"article:publisher\" content=\"https:\/\/www.facebook.com\/FestivalMuntdeMots\" \/>\n<meta property=\"article:modified_time\" content=\"2014-09-23T11:09:37+00:00\" \/>\n<meta name=\"twitter:card\" content=\"summary_large_image\" \/>\n<meta name=\"twitter:site\" content=\"@muntdemots\" \/>\n<meta name=\"twitter:label1\" content=\"Temps estimat de lectura\" \/>\n\t<meta name=\"twitter:data1\" content=\"1 minut\" \/>\n<script type=\"application\/ld+json\" class=\"yoast-schema-graph\">{\"@context\":\"https:\/\/schema.org\",\"@graph\":[{\"@type\":\"WebPage\",\"@id\":\"http:\/\/www.muntdemots.org\/2014\/participants\/alicia-ines\/\",\"url\":\"http:\/\/www.muntdemots.org\/2014\/participants\/alicia-ines\/\",\"name\":\"Alicia i In\u00e9s - Munt de Mots\",\"isPartOf\":{\"@id\":\"https:\/\/www.muntdemots.org\/2014\/#website\"},\"datePublished\":\"2014-09-18T17:41:32+00:00\",\"dateModified\":\"2014-09-23T11:09:37+00:00\",\"breadcrumb\":{\"@id\":\"http:\/\/www.muntdemots.org\/2014\/participants\/alicia-ines\/#breadcrumb\"},\"inLanguage\":\"ca\",\"potentialAction\":[{\"@type\":\"ReadAction\",\"target\":[\"http:\/\/www.muntdemots.org\/2014\/participants\/alicia-ines\/\"]}]},{\"@type\":\"BreadcrumbList\",\"@id\":\"http:\/\/www.muntdemots.org\/2014\/participants\/alicia-ines\/#breadcrumb\",\"itemListElement\":[{\"@type\":\"ListItem\",\"position\":1,\"name\":\"Inici\",\"item\":\"https:\/\/www.muntdemots.org\/2014\/\"},{\"@type\":\"ListItem\",\"position\":2,\"name\":\"Participants\",\"item\":\"http:\/\/www.muntdemots.org\/2014\/participants\/\"},{\"@type\":\"ListItem\",\"position\":3,\"name\":\"Alicia i In\u00e9s\"}]},{\"@type\":\"WebSite\",\"@id\":\"https:\/\/www.muntdemots.org\/2014\/#website\",\"url\":\"https:\/\/www.muntdemots.org\/2014\/\",\"name\":\"Munt de Mots\",\"description\":\"\",\"potentialAction\":[{\"@type\":\"SearchAction\",\"target\":{\"@type\":\"EntryPoint\",\"urlTemplate\":\"https:\/\/www.muntdemots.org\/2014\/?s={search_term_string}\"},\"query-input\":\"required name=search_term_string\"}],\"inLanguage\":\"ca\"}]}<\/script>\n<!-- \/ Yoast SEO plugin. -->","yoast_head_json":{"title":"Alicia i In\u00e9s - Munt de Mots","robots":{"index":"index","follow":"follow","max-snippet":"max-snippet:-1","max-image-preview":"max-image-preview:large","max-video-preview":"max-video-preview:-1"},"canonical":"http:\/\/www.muntdemots.org\/2014\/participants\/alicia-ines\/","og_locale":"ca_ES","og_type":"article","og_title":"Alicia i In\u00e9s - Munt de Mots","og_description":"In\u00e9s Macpherson (Catalunya) Llicenciada en Filosofia, fa deu anys que va entrar en el m\u00f3n de la narraci\u00f3 oral amb sessions destinades tant a grans com a petits. Apassionada de la lectura i l&#8217;escriptura, explica contes d&#8217;autor i de creaci\u00f3 pr\u00f2pia. Alguns dels seus relats s&#8217;han publicat a revistes i, el 2013, un d&#8217;ells va [&hellip;]","og_url":"http:\/\/www.muntdemots.org\/2014\/participants\/alicia-ines\/","og_site_name":"Munt de Mots","article_publisher":"https:\/\/www.facebook.com\/FestivalMuntdeMots","article_modified_time":"2014-09-23T11:09:37+00:00","twitter_card":"summary_large_image","twitter_site":"@muntdemots","twitter_misc":{"Temps estimat de lectura":"1 minut"},"schema":{"@context":"https:\/\/schema.org","@graph":[{"@type":"WebPage","@id":"http:\/\/www.muntdemots.org\/2014\/participants\/alicia-ines\/","url":"http:\/\/www.muntdemots.org\/2014\/participants\/alicia-ines\/","name":"Alicia i In\u00e9s - Munt de Mots","isPartOf":{"@id":"https:\/\/www.muntdemots.org\/2014\/#website"},"datePublished":"2014-09-18T17:41:32+00:00","dateModified":"2014-09-23T11:09:37+00:00","breadcrumb":{"@id":"http:\/\/www.muntdemots.org\/2014\/participants\/alicia-ines\/#breadcrumb"},"inLanguage":"ca","potentialAction":[{"@type":"ReadAction","target":["http:\/\/www.muntdemots.org\/2014\/participants\/alicia-ines\/"]}]},{"@type":"BreadcrumbList","@id":"http:\/\/www.muntdemots.org\/2014\/participants\/alicia-ines\/#breadcrumb","itemListElement":[{"@type":"ListItem","position":1,"name":"Inici","item":"https:\/\/www.muntdemots.org\/2014\/"},{"@type":"ListItem","position":2,"name":"Participants","item":"http:\/\/www.muntdemots.org\/2014\/participants\/"},{"@type":"ListItem","position":3,"name":"Alicia i In\u00e9s"}]},{"@type":"WebSite","@id":"https:\/\/www.muntdemots.org\/2014\/#website","url":"https:\/\/www.muntdemots.org\/2014\/","name":"Munt de Mots","description":"","potentialAction":[{"@type":"SearchAction","target":{"@type":"EntryPoint","urlTemplate":"https:\/\/www.muntdemots.org\/2014\/?s={search_term_string}"},"query-input":"required name=search_term_string"}],"inLanguage":"ca"}]}},"_links":{"self":[{"href":"http:\/\/www.muntdemots.org\/2014\/wp-json\/wp\/v2\/pages\/7192"}],"collection":[{"href":"http:\/\/www.muntdemots.org\/2014\/wp-json\/wp\/v2\/pages"}],"about":[{"href":"http:\/\/www.muntdemots.org\/2014\/wp-json\/wp\/v2\/types\/page"}],"author":[{"embeddable":true,"href":"http:\/\/www.muntdemots.org\/2014\/wp-json\/wp\/v2\/users\/1"}],"replies":[{"embeddable":true,"href":"http:\/\/www.muntdemots.org\/2014\/wp-json\/wp\/v2\/comments?post=7192"}],"version-history":[{"count":6,"href":"http:\/\/www.muntdemots.org\/2014\/wp-json\/wp\/v2\/pages\/7192\/revisions"}],"predecessor-version":[{"id":7236,"href":"http:\/\/www.muntdemots.org\/2014\/wp-json\/wp\/v2\/pages\/7192\/revisions\/7236"}],"up":[{"embeddable":true,"href":"http:\/\/www.muntdemots.org\/2014\/wp-json\/wp\/v2\/pages\/4"}],"wp:attachment":[{"href":"http:\/\/www.muntdemots.org\/2014\/wp-json\/wp\/v2\/media?parent=7192"}],"curies":[{"name":"wp","href":"https:\/\/api.w.org\/{rel}","templated":true}]}}