{"id":4,"date":"2012-07-01T16:35:03","date_gmt":"2012-07-01T16:35:03","guid":{"rendered":"http:\/\/www.muntdemots.org\/modelo3\/?page_id=4"},"modified":"2014-10-02T06:18:20","modified_gmt":"2014-10-02T06:18:20","slug":"participants","status":"publish","type":"page","link":"http:\/\/www.muntdemots.org\/2014\/participants\/","title":{"rendered":"Participants"},"content":{"rendered":"<p><a title=\"Permanent Link to Albert Marqu\u00e9s\" href=\"http:\/\/www.muntdemots.org\/2014\/participants\/albert-marques\/\" rel=\"bookmark\">Albert Marqu\u00e9s<\/a><\/p>\n<p><a title=\"Permanent Link to Alicia i In\u00e9s\" href=\"http:\/\/www.muntdemots.org\/2014\/participants\/alicia-ines\/\" rel=\"bookmark\">Alicia i In\u00e9s<\/a><\/p>\n<p><a title=\"Permanent Link to Anxo Baranga\" href=\"http:\/\/www.muntdemots.org\/2014\/participants\/anxo-baranga\/\" rel=\"bookmark\">Anxo Baranga<\/a><\/p>\n<p><a title=\"Permanent Link to Assumpta Mercader\" href=\"http:\/\/www.muntdemots.org\/2014\/participants\/assumpta-mercader\/\" rel=\"bookmark\">Assumpta Mercader<\/a><\/p>\n<p><a title=\"Permanent Link to Borja Riquelme\" href=\"http:\/\/www.muntdemots.org\/2014\/participants\/borja-riquelme\/\" rel=\"bookmark\">Borja Riquelme<\/a><\/p>\n<p><a title=\"Permanent Link to Cesc Serrat\" href=\"http:\/\/www.muntdemots.org\/2014\/participants\/cesc-serrat\/\" rel=\"bookmark\">Cesc Serrat<\/a><\/p>\n<p><a title=\"Permanent Link to Clara Sanabras\" href=\"http:\/\/www.muntdemots.org\/2014\/participants\/clara-sanabras\/\" rel=\"bookmark\">Clara Sanabras<\/a><\/p>\n<p><a title=\"Permanent Link to Isabela M\u00e9ndez\" href=\"http:\/\/www.muntdemots.org\/2014\/participants\/isabela-mendez\/\" rel=\"bookmark\">Isabela M\u00e9ndez<\/a><\/p>\n<p><a title=\"Permanent Link to Joan Boher\" href=\"http:\/\/www.muntdemots.org\/2014\/participants\/joan-boher\/\" rel=\"bookmark\">Joan Boher<\/a><\/p>\n<p><a title=\"Permanent Link to Jordina Biosca\" href=\"http:\/\/www.muntdemots.org\/2014\/participants\/jordina-biosca\/\" rel=\"bookmark\">Jordina Biosca<\/a><\/p>\n<p><a title=\"Permanent Link to Jos\u00e9 Manuel Garz\u00f3n\" href=\"http:\/\/www.muntdemots.org\/2014\/participants\/jose-manuel-garzon\/\" rel=\"bookmark\">Jos\u00e9 Manuel Garz\u00f3n<\/a><\/p>\n<p><a title=\"Permanent Link to Joseluis Mellado C.\" href=\"http:\/\/www.muntdemots.org\/2014\/participants\/joseluis-mellado-c\/\" rel=\"bookmark\">Joseluis Mellado C.<\/a><\/p>\n<p><a title=\"Permanent Link to Josep Llu\u00eds Gallardo\" href=\"http:\/\/www.muntdemots.org\/2014\/participants\/josep-lluis-gallardo\/\" rel=\"bookmark\">Josep Llu\u00eds Gallardo<\/a><\/p>\n<p><a title=\"Permanent Link to Laura Rodr\u00edguez\" href=\"http:\/\/www.muntdemots.org\/2014\/participants\/laura-rodriguez\/\" rel=\"bookmark\">Laura Rodr\u00edguez<\/a><\/p>\n<p><a title=\"Permanent Link to Monika Klose\" href=\"http:\/\/www.muntdemots.org\/2014\/participants\/monika-klose\/\" rel=\"bookmark\">Monika Klose<\/a><\/p>\n<p><a title=\"Permanent Link to Paco Asencio\" href=\"http:\/\/www.muntdemots.org\/2014\/participants\/paco-asencio\/\" rel=\"bookmark\">Paco Asencio<\/a><\/p>\n<p><a title=\"Permanent Link to Roser Ros\" href=\"http:\/\/www.muntdemots.org\/2014\/participants\/roser-ros\/\" rel=\"bookmark\">Roser Ros<\/a><\/p>\n<p><a title=\"Permanent Link to Rub\u00e9n Mart\u00ednez Santana\" href=\"http:\/\/www.muntdemots.org\/2014\/participants\/ruben-martinez-santana\/\" rel=\"bookmark\">Rub\u00e9n Mart\u00ednez Santana<\/a><\/p>\n<p><a title=\"Permanent Link to Sandra Rossi\" href=\"http:\/\/www.muntdemots.org\/2014\/participants\/sandra-rossi\/\" rel=\"bookmark\">Sandra Rossi<\/a><\/p>\n<p>&nbsp;<\/p>\n<p><a title=\"Permanent Link to Grupo Encantacontes\" href=\"http:\/\/www.muntdemots.org\/2014\/participants\/grupo-encantacontes\/\" rel=\"bookmark\">Grupo Encantacontes<\/a><\/p>\n<p><a title=\"Permanent Link to Narr\u00edn Narran\" href=\"http:\/\/www.muntdemots.org\/2014\/participants\/narrin-narran-2\/\" rel=\"bookmark\">Narr\u00edn Narran<\/a><\/p>\n<p><a title=\"Permanent Link to VadeContes\" href=\"http:\/\/www.muntdemots.org\/2014\/participants\/vadecontes\/\" rel=\"bookmark\">VadeContes<\/a><\/p>\n","protected":false},"excerpt":{"rendered":"<p>Albert Marqu\u00e9s Alicia i In\u00e9s Anxo Baranga Assumpta Mercader Borja Riquelme Cesc Serrat Clara Sanabras Isabela M\u00e9ndez Joan Boher Jordina Biosca Jos\u00e9 Manuel Garz\u00f3n Joseluis Mellado C. Josep Llu\u00eds Gallardo Laura Rodr\u00edguez Monika Klose Paco Asencio Roser Ros Rub\u00e9n Mart\u00ednez Santana Sandra Rossi &nbsp; Grupo Encantacontes Narr\u00edn Narran VadeContes<\/p>\n","protected":false},"author":1,"featured_media":0,"parent":0,"menu_order":0,"comment_status":"open","ping_status":"closed","template":"","meta":{"_mi_skip_tracking":false},"yoast_head":"<!-- This site is optimized with the Yoast SEO plugin v20.5 - https:\/\/yoast.com\/wordpress\/plugins\/seo\/ -->\n<title>Participants - Munt de Mots<\/title>\n<meta name=\"robots\" content=\"index, follow, max-snippet:-1, max-image-preview:large, max-video-preview:-1\" \/>\n<link rel=\"canonical\" href=\"http:\/\/www.muntdemots.org\/2014\/participants\/\" \/>\n<meta property=\"og:locale\" content=\"ca_ES\" \/>\n<meta property=\"og:type\" content=\"article\" \/>\n<meta property=\"og:title\" content=\"Participants - Munt de Mots\" \/>\n<meta property=\"og:description\" content=\"Albert Marqu\u00e9s Alicia i In\u00e9s Anxo Baranga Assumpta Mercader Borja Riquelme Cesc Serrat Clara Sanabras Isabela M\u00e9ndez Joan Boher Jordina Biosca Jos\u00e9 Manuel Garz\u00f3n Joseluis Mellado C. Josep Llu\u00eds Gallardo Laura Rodr\u00edguez Monika Klose Paco Asencio Roser Ros Rub\u00e9n Mart\u00ednez Santana Sandra Rossi &nbsp; Grupo Encantacontes Narr\u00edn Narran VadeContes\" \/>\n<meta property=\"og:url\" content=\"http:\/\/www.muntdemots.org\/2014\/participants\/\" \/>\n<meta property=\"og:site_name\" content=\"Munt de Mots\" \/>\n<meta property=\"article:publisher\" content=\"https:\/\/www.facebook.com\/FestivalMuntdeMots\" \/>\n<meta property=\"article:modified_time\" content=\"2014-10-02T06:18:20+00:00\" \/>\n<meta name=\"twitter:card\" content=\"summary_large_image\" \/>\n<meta name=\"twitter:site\" content=\"@muntdemots\" \/>\n<script type=\"application\/ld+json\" class=\"yoast-schema-graph\">{\"@context\":\"https:\/\/schema.org\",\"@graph\":[{\"@type\":\"WebPage\",\"@id\":\"http:\/\/www.muntdemots.org\/2014\/participants\/\",\"url\":\"http:\/\/www.muntdemots.org\/2014\/participants\/\",\"name\":\"Participants - Munt de Mots\",\"isPartOf\":{\"@id\":\"https:\/\/www.muntdemots.org\/2014\/#website\"},\"datePublished\":\"2012-07-01T16:35:03+00:00\",\"dateModified\":\"2014-10-02T06:18:20+00:00\",\"breadcrumb\":{\"@id\":\"http:\/\/www.muntdemots.org\/2014\/participants\/#breadcrumb\"},\"inLanguage\":\"ca\",\"potentialAction\":[{\"@type\":\"ReadAction\",\"target\":[\"http:\/\/www.muntdemots.org\/2014\/participants\/\"]}]},{\"@type\":\"BreadcrumbList\",\"@id\":\"http:\/\/www.muntdemots.org\/2014\/participants\/#breadcrumb\",\"itemListElement\":[{\"@type\":\"ListItem\",\"position\":1,\"name\":\"Inici\",\"item\":\"https:\/\/www.muntdemots.org\/2014\/\"},{\"@type\":\"ListItem\",\"position\":2,\"name\":\"Participants\"}]},{\"@type\":\"WebSite\",\"@id\":\"https:\/\/www.muntdemots.org\/2014\/#website\",\"url\":\"https:\/\/www.muntdemots.org\/2014\/\",\"name\":\"Munt de Mots\",\"description\":\"\",\"potentialAction\":[{\"@type\":\"SearchAction\",\"target\":{\"@type\":\"EntryPoint\",\"urlTemplate\":\"https:\/\/www.muntdemots.org\/2014\/?s={search_term_string}\"},\"query-input\":\"required name=search_term_string\"}],\"inLanguage\":\"ca\"}]}<\/script>\n<!-- \/ Yoast SEO plugin. -->","yoast_head_json":{"title":"Participants - Munt de Mots","robots":{"index":"index","follow":"follow","max-snippet":"max-snippet:-1","max-image-preview":"max-image-preview:large","max-video-preview":"max-video-preview:-1"},"canonical":"http:\/\/www.muntdemots.org\/2014\/participants\/","og_locale":"ca_ES","og_type":"article","og_title":"Participants - Munt de Mots","og_description":"Albert Marqu\u00e9s Alicia i In\u00e9s Anxo Baranga Assumpta Mercader Borja Riquelme Cesc Serrat Clara Sanabras Isabela M\u00e9ndez Joan Boher Jordina Biosca Jos\u00e9 Manuel Garz\u00f3n Joseluis Mellado C. Josep Llu\u00eds Gallardo Laura Rodr\u00edguez Monika Klose Paco Asencio Roser Ros Rub\u00e9n Mart\u00ednez Santana Sandra Rossi &nbsp; Grupo Encantacontes Narr\u00edn Narran VadeContes","og_url":"http:\/\/www.muntdemots.org\/2014\/participants\/","og_site_name":"Munt de Mots","article_publisher":"https:\/\/www.facebook.com\/FestivalMuntdeMots","article_modified_time":"2014-10-02T06:18:20+00:00","twitter_card":"summary_large_image","twitter_site":"@muntdemots","schema":{"@context":"https:\/\/schema.org","@graph":[{"@type":"WebPage","@id":"http:\/\/www.muntdemots.org\/2014\/participants\/","url":"http:\/\/www.muntdemots.org\/2014\/participants\/","name":"Participants - Munt de Mots","isPartOf":{"@id":"https:\/\/www.muntdemots.org\/2014\/#website"},"datePublished":"2012-07-01T16:35:03+00:00","dateModified":"2014-10-02T06:18:20+00:00","breadcrumb":{"@id":"http:\/\/www.muntdemots.org\/2014\/participants\/#breadcrumb"},"inLanguage":"ca","potentialAction":[{"@type":"ReadAction","target":["http:\/\/www.muntdemots.org\/2014\/participants\/"]}]},{"@type":"BreadcrumbList","@id":"http:\/\/www.muntdemots.org\/2014\/participants\/#breadcrumb","itemListElement":[{"@type":"ListItem","position":1,"name":"Inici","item":"https:\/\/www.muntdemots.org\/2014\/"},{"@type":"ListItem","position":2,"name":"Participants"}]},{"@type":"WebSite","@id":"https:\/\/www.muntdemots.org\/2014\/#website","url":"https:\/\/www.muntdemots.org\/2014\/","name":"Munt de Mots","description":"","potentialAction":[{"@type":"SearchAction","target":{"@type":"EntryPoint","urlTemplate":"https:\/\/www.muntdemots.org\/2014\/?s={search_term_string}"},"query-input":"required name=search_term_string"}],"inLanguage":"ca"}]}},"_links":{"self":[{"href":"http:\/\/www.muntdemots.org\/2014\/wp-json\/wp\/v2\/pages\/4"}],"collection":[{"href":"http:\/\/www.muntdemots.org\/2014\/wp-json\/wp\/v2\/pages"}],"about":[{"href":"http:\/\/www.muntdemots.org\/2014\/wp-json\/wp\/v2\/types\/page"}],"author":[{"embeddable":true,"href":"http:\/\/www.muntdemots.org\/2014\/wp-json\/wp\/v2\/users\/1"}],"replies":[{"embeddable":true,"href":"http:\/\/www.muntdemots.org\/2014\/wp-json\/wp\/v2\/comments?post=4"}],"version-history":[{"count":163,"href":"http:\/\/www.muntdemots.org\/2014\/wp-json\/wp\/v2\/pages\/4\/revisions"}],"predecessor-version":[{"id":7444,"href":"http:\/\/www.muntdemots.org\/2014\/wp-json\/wp\/v2\/pages\/4\/revisions\/7444"}],"wp:attachment":[{"href":"http:\/\/www.muntdemots.org\/2014\/wp-json\/wp\/v2\/media?parent=4"}],"curies":[{"name":"wp","href":"https:\/\/api.w.org\/{rel}","templated":true}]}}