{"id":31,"date":"2012-07-01T16:15:43","date_gmt":"2012-07-01T16:15:43","guid":{"rendered":"http:\/\/www.muntdemots.org\/"},"modified":"2014-10-15T15:29:20","modified_gmt":"2014-10-15T15:29:20","slug":"24oct","status":"publish","type":"page","link":"http:\/\/www.muntdemots.org\/2014\/calendari\/24oct\/","title":{"rendered":"Divendres 24 d&#8217;octubre"},"content":{"rendered":"<p><strong>CUENTOS MUTANTES Y METAM\u00d3RFICOS <\/strong><\/p>\n<p><strong>Rub\u00e9n Mart\u00ednez Santana (Vene\u00e7uela \u2013 Catalunya)<\/strong><\/p>\n<p>S\u00f3n contes que, per amor o per una praxis cient\u00edfica dolenta, han canviat, mutat, fins a convertir-se en un altra cosa (encara sense classificaci\u00f3). Hi ha poques certeses sobre el que pot succeir en aquest espectacle, per\u00f2 de ben segur que no hi mancar\u00e0 la sorpresa.<\/p>\n<p>Jove \/ Castell\u00e0<br \/>\nHora: 11.00h<\/p>\n<p><a title=\"Teatre de Palau-solit\u00e0 i plegamans\" href=\"http:\/\/www.palauplegamans.net\/pl5\/descobrir\/equipament\/id12\/teatre-de-la-vila.htm\" target=\"_blank\">TEATRE DE PALAU-SOLIT\u00c0 I PLEGAMANS<\/a><\/p>\n<p>Sessi\u00f3 Escolar<\/p>\n<p><strong>AMERICANTOS Y LATICUENTOS<\/strong><\/p>\n<p><strong>Rub\u00e9n Mart\u00ednez Santana (Vene\u00e7uela &#8211; Catalunya)<\/strong><\/p>\n<p>Ana Maria Machado, Jos\u00e9 Mart\u00ed, Maria Elena Walsh,\u00a0Aquiles Nazoa\u2026 La literatura dirigida als nens i nenes a l\u2019Am\u00e8rica Llatina \u00e9s tan, tan rica que fer una antologia resulta molt dif\u00edcil. No obstant aix\u00f2, guiat pels criteris del cor i de la pr\u00f2pia infantesa, Rub\u00e9n Mart\u00ednez Santana recull en aquest espectacle alguns dels millors contes i can\u00e7ons infantils que des de fa generacions s\u2019expliquen, canten i llegeixen en aquelles terres. I veurem que, encara que algunes paraules resultin graciosament estranyes, ser un\/a nen\/a \u00e9s el mateix aqu\u00ed, all\u00e0 i a la Xina!<\/p>\n<p>Infantil \/ Castell\u00e0<br \/>\nHora: 18.00h<\/p>\n<p><a href=\"http:\/\/www.muntdemots.org\/programacio-infantil\/www.cotxeresborrell.net\">CENTRE C\u00cdVIC COTXERES BORRELL<\/a><\/p>\n<p>Activitat gratu\u00efta<\/p>\n<p><strong>VIAJE POR EL MUNDO EN SIETE CUENTOS<\/strong><\/p>\n<p><strong>Monika Klose (Alemanya \u2013 Catalunya)<\/strong><\/p>\n<p>Els contes tradicionals tenen el gust de la cultura on neixen, per\u00f2 al mateix temps ens parlen de temes universals com els desitjos, la curiositat, la mort i l\u2019amor.<\/p>\n<p>Adults \/ Castell\u00e0<br \/>\nHora: 19.30h<\/p>\n<p><a title=\"Biblioteca Poble Sec\" href=\"http:\/\/www.bcn.cat\/bibfrancescboix\" target=\"_blank\">BIBLIOTECA POBLE SEC<\/a><\/p>\n<p>Activitat gratu\u00efta<\/p>\n<p><strong>EL VENDEDOR DE SUE\u00d1OS<\/strong><\/p>\n<p><strong>Jos\u00e9 Manuel Garz\u00f3n (Val\u00e8ncia &#8211; Catalunya)<\/strong><\/p>\n<p>\u00c9s un espectacle on es reivindica el dret a somiar, a creure que l\u2019impossible esdev\u00e9 possible i que mai no ens podem donar per ven\u00e7uts. \u00c9s un cant a la utopia i al valor de la fantasia per nodrir els cors i convertir-nos en millors \u00e9ssers humans.<\/p>\n<p>Adults \/ Castell\u00e0<br \/>\nHora: 19.00h<\/p>\n<p><a href=\"http:\/\/www.toniguida.org\/\">CENTRE CULTURAL TON I GUIDA<\/a><br \/>\nActivitat gratu\u00efta<\/p>\n<p>&nbsp;<\/p>\n<p><strong>TU CONTES<\/strong><\/p>\n<p><strong>Condu\u00eft pel grup Las Lindas (Catalunya)<br \/>\n<\/strong><\/p>\n<p>Espai de trobada obert a tothom, tant per a qui vingui a contar contes com per a qui vingui nom\u00e9s a escoltar-los. Poden ser contes llargs, curts, amb m\u00fasica o sense, per a petits, joves, adults, gent gran&#8230; per a tothom! El segon divendres de cada mes a les 19.00h al C.C.Torre Llobeta ens trobar\u00e0s. Nom\u00e9s hi faltes tu!<\/p>\n<p>Adults \/ Catal\u00e0 i castell\u00e0<br \/>\nHora: 20.00h<\/p>\n<p><a href=\"http:\/\/www.cctorrellobeta.es\/\">CENTRE C\u00cdVIC TORRE LLOBETA<\/a><br \/>\nActivitat gratu\u00efta<\/p>\n<p><strong>Xerrada- Taller<\/strong><\/p>\n<p><strong>EINES <\/strong><strong>INFORM\u00c0TIQUES PER A LA GESTI\u00d3 DEL TREBALL DEL CONTACONTES<\/strong><\/p>\n<p><strong>Albert Marqu\u00e9s (Catalunya)<\/strong><\/p>\n<p>Un dels principals maldecaps de qualsevol contacontes que comenci (i que continu\u00ef) amb \u00a0l&#8217;ofici \u00e9s el \u201cfosc i complicad\u00edssim\u201d tema dels comptes. Hisenda, aut\u00f2noms, ep\u00edgrafs, promoci\u00f3 a internet, etc. Albert Marqu\u00e8s compartir\u00e0 generosament els seus coneixements al respecte. Per fi! Llum al final del t\u00fanel!<\/p>\n<p><strong>Dirigit a narradors\/es<\/strong> \/ Catal\u00e0<br \/>\nHora: 19.00h<\/p>\n<p><a title=\"Biblioteca Sant Antoni\" href=\"http:\/\/www.bcn.cat\/bibjoanoliver\" target=\"_blank\">BIBLIOTECA DE SANT ANTONI<\/a><br \/>\nActivitat gratu\u00efta<\/p>\n<p>Cal trucar abans a la Biblioteca per inscriure&#8217;s.<\/p>\n<p>&nbsp;<\/p>\n<p><strong>Confer\u00e8ncia<br \/>\n<\/strong><strong>NARRACI\u00d3 ORAL I ADOLESC\u00c8NCIA: UNA EXPERI\u00c8NCIA EDUCATIVA<\/strong><\/p>\n<p><strong>Alicia Molina (Catalunya)<\/strong><strong><br \/>\n<\/strong><\/p>\n<p>Incorporar els contes al curr\u00edculum d\u2019ESO i a l\u2019ensenyament postobligatori com a vehicle de comunicaci\u00f3, d\u2019autoconeixement, d\u2019aprenentatge, de compartir amb l\u2019altr@&#8230; a partir de propostes realitzades a l\u2019aula.<\/p>\n<p>Adults \/ Catal\u00e0<br \/>\nHora: 19.30h<\/p>\n<p>CENTRE D\u2019INTER\u00c8S EN LA NARRACI\u00d3 ORAL<\/p>\n<p><a href=\"http:\/\/www.bcn.cat\/bibviladegracia\">BIBLIOTECA VILA DE GR\u00c0CIA\u2028<\/a><br \/>\nActivitat gratu\u00efta<\/p>\n<p>&nbsp;<\/p>\n<p><strong>A FLOR DE PIEL<\/strong><\/p>\n<p><strong>Isabela M\u00e9ndez (Vene\u00e7uela \u2013 Catalunya)<\/strong><\/p>\n<p style=\"text-align: justify;\">Jo poso els contes en flor, vosaltres m\u2019ajudareu a esfullar-los. Sabrem si l\u2019estima o no l\u2019estima, per qu\u00e8 hi ha tantes bombolles a la peixera, qu\u00e8 \u00e9s el que passa quan engabiem un pet\u00f3 i qu\u00e8 li va passar al v\u00e8rtex del triangle.<\/p>\n<p>Adults \/ Castell\u00e0<br \/>\nHora: 20.00h<\/p>\n<p>SALA PEPITA CASANELLA (C. C. Casa del Rellotge)<br \/>\nEntrada: 2,30\u20ac<\/p>\n<p>&nbsp;<\/p>\n<p><strong>A QUIEN CORRESPONDA<\/strong><\/p>\n<p><strong>Jos\u00e9 Manuel Garz\u00f3n (Val\u00e8ncia)<\/strong><\/p>\n<p><strong>\u00a0<\/strong>Hist\u00f2ries des de les quals faig reflexions sobre les coses que em preocupen, sobretot sobre la falta de confian\u00e7a que tenim a mostrar-nos tal com som. Parlo sobre la manca de comunicaci\u00f3 entre aquells a qui estimem.<\/p>\n<p>Adults \/ Castell\u00e0<\/p>\n<p>Hora: 22.00h<\/p>\n<p><a title=\"Ateneu Popular de 9 barris\" href=\"http:\/\/www.ateneu9b.net\/\">ATENEU DE NOU BARRIS<\/a><br \/>\nEntrada Gratu\u00efta<\/p>\n","protected":false},"excerpt":{"rendered":"<p>CUENTOS MUTANTES Y METAM\u00d3RFICOS Rub\u00e9n Mart\u00ednez Santana (Vene\u00e7uela \u2013 Catalunya) S\u00f3n contes que, per amor o per una praxis cient\u00edfica dolenta, han canviat, mutat, fins a convertir-se en un altra cosa (encara sense classificaci\u00f3). Hi ha poques certeses sobre el que pot succeir en aquest espectacle, per\u00f2 de ben segur que no hi mancar\u00e0 la [&hellip;]<\/p>\n","protected":false},"author":1,"featured_media":0,"parent":4928,"menu_order":0,"comment_status":"open","ping_status":"closed","template":"","meta":{"_mi_skip_tracking":false},"yoast_head":"<!-- This site is optimized with the Yoast SEO plugin v20.5 - https:\/\/yoast.com\/wordpress\/plugins\/seo\/ -->\n<title>Divendres 24 d&#039;octubre - Munt de Mots<\/title>\n<meta name=\"robots\" content=\"index, follow, max-snippet:-1, max-image-preview:large, max-video-preview:-1\" \/>\n<link rel=\"canonical\" href=\"http:\/\/www.muntdemots.org\/2014\/calendari\/24oct\/\" \/>\n<meta property=\"og:locale\" content=\"ca_ES\" \/>\n<meta property=\"og:type\" content=\"article\" \/>\n<meta property=\"og:title\" content=\"Divendres 24 d&#039;octubre - Munt de Mots\" \/>\n<meta property=\"og:description\" content=\"CUENTOS MUTANTES Y METAM\u00d3RFICOS Rub\u00e9n Mart\u00ednez Santana (Vene\u00e7uela \u2013 Catalunya) S\u00f3n contes que, per amor o per una praxis cient\u00edfica dolenta, han canviat, mutat, fins a convertir-se en un altra cosa (encara sense classificaci\u00f3). Hi ha poques certeses sobre el que pot succeir en aquest espectacle, per\u00f2 de ben segur que no hi mancar\u00e0 la [&hellip;]\" \/>\n<meta property=\"og:url\" content=\"http:\/\/www.muntdemots.org\/2014\/calendari\/24oct\/\" \/>\n<meta property=\"og:site_name\" content=\"Munt de Mots\" \/>\n<meta property=\"article:publisher\" content=\"https:\/\/www.facebook.com\/FestivalMuntdeMots\" \/>\n<meta property=\"article:modified_time\" content=\"2014-10-15T15:29:20+00:00\" \/>\n<meta name=\"twitter:card\" content=\"summary_large_image\" \/>\n<meta name=\"twitter:site\" content=\"@muntdemots\" \/>\n<meta name=\"twitter:label1\" content=\"Temps estimat de lectura\" \/>\n\t<meta name=\"twitter:data1\" content=\"4 minuts\" \/>\n<script type=\"application\/ld+json\" class=\"yoast-schema-graph\">{\"@context\":\"https:\/\/schema.org\",\"@graph\":[{\"@type\":\"WebPage\",\"@id\":\"http:\/\/www.muntdemots.org\/2014\/calendari\/24oct\/\",\"url\":\"http:\/\/www.muntdemots.org\/2014\/calendari\/24oct\/\",\"name\":\"Divendres 24 d'octubre - Munt de Mots\",\"isPartOf\":{\"@id\":\"https:\/\/www.muntdemots.org\/2014\/#website\"},\"datePublished\":\"2012-07-01T16:15:43+00:00\",\"dateModified\":\"2014-10-15T15:29:20+00:00\",\"breadcrumb\":{\"@id\":\"http:\/\/www.muntdemots.org\/2014\/calendari\/24oct\/#breadcrumb\"},\"inLanguage\":\"ca\",\"potentialAction\":[{\"@type\":\"ReadAction\",\"target\":[\"http:\/\/www.muntdemots.org\/2014\/calendari\/24oct\/\"]}]},{\"@type\":\"BreadcrumbList\",\"@id\":\"http:\/\/www.muntdemots.org\/2014\/calendari\/24oct\/#breadcrumb\",\"itemListElement\":[{\"@type\":\"ListItem\",\"position\":1,\"name\":\"Inici\",\"item\":\"https:\/\/www.muntdemots.org\/2014\/\"},{\"@type\":\"ListItem\",\"position\":2,\"name\":\"Calendari\",\"item\":\"http:\/\/www.muntdemots.org\/2014\/calendari\/\"},{\"@type\":\"ListItem\",\"position\":3,\"name\":\"Divendres 24 d&#8217;octubre\"}]},{\"@type\":\"WebSite\",\"@id\":\"https:\/\/www.muntdemots.org\/2014\/#website\",\"url\":\"https:\/\/www.muntdemots.org\/2014\/\",\"name\":\"Munt de Mots\",\"description\":\"\",\"potentialAction\":[{\"@type\":\"SearchAction\",\"target\":{\"@type\":\"EntryPoint\",\"urlTemplate\":\"https:\/\/www.muntdemots.org\/2014\/?s={search_term_string}\"},\"query-input\":\"required name=search_term_string\"}],\"inLanguage\":\"ca\"}]}<\/script>\n<!-- \/ Yoast SEO plugin. -->","yoast_head_json":{"title":"Divendres 24 d'octubre - Munt de Mots","robots":{"index":"index","follow":"follow","max-snippet":"max-snippet:-1","max-image-preview":"max-image-preview:large","max-video-preview":"max-video-preview:-1"},"canonical":"http:\/\/www.muntdemots.org\/2014\/calendari\/24oct\/","og_locale":"ca_ES","og_type":"article","og_title":"Divendres 24 d'octubre - Munt de Mots","og_description":"CUENTOS MUTANTES Y METAM\u00d3RFICOS Rub\u00e9n Mart\u00ednez Santana (Vene\u00e7uela \u2013 Catalunya) S\u00f3n contes que, per amor o per una praxis cient\u00edfica dolenta, han canviat, mutat, fins a convertir-se en un altra cosa (encara sense classificaci\u00f3). Hi ha poques certeses sobre el que pot succeir en aquest espectacle, per\u00f2 de ben segur que no hi mancar\u00e0 la [&hellip;]","og_url":"http:\/\/www.muntdemots.org\/2014\/calendari\/24oct\/","og_site_name":"Munt de Mots","article_publisher":"https:\/\/www.facebook.com\/FestivalMuntdeMots","article_modified_time":"2014-10-15T15:29:20+00:00","twitter_card":"summary_large_image","twitter_site":"@muntdemots","twitter_misc":{"Temps estimat de lectura":"4 minuts"},"schema":{"@context":"https:\/\/schema.org","@graph":[{"@type":"WebPage","@id":"http:\/\/www.muntdemots.org\/2014\/calendari\/24oct\/","url":"http:\/\/www.muntdemots.org\/2014\/calendari\/24oct\/","name":"Divendres 24 d'octubre - Munt de Mots","isPartOf":{"@id":"https:\/\/www.muntdemots.org\/2014\/#website"},"datePublished":"2012-07-01T16:15:43+00:00","dateModified":"2014-10-15T15:29:20+00:00","breadcrumb":{"@id":"http:\/\/www.muntdemots.org\/2014\/calendari\/24oct\/#breadcrumb"},"inLanguage":"ca","potentialAction":[{"@type":"ReadAction","target":["http:\/\/www.muntdemots.org\/2014\/calendari\/24oct\/"]}]},{"@type":"BreadcrumbList","@id":"http:\/\/www.muntdemots.org\/2014\/calendari\/24oct\/#breadcrumb","itemListElement":[{"@type":"ListItem","position":1,"name":"Inici","item":"https:\/\/www.muntdemots.org\/2014\/"},{"@type":"ListItem","position":2,"name":"Calendari","item":"http:\/\/www.muntdemots.org\/2014\/calendari\/"},{"@type":"ListItem","position":3,"name":"Divendres 24 d&#8217;octubre"}]},{"@type":"WebSite","@id":"https:\/\/www.muntdemots.org\/2014\/#website","url":"https:\/\/www.muntdemots.org\/2014\/","name":"Munt de Mots","description":"","potentialAction":[{"@type":"SearchAction","target":{"@type":"EntryPoint","urlTemplate":"https:\/\/www.muntdemots.org\/2014\/?s={search_term_string}"},"query-input":"required name=search_term_string"}],"inLanguage":"ca"}]}},"_links":{"self":[{"href":"http:\/\/www.muntdemots.org\/2014\/wp-json\/wp\/v2\/pages\/31"}],"collection":[{"href":"http:\/\/www.muntdemots.org\/2014\/wp-json\/wp\/v2\/pages"}],"about":[{"href":"http:\/\/www.muntdemots.org\/2014\/wp-json\/wp\/v2\/types\/page"}],"author":[{"embeddable":true,"href":"http:\/\/www.muntdemots.org\/2014\/wp-json\/wp\/v2\/users\/1"}],"replies":[{"embeddable":true,"href":"http:\/\/www.muntdemots.org\/2014\/wp-json\/wp\/v2\/comments?post=31"}],"version-history":[{"count":105,"href":"http:\/\/www.muntdemots.org\/2014\/wp-json\/wp\/v2\/pages\/31\/revisions"}],"predecessor-version":[{"id":7541,"href":"http:\/\/www.muntdemots.org\/2014\/wp-json\/wp\/v2\/pages\/31\/revisions\/7541"}],"up":[{"embeddable":true,"href":"http:\/\/www.muntdemots.org\/2014\/wp-json\/wp\/v2\/pages\/4928"}],"wp:attachment":[{"href":"http:\/\/www.muntdemots.org\/2014\/wp-json\/wp\/v2\/media?parent=31"}],"curies":[{"name":"wp","href":"https:\/\/api.w.org\/{rel}","templated":true}]}}