{"id":255,"date":"2012-07-01T16:30:52","date_gmt":"2012-07-01T16:30:52","guid":{"rendered":"http:\/\/www.muntdemots.org\/"},"modified":"2014-10-10T07:36:54","modified_gmt":"2014-10-10T07:36:54","slug":"credits","status":"publish","type":"page","link":"http:\/\/www.muntdemots.org\/2014\/credits\/","title":{"rendered":"Cr\u00e8dits"},"content":{"rendered":"<p>ORGANITZA:<\/p>\n<p><strong><a href=\"http:\/\/www.muntdemots.org\/2013\/wp-content\/uploads\/2013\/07\/munt-de-paraules.jpg\"><img decoding=\"async\" loading=\"lazy\" class=\"wp-image-6331 alignleft\" title=\"munt de paraules\" src=\"http:\/\/www.muntdemots.org\/2013\/wp-content\/uploads\/2013\/07\/munt-de-paraules-300x222.jpg\" alt=\"\" width=\"191\" height=\"141\" srcset=\"http:\/\/www.muntdemots.org\/2014\/wp-content\/uploads\/2013\/07\/munt-de-paraules-300x222.jpg 300w, http:\/\/www.muntdemots.org\/2014\/wp-content\/uploads\/2013\/07\/munt-de-paraules.jpg 307w\" sizes=\"(max-width: 191px) 100vw, 191px\" \/><\/a><\/strong><\/p>\n<p>&nbsp;<\/p>\n<p>&nbsp;<\/p>\n<p>&nbsp;<\/p>\n<p>&nbsp;<\/p>\n<p>&nbsp;<\/p>\n<p><img decoding=\"async\" loading=\"lazy\" class=\"size-full wp-image-6332 alignleft\" title=\"logopati\" src=\"http:\/\/www.muntdemots.org\/2013\/wp-content\/uploads\/2013\/07\/logopati.png\" alt=\"\" width=\"200\" height=\"106\" \/><\/p>\n<p>&nbsp;<\/p>\n<p>&nbsp;<\/p>\n<p>&nbsp;<\/p>\n<p>&nbsp;<\/p>\n<p>PATROCINA:<\/p>\n<p><a class=\"title\" href=\"http:\/\/www.diba.es\/biblioteques\/\" target=\"_blank\"><img decoding=\"async\" src=\"http:\/\/www.muntdemots.org\/2013\/wp-content\/uploads\/2013\/07\/logo-BIBLIO.jpg\" alt=\"\" height=\"50\" \/><\/a><\/p>\n<p><img decoding=\"async\" src=\"http:\/\/www.muntdemots.org\/2013\/wp-content\/uploads\/2013\/07\/logo-CC.jpg\" alt=\"\" height=\"50\" \/><\/p>\n<p>&nbsp;<\/p>\n<p><img decoding=\"async\" loading=\"lazy\" src=\"http:\/\/www.muntdemots.org\/2013\/wp-content\/uploads\/2013\/09\/logo-luz-de-gas-vectorial.jpg\" alt=\"\" width=\"92\" height=\"165\" \/><\/p>\n<p>&nbsp;<\/p>\n<p>MICRO-MECENES:<\/p>\n<p><em>\u00a0i 26 donacions an\u00f2nimes!\u00a0 Moltes gr\u00e0cies!!!<\/em><\/p>\n<p>&nbsp;<\/p>\n<p>COL.LABORA:<\/p>\n<p>Associaci\u00f3 de Narradores i Narradors, Ajuntament de Palau-solit\u00e0 i Plegamans, Biblioteques de Gav\u00e0, Casa Am\u00e8rica Catalunya, Centre d\u2019Estudis Musicals Mar\u00eda Grever, Contes a l&#8217;Astrolabi, Contes i Cuentos, Clara Sanabras, Ediciones Ekar\u00e9, Editorial Baula, Editorial Edelvives, Grup Las Lindas, Libros del Zorro Rojo, Naocat.com, Llibreria Pebre Negre, Museu de la M\u00fasica, Red Internacional de Cuentacuentos, Taller de les Arts de Palau-solit\u00e0 i Plegamans, Teatre Tantarantana.<\/p>\n<p>&nbsp;<\/p>\n<p>MEDIA PARTNERS:<\/p>\n<p><a href=\"http:\/\/www.nuvol.com\">N\u00favol.com<\/a>, <a href=\"http:\/\/radio.molinsderei.org\">R\u00e0dio Molins de Rei<\/a>, <a href=\"http:\/\/aedo.tv\">Aedo Social Films<\/a><\/p>\n<p>&nbsp;<\/p>\n<p>Direcci\u00f3: <a href=\"http:\/\/www.rubenmartinezsantana.com\" target=\"_blank\"><strong>Rub\u00e9n Mart\u00ednez Santana<\/strong><\/a><\/p>\n<p>Relacions Institucionals: <strong>Ant\u00f2nia Robles <\/strong>(<a title=\"Descarrega\u2019t el programa complet en PDF!\" href=\"http:\/\/patillimona.net\/\">patillimona.net<\/a>)<strong><br \/>\n<\/strong><\/p>\n<p>Coordinaci\u00f3 Voluntariat: <strong>Pedro Forc\u00e9n<br \/>\n<\/strong><\/p>\n<p>Gesti\u00f3 de Projectes: <strong>Laura Rinc\u00f3n<\/strong><\/p>\n<p>Coordinaci\u00f3 Munt d&#8217;Il\u00b7lustracions: <strong>Maya Fern\u00e1ndez<\/strong><\/p>\n<p>Difusi\u00f3 i Comunicaci\u00f3: <strong>Andreu Merino, Josep Carbonell i<\/strong>\u00a0 <strong>Oriol Toro <\/strong>(Premsa i comunicaci\u00f3), Quim Perell\u00f3 (webmaster), <a href=\"http:\/\/www.intelisen.com\/\" target=\"_blank\"><strong>Juan Pablo Fuentes <\/strong><\/a>(Serveis d\u2019Internet)<\/p>\n<p>Imatge: <strong>Alekos<\/strong><\/p>\n<p>Disseny Gr\u00e0fic: <a href=\"http:\/\/ximenachapero.com\/\" target=\"_blank\"><strong>Ximena Chapero<\/strong><\/a><\/p>\n<p>Traducci\u00f3 i Correcci\u00f3:<strong> Alicia Molina i \u00c0ngels Aisa<\/strong><\/p>\n<p>Audiovisuals: <a href=\"aedo.tv\"><strong>Aedo Social Films<\/strong><\/a><\/p>\n<p><a href=\"http:\/\/www.muntdemots.org\/2014\/wp-content\/uploads\/2012\/07\/DSC_0095.jpg\"><img decoding=\"async\" loading=\"lazy\" class=\"alignright  wp-image-7512\" src=\"http:\/\/www.muntdemots.org\/2014\/wp-content\/uploads\/2012\/07\/DSC_0095-1024x682.jpg\" alt=\"DSC_0095\" width=\"720\" height=\"480\" srcset=\"http:\/\/www.muntdemots.org\/2014\/wp-content\/uploads\/2012\/07\/DSC_0095-1024x682.jpg 1024w, http:\/\/www.muntdemots.org\/2014\/wp-content\/uploads\/2012\/07\/DSC_0095-300x200.jpg 300w, http:\/\/www.muntdemots.org\/2014\/wp-content\/uploads\/2012\/07\/DSC_0095-420x280.jpg 420w\" sizes=\"(max-width: 720px) 100vw, 720px\" \/><\/a><\/p>\n","protected":false},"excerpt":{"rendered":"<p>ORGANITZA: &nbsp; &nbsp; &nbsp; &nbsp; &nbsp; &nbsp; &nbsp; &nbsp; &nbsp; PATROCINA: &nbsp; &nbsp; MICRO-MECENES: \u00a0i 26 donacions an\u00f2nimes!\u00a0 Moltes gr\u00e0cies!!! &nbsp; COL.LABORA: Associaci\u00f3 de Narradores i Narradors, Ajuntament de Palau-solit\u00e0 i Plegamans, Biblioteques de Gav\u00e0, Casa Am\u00e8rica Catalunya, Centre d\u2019Estudis Musicals Mar\u00eda Grever, Contes a l&#8217;Astrolabi, Contes i Cuentos, Clara Sanabras, Ediciones Ekar\u00e9, Editorial Baula, [&hellip;]<\/p>\n","protected":false},"author":1,"featured_media":0,"parent":0,"menu_order":0,"comment_status":"open","ping_status":"closed","template":"","meta":{"_mi_skip_tracking":false},"yoast_head":"<!-- This site is optimized with the Yoast SEO plugin v20.5 - https:\/\/yoast.com\/wordpress\/plugins\/seo\/ -->\n<title>Cr\u00e8dits - Munt de Mots<\/title>\n<meta name=\"robots\" content=\"index, follow, max-snippet:-1, max-image-preview:large, max-video-preview:-1\" \/>\n<link rel=\"canonical\" href=\"http:\/\/www.muntdemots.org\/2014\/credits\/\" \/>\n<meta property=\"og:locale\" content=\"ca_ES\" \/>\n<meta property=\"og:type\" content=\"article\" \/>\n<meta property=\"og:title\" content=\"Cr\u00e8dits - Munt de Mots\" \/>\n<meta property=\"og:description\" content=\"ORGANITZA: &nbsp; &nbsp; &nbsp; &nbsp; &nbsp; &nbsp; &nbsp; &nbsp; &nbsp; PATROCINA: &nbsp; &nbsp; MICRO-MECENES: \u00a0i 26 donacions an\u00f2nimes!\u00a0 Moltes gr\u00e0cies!!! &nbsp; COL.LABORA: Associaci\u00f3 de Narradores i Narradors, Ajuntament de Palau-solit\u00e0 i Plegamans, Biblioteques de Gav\u00e0, Casa Am\u00e8rica Catalunya, Centre d\u2019Estudis Musicals Mar\u00eda Grever, Contes a l&#8217;Astrolabi, Contes i Cuentos, Clara Sanabras, Ediciones Ekar\u00e9, Editorial Baula, [&hellip;]\" \/>\n<meta property=\"og:url\" content=\"http:\/\/www.muntdemots.org\/2014\/credits\/\" \/>\n<meta property=\"og:site_name\" content=\"Munt de Mots\" \/>\n<meta property=\"article:publisher\" content=\"https:\/\/www.facebook.com\/FestivalMuntdeMots\" \/>\n<meta property=\"article:modified_time\" content=\"2014-10-10T07:36:54+00:00\" \/>\n<meta property=\"og:image\" content=\"http:\/\/www.muntdemots.org\/2013\/wp-content\/uploads\/2013\/07\/munt-de-paraules-300x222.jpg\" \/>\n<meta name=\"twitter:card\" content=\"summary_large_image\" \/>\n<meta name=\"twitter:site\" content=\"@muntdemots\" \/>\n<meta name=\"twitter:label1\" content=\"Temps estimat de lectura\" \/>\n\t<meta name=\"twitter:data1\" content=\"1 minut\" \/>\n<script type=\"application\/ld+json\" class=\"yoast-schema-graph\">{\"@context\":\"https:\/\/schema.org\",\"@graph\":[{\"@type\":\"WebPage\",\"@id\":\"http:\/\/www.muntdemots.org\/2014\/credits\/\",\"url\":\"http:\/\/www.muntdemots.org\/2014\/credits\/\",\"name\":\"Cr\u00e8dits - Munt de Mots\",\"isPartOf\":{\"@id\":\"https:\/\/www.muntdemots.org\/2014\/#website\"},\"datePublished\":\"2012-07-01T16:30:52+00:00\",\"dateModified\":\"2014-10-10T07:36:54+00:00\",\"breadcrumb\":{\"@id\":\"http:\/\/www.muntdemots.org\/2014\/credits\/#breadcrumb\"},\"inLanguage\":\"ca\",\"potentialAction\":[{\"@type\":\"ReadAction\",\"target\":[\"http:\/\/www.muntdemots.org\/2014\/credits\/\"]}]},{\"@type\":\"BreadcrumbList\",\"@id\":\"http:\/\/www.muntdemots.org\/2014\/credits\/#breadcrumb\",\"itemListElement\":[{\"@type\":\"ListItem\",\"position\":1,\"name\":\"Inici\",\"item\":\"https:\/\/www.muntdemots.org\/2014\/\"},{\"@type\":\"ListItem\",\"position\":2,\"name\":\"Cr\u00e8dits\"}]},{\"@type\":\"WebSite\",\"@id\":\"https:\/\/www.muntdemots.org\/2014\/#website\",\"url\":\"https:\/\/www.muntdemots.org\/2014\/\",\"name\":\"Munt de Mots\",\"description\":\"\",\"potentialAction\":[{\"@type\":\"SearchAction\",\"target\":{\"@type\":\"EntryPoint\",\"urlTemplate\":\"https:\/\/www.muntdemots.org\/2014\/?s={search_term_string}\"},\"query-input\":\"required name=search_term_string\"}],\"inLanguage\":\"ca\"}]}<\/script>\n<!-- \/ Yoast SEO plugin. -->","yoast_head_json":{"title":"Cr\u00e8dits - Munt de Mots","robots":{"index":"index","follow":"follow","max-snippet":"max-snippet:-1","max-image-preview":"max-image-preview:large","max-video-preview":"max-video-preview:-1"},"canonical":"http:\/\/www.muntdemots.org\/2014\/credits\/","og_locale":"ca_ES","og_type":"article","og_title":"Cr\u00e8dits - Munt de Mots","og_description":"ORGANITZA: &nbsp; &nbsp; &nbsp; &nbsp; &nbsp; &nbsp; &nbsp; &nbsp; &nbsp; PATROCINA: &nbsp; &nbsp; MICRO-MECENES: \u00a0i 26 donacions an\u00f2nimes!\u00a0 Moltes gr\u00e0cies!!! &nbsp; COL.LABORA: Associaci\u00f3 de Narradores i Narradors, Ajuntament de Palau-solit\u00e0 i Plegamans, Biblioteques de Gav\u00e0, Casa Am\u00e8rica Catalunya, Centre d\u2019Estudis Musicals Mar\u00eda Grever, Contes a l&#8217;Astrolabi, Contes i Cuentos, Clara Sanabras, Ediciones Ekar\u00e9, Editorial Baula, [&hellip;]","og_url":"http:\/\/www.muntdemots.org\/2014\/credits\/","og_site_name":"Munt de Mots","article_publisher":"https:\/\/www.facebook.com\/FestivalMuntdeMots","article_modified_time":"2014-10-10T07:36:54+00:00","og_image":[{"url":"http:\/\/www.muntdemots.org\/2013\/wp-content\/uploads\/2013\/07\/munt-de-paraules-300x222.jpg"}],"twitter_card":"summary_large_image","twitter_site":"@muntdemots","twitter_misc":{"Temps estimat de lectura":"1 minut"},"schema":{"@context":"https:\/\/schema.org","@graph":[{"@type":"WebPage","@id":"http:\/\/www.muntdemots.org\/2014\/credits\/","url":"http:\/\/www.muntdemots.org\/2014\/credits\/","name":"Cr\u00e8dits - Munt de Mots","isPartOf":{"@id":"https:\/\/www.muntdemots.org\/2014\/#website"},"datePublished":"2012-07-01T16:30:52+00:00","dateModified":"2014-10-10T07:36:54+00:00","breadcrumb":{"@id":"http:\/\/www.muntdemots.org\/2014\/credits\/#breadcrumb"},"inLanguage":"ca","potentialAction":[{"@type":"ReadAction","target":["http:\/\/www.muntdemots.org\/2014\/credits\/"]}]},{"@type":"BreadcrumbList","@id":"http:\/\/www.muntdemots.org\/2014\/credits\/#breadcrumb","itemListElement":[{"@type":"ListItem","position":1,"name":"Inici","item":"https:\/\/www.muntdemots.org\/2014\/"},{"@type":"ListItem","position":2,"name":"Cr\u00e8dits"}]},{"@type":"WebSite","@id":"https:\/\/www.muntdemots.org\/2014\/#website","url":"https:\/\/www.muntdemots.org\/2014\/","name":"Munt de Mots","description":"","potentialAction":[{"@type":"SearchAction","target":{"@type":"EntryPoint","urlTemplate":"https:\/\/www.muntdemots.org\/2014\/?s={search_term_string}"},"query-input":"required name=search_term_string"}],"inLanguage":"ca"}]}},"_links":{"self":[{"href":"http:\/\/www.muntdemots.org\/2014\/wp-json\/wp\/v2\/pages\/255"}],"collection":[{"href":"http:\/\/www.muntdemots.org\/2014\/wp-json\/wp\/v2\/pages"}],"about":[{"href":"http:\/\/www.muntdemots.org\/2014\/wp-json\/wp\/v2\/types\/page"}],"author":[{"embeddable":true,"href":"http:\/\/www.muntdemots.org\/2014\/wp-json\/wp\/v2\/users\/1"}],"replies":[{"embeddable":true,"href":"http:\/\/www.muntdemots.org\/2014\/wp-json\/wp\/v2\/comments?post=255"}],"version-history":[{"count":51,"href":"http:\/\/www.muntdemots.org\/2014\/wp-json\/wp\/v2\/pages\/255\/revisions"}],"predecessor-version":[{"id":7514,"href":"http:\/\/www.muntdemots.org\/2014\/wp-json\/wp\/v2\/pages\/255\/revisions\/7514"}],"wp:attachment":[{"href":"http:\/\/www.muntdemots.org\/2014\/wp-json\/wp\/v2\/media?parent=255"}],"curies":[{"name":"wp","href":"https:\/\/api.w.org\/{rel}","templated":true}]}}